{"id":94,"date":"2018-04-28T12:24:51","date_gmt":"2018-04-28T10:24:51","guid":{"rendered":"http:\/\/poweroflife.dk\/?page_id=94"},"modified":"2020-01-19T15:28:39","modified_gmt":"2020-01-19T14:28:39","slug":"energimassage","status":"publish","type":"page","link":"https:\/\/poweroflife.dk\/?page_id=94","title":{"rendered":"Energimassage"},"content":{"rendered":"<p>En dejlig oplevelse til at opn\u00e5 velv\u00e6re og overskud.<\/p>\n<p>Energimassage er med til at l\u00f8sne op for sp\u00e6ndinger og blokeringer der har sat sig i din krop, s\u00e5 du efterf\u00f8lgende kan f\u00f8le dig afslappet og med fornyet energi.<br \/>Kroppen afsp\u00e6ndes og blokeringer opl\u00f8ses, s\u00e5 energien i hele kroppen til at flyde uhindret. Giver kroppen mulighed for at hele sig selv.<\/p>\n<p>Energimassage er en blid massage hvor der veksles mellem lange, rolige og dybtg\u00e5ende str\u00f8g og hvor h\u00e6nderne blot hviler p\u00e5 kroppen, for at l\u00f8se sp\u00e6ndinger og skabe energi flow. Og afslutter med en kort healing.<\/p>\n<p>Du bliver masseret p\u00e5 dine ben, ryg, samt skuldre og arme.<\/p>\n<p>Selve energimassagen foreg\u00e5r p\u00e5 en briks, hvor du ligger i undert\u00f8j, d\u00e6kket af lagen\/h\u00e5ndkl\u00e6de. <br \/>Selv om jeg bruger duftfri olie, kan de give misfarvninger p\u00e5 undert\u00f8jet, s\u00e5 tag ikke det nyeste p\u00e5.<img loading=\"lazy\" decoding=\"async\" class=\"size-medium wp-image-227 alignright\" src=\"http:\/\/poweroflife.dk\/wp-content\/uploads\/2019\/01\/P1040481-300x225.jpg\" alt=\"\" width=\"300\" height=\"225\" srcset=\"https:\/\/poweroflife.dk\/wp-content\/uploads\/2019\/01\/P1040481-300x225.jpg 300w, https:\/\/poweroflife.dk\/wp-content\/uploads\/2019\/01\/P1040481-768x576.jpg 768w, https:\/\/poweroflife.dk\/wp-content\/uploads\/2019\/01\/P1040481-1024x768.jpg 1024w\" sizes=\"auto, (max-width: 300px) 85vw, 300px\" \/><\/p>\n<p>Det er vigtigt at drikke rigeligt med vand efter en behandling, da det fremmer den udrensning der er sat i gang.<\/p>\n\n\n<p><\/p>\n","protected":false},"excerpt":{"rendered":"<p>En dejlig oplevelse til at opn\u00e5 velv\u00e6re og overskud. Energimassage er med til at l\u00f8sne op for sp\u00e6ndinger og blokeringer der har sat sig i din krop, s\u00e5 du efterf\u00f8lgende kan f\u00f8le dig afslappet og med fornyet energi.Kroppen afsp\u00e6ndes og blokeringer opl\u00f8ses, s\u00e5 energien i hele kroppen til at flyde uhindret. Giver kroppen mulighed for &hellip; <a href=\"https:\/\/poweroflife.dk\/?page_id=94\" class=\"more-link\">L\u00e6s videre<span class=\"screen-reader-text\"> &#8220;Energimassage&#8221;<\/span><\/a><\/p>\n","protected":false},"author":1,"featured_media":0,"parent":0,"menu_order":0,"comment_status":"closed","ping_status":"closed","template":"","meta":{"footnotes":""},"class_list":["post-94","page","type-page","status-publish","hentry"],"yoast_head":"<!-- This site is optimized with the Yoast SEO plugin v25.5 - https:\/\/yoast.com\/wordpress\/plugins\/seo\/ -->\n<title>Energimassage -<\/title>\n<meta name=\"robots\" content=\"index, follow, max-snippet:-1, max-image-preview:large, max-video-preview:-1\" \/>\n<link rel=\"canonical\" href=\"https:\/\/poweroflife.dk\/?page_id=94\" \/>\n<meta property=\"og:locale\" content=\"da_DK\" \/>\n<meta property=\"og:type\" content=\"article\" \/>\n<meta property=\"og:title\" content=\"Energimassage -\" \/>\n<meta property=\"og:description\" content=\"En dejlig oplevelse til at opn\u00e5 velv\u00e6re og overskud. Energimassage er med til at l\u00f8sne op for sp\u00e6ndinger og blokeringer der har sat sig i din krop, s\u00e5 du efterf\u00f8lgende kan f\u00f8le dig afslappet og med fornyet energi.Kroppen afsp\u00e6ndes og blokeringer opl\u00f8ses, s\u00e5 energien i hele kroppen til at flyde uhindret. Giver kroppen mulighed for &hellip; L\u00e6s videre &quot;Energimassage&quot;\" \/>\n<meta property=\"og:url\" content=\"https:\/\/poweroflife.dk\/?page_id=94\" \/>\n<meta property=\"article:modified_time\" content=\"2020-01-19T14:28:39+00:00\" \/>\n<meta property=\"og:image\" content=\"http:\/\/poweroflife.dk\/wp-content\/uploads\/2019\/01\/P1040481-300x225.jpg\" \/>\n<meta name=\"twitter:card\" content=\"summary_large_image\" \/>\n<meta name=\"twitter:label1\" content=\"Estimeret l\u00e6setid\" \/>\n\t<meta name=\"twitter:data1\" content=\"1 minut\" \/>\n<script type=\"application\/ld+json\" class=\"yoast-schema-graph\">{\"@context\":\"https:\/\/schema.org\",\"@graph\":[{\"@type\":\"WebPage\",\"@id\":\"https:\/\/poweroflife.dk\/?page_id=94\",\"url\":\"https:\/\/poweroflife.dk\/?page_id=94\",\"name\":\"Energimassage -\",\"isPartOf\":{\"@id\":\"http:\/\/poweroflife.dk\/#website\"},\"primaryImageOfPage\":{\"@id\":\"https:\/\/poweroflife.dk\/?page_id=94#primaryimage\"},\"image\":{\"@id\":\"https:\/\/poweroflife.dk\/?page_id=94#primaryimage\"},\"thumbnailUrl\":\"http:\/\/poweroflife.dk\/wp-content\/uploads\/2019\/01\/P1040481-300x225.jpg\",\"datePublished\":\"2018-04-28T10:24:51+00:00\",\"dateModified\":\"2020-01-19T14:28:39+00:00\",\"breadcrumb\":{\"@id\":\"https:\/\/poweroflife.dk\/?page_id=94#breadcrumb\"},\"inLanguage\":\"da-DK\",\"potentialAction\":[{\"@type\":\"ReadAction\",\"target\":[\"https:\/\/poweroflife.dk\/?page_id=94\"]}]},{\"@type\":\"ImageObject\",\"inLanguage\":\"da-DK\",\"@id\":\"https:\/\/poweroflife.dk\/?page_id=94#primaryimage\",\"url\":\"http:\/\/poweroflife.dk\/wp-content\/uploads\/2019\/01\/P1040481-300x225.jpg\",\"contentUrl\":\"http:\/\/poweroflife.dk\/wp-content\/uploads\/2019\/01\/P1040481-300x225.jpg\"},{\"@type\":\"BreadcrumbList\",\"@id\":\"https:\/\/poweroflife.dk\/?page_id=94#breadcrumb\",\"itemListElement\":[{\"@type\":\"ListItem\",\"position\":1,\"name\":\"Hjem\",\"item\":\"http:\/\/poweroflife.dk\/\"},{\"@type\":\"ListItem\",\"position\":2,\"name\":\"Energimassage\"}]},{\"@type\":\"WebSite\",\"@id\":\"http:\/\/poweroflife.dk\/#website\",\"url\":\"http:\/\/poweroflife.dk\/\",\"name\":\"Power of life\",\"description\":\"Livsenergi, som hj\u00e6lper din krop, sind og sj\u00e6l med at kommer i balance\",\"publisher\":{\"@id\":\"http:\/\/poweroflife.dk\/#organization\"},\"potentialAction\":[{\"@type\":\"SearchAction\",\"target\":{\"@type\":\"EntryPoint\",\"urlTemplate\":\"http:\/\/poweroflife.dk\/?s={search_term_string}\"},\"query-input\":{\"@type\":\"PropertyValueSpecification\",\"valueRequired\":true,\"valueName\":\"search_term_string\"}}],\"inLanguage\":\"da-DK\"},{\"@type\":\"Organization\",\"@id\":\"http:\/\/poweroflife.dk\/#organization\",\"name\":\"Power of life\",\"url\":\"http:\/\/poweroflife.dk\/\",\"logo\":{\"@type\":\"ImageObject\",\"inLanguage\":\"da-DK\",\"@id\":\"http:\/\/poweroflife.dk\/#\/schema\/logo\/image\/\",\"url\":\"https:\/\/poweroflife.dk\/wp-content\/uploads\/2019\/03\/cropped-Udklip-e1554031735995-1.jpg\",\"contentUrl\":\"https:\/\/poweroflife.dk\/wp-content\/uploads\/2019\/03\/cropped-Udklip-e1554031735995-1.jpg\",\"width\":240,\"height\":57,\"caption\":\"Power of life\"},\"image\":{\"@id\":\"http:\/\/poweroflife.dk\/#\/schema\/logo\/image\/\"}}]}<\/script>\n<!-- \/ Yoast SEO plugin. -->","yoast_head_json":{"title":"Energimassage -","robots":{"index":"index","follow":"follow","max-snippet":"max-snippet:-1","max-image-preview":"max-image-preview:large","max-video-preview":"max-video-preview:-1"},"canonical":"https:\/\/poweroflife.dk\/?page_id=94","og_locale":"da_DK","og_type":"article","og_title":"Energimassage -","og_description":"En dejlig oplevelse til at opn\u00e5 velv\u00e6re og overskud. Energimassage er med til at l\u00f8sne op for sp\u00e6ndinger og blokeringer der har sat sig i din krop, s\u00e5 du efterf\u00f8lgende kan f\u00f8le dig afslappet og med fornyet energi.Kroppen afsp\u00e6ndes og blokeringer opl\u00f8ses, s\u00e5 energien i hele kroppen til at flyde uhindret. Giver kroppen mulighed for &hellip; L\u00e6s videre \"Energimassage\"","og_url":"https:\/\/poweroflife.dk\/?page_id=94","article_modified_time":"2020-01-19T14:28:39+00:00","og_image":[{"url":"http:\/\/poweroflife.dk\/wp-content\/uploads\/2019\/01\/P1040481-300x225.jpg","type":"","width":"","height":""}],"twitter_card":"summary_large_image","twitter_misc":{"Estimeret l\u00e6setid":"1 minut"},"schema":{"@context":"https:\/\/schema.org","@graph":[{"@type":"WebPage","@id":"https:\/\/poweroflife.dk\/?page_id=94","url":"https:\/\/poweroflife.dk\/?page_id=94","name":"Energimassage -","isPartOf":{"@id":"http:\/\/poweroflife.dk\/#website"},"primaryImageOfPage":{"@id":"https:\/\/poweroflife.dk\/?page_id=94#primaryimage"},"image":{"@id":"https:\/\/poweroflife.dk\/?page_id=94#primaryimage"},"thumbnailUrl":"http:\/\/poweroflife.dk\/wp-content\/uploads\/2019\/01\/P1040481-300x225.jpg","datePublished":"2018-04-28T10:24:51+00:00","dateModified":"2020-01-19T14:28:39+00:00","breadcrumb":{"@id":"https:\/\/poweroflife.dk\/?page_id=94#breadcrumb"},"inLanguage":"da-DK","potentialAction":[{"@type":"ReadAction","target":["https:\/\/poweroflife.dk\/?page_id=94"]}]},{"@type":"ImageObject","inLanguage":"da-DK","@id":"https:\/\/poweroflife.dk\/?page_id=94#primaryimage","url":"http:\/\/poweroflife.dk\/wp-content\/uploads\/2019\/01\/P1040481-300x225.jpg","contentUrl":"http:\/\/poweroflife.dk\/wp-content\/uploads\/2019\/01\/P1040481-300x225.jpg"},{"@type":"BreadcrumbList","@id":"https:\/\/poweroflife.dk\/?page_id=94#breadcrumb","itemListElement":[{"@type":"ListItem","position":1,"name":"Hjem","item":"http:\/\/poweroflife.dk\/"},{"@type":"ListItem","position":2,"name":"Energimassage"}]},{"@type":"WebSite","@id":"http:\/\/poweroflife.dk\/#website","url":"http:\/\/poweroflife.dk\/","name":"Power of life","description":"Livsenergi, som hj\u00e6lper din krop, sind og sj\u00e6l med at kommer i balance","publisher":{"@id":"http:\/\/poweroflife.dk\/#organization"},"potentialAction":[{"@type":"SearchAction","target":{"@type":"EntryPoint","urlTemplate":"http:\/\/poweroflife.dk\/?s={search_term_string}"},"query-input":{"@type":"PropertyValueSpecification","valueRequired":true,"valueName":"search_term_string"}}],"inLanguage":"da-DK"},{"@type":"Organization","@id":"http:\/\/poweroflife.dk\/#organization","name":"Power of life","url":"http:\/\/poweroflife.dk\/","logo":{"@type":"ImageObject","inLanguage":"da-DK","@id":"http:\/\/poweroflife.dk\/#\/schema\/logo\/image\/","url":"https:\/\/poweroflife.dk\/wp-content\/uploads\/2019\/03\/cropped-Udklip-e1554031735995-1.jpg","contentUrl":"https:\/\/poweroflife.dk\/wp-content\/uploads\/2019\/03\/cropped-Udklip-e1554031735995-1.jpg","width":240,"height":57,"caption":"Power of life"},"image":{"@id":"http:\/\/poweroflife.dk\/#\/schema\/logo\/image\/"}}]}},"_links":{"self":[{"href":"https:\/\/poweroflife.dk\/index.php?rest_route=\/wp\/v2\/pages\/94","targetHints":{"allow":["GET"]}}],"collection":[{"href":"https:\/\/poweroflife.dk\/index.php?rest_route=\/wp\/v2\/pages"}],"about":[{"href":"https:\/\/poweroflife.dk\/index.php?rest_route=\/wp\/v2\/types\/page"}],"author":[{"embeddable":true,"href":"https:\/\/poweroflife.dk\/index.php?rest_route=\/wp\/v2\/users\/1"}],"replies":[{"embeddable":true,"href":"https:\/\/poweroflife.dk\/index.php?rest_route=%2Fwp%2Fv2%2Fcomments&post=94"}],"version-history":[{"count":6,"href":"https:\/\/poweroflife.dk\/index.php?rest_route=\/wp\/v2\/pages\/94\/revisions"}],"predecessor-version":[{"id":322,"href":"https:\/\/poweroflife.dk\/index.php?rest_route=\/wp\/v2\/pages\/94\/revisions\/322"}],"wp:attachment":[{"href":"https:\/\/poweroflife.dk\/index.php?rest_route=%2Fwp%2Fv2%2Fmedia&parent=94"}],"curies":[{"name":"wp","href":"https:\/\/api.w.org\/{rel}","templated":true}]}}