{"id":91,"date":"2018-04-28T12:23:36","date_gmt":"2018-04-28T10:23:36","guid":{"rendered":"http:\/\/poweroflife.dk\/?page_id=91"},"modified":"2020-01-19T15:39:02","modified_gmt":"2020-01-19T14:39:02","slug":"fjern-healing","status":"publish","type":"page","link":"https:\/\/poweroflife.dk\/?page_id=91","title":{"rendered":"Fjern Healing"},"content":{"rendered":"<p>Fjern healing udf\u00f8res, n\u00e5r det ikke er muligt for os at m\u00f8des fysisk.<br \/>\nUniversets energi er ikke underlagt fysiske rammer, tid og sted, s\u00e5 det er lige s\u00e5 effektivt, som hvis (vi er samme sted) healingen foregik i min klinik.<\/p>\n<p>Vi aftaler en dato og tidspunkt for fjern healingen, og jeg skal have dit navn og den adresse du befinder dig p\u00e5 under healingen.<br \/>\nDu skal sidde eller ligge behageligt og slappe af, uden forstyrrelser af andre mennesker, telefon og husdyr.<\/p>\n<p>Selve healingen vare typisk 30 min.<br \/>\nF\u00f8r\u00a0behandlingen tales vi ved pr. telefon. Hvor vi kan tale om hvad du vil have fokus p\u00e5, og\u00a0m\u00e5ske du har nogle sp\u00f8rgsm\u00e5l.<\/p>\n<p>Det er vigtigt at drikke rigeligt med vand efter en behandling, da det fremmer den udrensning der er sat i gang.<\/p>\n","protected":false},"excerpt":{"rendered":"<p>Fjern healing udf\u00f8res, n\u00e5r det ikke er muligt for os at m\u00f8des fysisk. Universets energi er ikke underlagt fysiske rammer, tid og sted, s\u00e5 det er lige s\u00e5 effektivt, som hvis (vi er samme sted) healingen foregik i min klinik. Vi aftaler en dato og tidspunkt for fjern healingen, og jeg skal have dit navn &hellip; <a href=\"https:\/\/poweroflife.dk\/?page_id=91\" class=\"more-link\">L\u00e6s videre<span class=\"screen-reader-text\"> &#8220;Fjern Healing&#8221;<\/span><\/a><\/p>\n","protected":false},"author":1,"featured_media":0,"parent":0,"menu_order":0,"comment_status":"closed","ping_status":"closed","template":"","meta":{"footnotes":""},"class_list":["post-91","page","type-page","status-publish","hentry"],"yoast_head":"<!-- This site is optimized with the Yoast SEO plugin v25.5 - https:\/\/yoast.com\/wordpress\/plugins\/seo\/ -->\n<title>Fjern Healing -<\/title>\n<meta name=\"robots\" content=\"index, follow, max-snippet:-1, max-image-preview:large, max-video-preview:-1\" \/>\n<link rel=\"canonical\" href=\"http:\/\/poweroflife.dk\/?page_id=91\" \/>\n<meta property=\"og:locale\" content=\"da_DK\" \/>\n<meta property=\"og:type\" content=\"article\" \/>\n<meta property=\"og:title\" content=\"Fjern Healing -\" \/>\n<meta property=\"og:description\" content=\"Fjern healing udf\u00f8res, n\u00e5r det ikke er muligt for os at m\u00f8des fysisk. Universets energi er ikke underlagt fysiske rammer, tid og sted, s\u00e5 det er lige s\u00e5 effektivt, som hvis (vi er samme sted) healingen foregik i min klinik. Vi aftaler en dato og tidspunkt for fjern healingen, og jeg skal have dit navn &hellip; L\u00e6s videre &quot;Fjern Healing&quot;\" \/>\n<meta property=\"og:url\" content=\"http:\/\/poweroflife.dk\/?page_id=91\" \/>\n<meta property=\"article:modified_time\" content=\"2020-01-19T14:39:02+00:00\" \/>\n<meta name=\"twitter:card\" content=\"summary_large_image\" \/>\n<meta name=\"twitter:label1\" content=\"Estimeret l\u00e6setid\" \/>\n\t<meta name=\"twitter:data1\" content=\"1 minut\" \/>\n<script type=\"application\/ld+json\" class=\"yoast-schema-graph\">{\"@context\":\"https:\/\/schema.org\",\"@graph\":[{\"@type\":\"WebPage\",\"@id\":\"http:\/\/poweroflife.dk\/?page_id=91\",\"url\":\"http:\/\/poweroflife.dk\/?page_id=91\",\"name\":\"Fjern Healing -\",\"isPartOf\":{\"@id\":\"http:\/\/poweroflife.dk\/#website\"},\"datePublished\":\"2018-04-28T10:23:36+00:00\",\"dateModified\":\"2020-01-19T14:39:02+00:00\",\"breadcrumb\":{\"@id\":\"http:\/\/poweroflife.dk\/?page_id=91#breadcrumb\"},\"inLanguage\":\"da-DK\",\"potentialAction\":[{\"@type\":\"ReadAction\",\"target\":[\"http:\/\/poweroflife.dk\/?page_id=91\"]}]},{\"@type\":\"BreadcrumbList\",\"@id\":\"http:\/\/poweroflife.dk\/?page_id=91#breadcrumb\",\"itemListElement\":[{\"@type\":\"ListItem\",\"position\":1,\"name\":\"Hjem\",\"item\":\"http:\/\/poweroflife.dk\/\"},{\"@type\":\"ListItem\",\"position\":2,\"name\":\"Fjern Healing\"}]},{\"@type\":\"WebSite\",\"@id\":\"http:\/\/poweroflife.dk\/#website\",\"url\":\"http:\/\/poweroflife.dk\/\",\"name\":\"Power of life\",\"description\":\"Livsenergi, som hj\u00e6lper din krop, sind og sj\u00e6l med at kommer i balance\",\"publisher\":{\"@id\":\"http:\/\/poweroflife.dk\/#organization\"},\"potentialAction\":[{\"@type\":\"SearchAction\",\"target\":{\"@type\":\"EntryPoint\",\"urlTemplate\":\"http:\/\/poweroflife.dk\/?s={search_term_string}\"},\"query-input\":{\"@type\":\"PropertyValueSpecification\",\"valueRequired\":true,\"valueName\":\"search_term_string\"}}],\"inLanguage\":\"da-DK\"},{\"@type\":\"Organization\",\"@id\":\"http:\/\/poweroflife.dk\/#organization\",\"name\":\"Power of life\",\"url\":\"http:\/\/poweroflife.dk\/\",\"logo\":{\"@type\":\"ImageObject\",\"inLanguage\":\"da-DK\",\"@id\":\"http:\/\/poweroflife.dk\/#\/schema\/logo\/image\/\",\"url\":\"https:\/\/poweroflife.dk\/wp-content\/uploads\/2019\/03\/cropped-Udklip-e1554031735995-1.jpg\",\"contentUrl\":\"https:\/\/poweroflife.dk\/wp-content\/uploads\/2019\/03\/cropped-Udklip-e1554031735995-1.jpg\",\"width\":240,\"height\":57,\"caption\":\"Power of life\"},\"image\":{\"@id\":\"http:\/\/poweroflife.dk\/#\/schema\/logo\/image\/\"}}]}<\/script>\n<!-- \/ Yoast SEO plugin. -->","yoast_head_json":{"title":"Fjern Healing -","robots":{"index":"index","follow":"follow","max-snippet":"max-snippet:-1","max-image-preview":"max-image-preview:large","max-video-preview":"max-video-preview:-1"},"canonical":"http:\/\/poweroflife.dk\/?page_id=91","og_locale":"da_DK","og_type":"article","og_title":"Fjern Healing -","og_description":"Fjern healing udf\u00f8res, n\u00e5r det ikke er muligt for os at m\u00f8des fysisk. Universets energi er ikke underlagt fysiske rammer, tid og sted, s\u00e5 det er lige s\u00e5 effektivt, som hvis (vi er samme sted) healingen foregik i min klinik. Vi aftaler en dato og tidspunkt for fjern healingen, og jeg skal have dit navn &hellip; L\u00e6s videre \"Fjern Healing\"","og_url":"http:\/\/poweroflife.dk\/?page_id=91","article_modified_time":"2020-01-19T14:39:02+00:00","twitter_card":"summary_large_image","twitter_misc":{"Estimeret l\u00e6setid":"1 minut"},"schema":{"@context":"https:\/\/schema.org","@graph":[{"@type":"WebPage","@id":"http:\/\/poweroflife.dk\/?page_id=91","url":"http:\/\/poweroflife.dk\/?page_id=91","name":"Fjern Healing -","isPartOf":{"@id":"http:\/\/poweroflife.dk\/#website"},"datePublished":"2018-04-28T10:23:36+00:00","dateModified":"2020-01-19T14:39:02+00:00","breadcrumb":{"@id":"http:\/\/poweroflife.dk\/?page_id=91#breadcrumb"},"inLanguage":"da-DK","potentialAction":[{"@type":"ReadAction","target":["http:\/\/poweroflife.dk\/?page_id=91"]}]},{"@type":"BreadcrumbList","@id":"http:\/\/poweroflife.dk\/?page_id=91#breadcrumb","itemListElement":[{"@type":"ListItem","position":1,"name":"Hjem","item":"http:\/\/poweroflife.dk\/"},{"@type":"ListItem","position":2,"name":"Fjern Healing"}]},{"@type":"WebSite","@id":"http:\/\/poweroflife.dk\/#website","url":"http:\/\/poweroflife.dk\/","name":"Power of life","description":"Livsenergi, som hj\u00e6lper din krop, sind og sj\u00e6l med at kommer i balance","publisher":{"@id":"http:\/\/poweroflife.dk\/#organization"},"potentialAction":[{"@type":"SearchAction","target":{"@type":"EntryPoint","urlTemplate":"http:\/\/poweroflife.dk\/?s={search_term_string}"},"query-input":{"@type":"PropertyValueSpecification","valueRequired":true,"valueName":"search_term_string"}}],"inLanguage":"da-DK"},{"@type":"Organization","@id":"http:\/\/poweroflife.dk\/#organization","name":"Power of life","url":"http:\/\/poweroflife.dk\/","logo":{"@type":"ImageObject","inLanguage":"da-DK","@id":"http:\/\/poweroflife.dk\/#\/schema\/logo\/image\/","url":"https:\/\/poweroflife.dk\/wp-content\/uploads\/2019\/03\/cropped-Udklip-e1554031735995-1.jpg","contentUrl":"https:\/\/poweroflife.dk\/wp-content\/uploads\/2019\/03\/cropped-Udklip-e1554031735995-1.jpg","width":240,"height":57,"caption":"Power of life"},"image":{"@id":"http:\/\/poweroflife.dk\/#\/schema\/logo\/image\/"}}]}},"_links":{"self":[{"href":"https:\/\/poweroflife.dk\/index.php?rest_route=\/wp\/v2\/pages\/91","targetHints":{"allow":["GET"]}}],"collection":[{"href":"https:\/\/poweroflife.dk\/index.php?rest_route=\/wp\/v2\/pages"}],"about":[{"href":"https:\/\/poweroflife.dk\/index.php?rest_route=\/wp\/v2\/types\/page"}],"author":[{"embeddable":true,"href":"https:\/\/poweroflife.dk\/index.php?rest_route=\/wp\/v2\/users\/1"}],"replies":[{"embeddable":true,"href":"https:\/\/poweroflife.dk\/index.php?rest_route=%2Fwp%2Fv2%2Fcomments&post=91"}],"version-history":[{"count":7,"href":"https:\/\/poweroflife.dk\/index.php?rest_route=\/wp\/v2\/pages\/91\/revisions"}],"predecessor-version":[{"id":326,"href":"https:\/\/poweroflife.dk\/index.php?rest_route=\/wp\/v2\/pages\/91\/revisions\/326"}],"wp:attachment":[{"href":"https:\/\/poweroflife.dk\/index.php?rest_route=%2Fwp%2Fv2%2Fmedia&parent=91"}],"curies":[{"name":"wp","href":"https:\/\/api.w.org\/{rel}","templated":true}]}}