{"id":443,"date":"2025-04-13T18:03:06","date_gmt":"2025-04-13T16:03:06","guid":{"rendered":"https:\/\/poweroflife.dk\/?page_id=443"},"modified":"2025-04-13T18:50:46","modified_gmt":"2025-04-13T16:50:46","slug":"kontakten-til-dit-dyr","status":"publish","type":"page","link":"https:\/\/poweroflife.dk\/?page_id=443","title":{"rendered":"Kontakten til dit dyr"},"content":{"rendered":"\n<p>Jeg tilbyder telepati\/kontakt til dit dyr p\u00e5 f\u00f8lgende tre m\u00e5der:<\/p>\n\n\n\n<p><strong>Fotometri:<\/strong><br>Ved fotometri kommunikerer jeg med dyret p\u00e5 afstand igennem et billede, og sender dig efterf\u00f8lgende et svar.<\/p>\n\n\n\n<p>Derfor skal du p\u00e5 mail, sende et vellignende billede af dit dyr, gerne hvor jeg kan se begge \u00f8jne, og skrive en enkelt s\u00e6tning om problematikken, samt dyrets navn, k\u00f8n og alder. Har du specifikke sp\u00f8rgsm\u00e5l, er du velkommen til at skrive dem.<\/p>\n\n\n<p><img loading=\"lazy\" decoding=\"async\" class=\"wp-image-454 alignright\" src=\"http:\/\/poweroflife.dk\/wp-content\/uploads\/2025\/04\/ai-generated-7804787_1920-300x300.jpg\" alt=\"\" width=\"136\" height=\"136\" srcset=\"https:\/\/poweroflife.dk\/wp-content\/uploads\/2025\/04\/ai-generated-7804787_1920-300x300.jpg 300w, https:\/\/poweroflife.dk\/wp-content\/uploads\/2025\/04\/ai-generated-7804787_1920-1024x1024.jpg 1024w, https:\/\/poweroflife.dk\/wp-content\/uploads\/2025\/04\/ai-generated-7804787_1920-150x150.jpg 150w, https:\/\/poweroflife.dk\/wp-content\/uploads\/2025\/04\/ai-generated-7804787_1920-768x768.jpg 768w, https:\/\/poweroflife.dk\/wp-content\/uploads\/2025\/04\/ai-generated-7804787_1920-1536x1536.jpg 1536w, https:\/\/poweroflife.dk\/wp-content\/uploads\/2025\/04\/ai-generated-7804787_1920-1200x1200.jpg 1200w, https:\/\/poweroflife.dk\/wp-content\/uploads\/2025\/04\/ai-generated-7804787_1920.jpg 1920w\" sizes=\"auto, (max-width: 136px) 85vw, 136px\" \/><\/p>\n\n\n<p>Ud fra billedet, tager jeg en snak med dit dyr og skrive detaljeret samtalen ned, som sendes til dig p\u00e5 mail i et dokument. Dokumentet fylder ofte 3-5 A4-sider, og beskriver svar p\u00e5 dine sp\u00f8rgsm\u00e5l, \u00e5rsager til adf\u00e6rds\u00e6ndringer, l\u00f8sninger samt v\u00e6rkt\u00f8jer.<\/p>\n\n\n\n<p>Du sender ovenst\u00e5ende via mail og s\u00e5 finder vi et tidspunkt for healingen.<\/p>\n\n\n<p><\/p>\n<p><strong>Online:<\/strong><br \/>Vi kan ogs\u00e5 \u201dm\u00f8des\u201d online p\u00e5 Microsoft Teams, hvor du er sammen med dit dyr, s\u00e5 jeg kan se det.<img loading=\"lazy\" decoding=\"async\" class=\"wp-image-452 alignleft\" src=\"http:\/\/poweroflife.dk\/wp-content\/uploads\/2025\/04\/schafer-dog-5767834_1920-300x200.jpg\" alt=\"\" width=\"224\" height=\"149\" srcset=\"https:\/\/poweroflife.dk\/wp-content\/uploads\/2025\/04\/schafer-dog-5767834_1920-300x200.jpg 300w, https:\/\/poweroflife.dk\/wp-content\/uploads\/2025\/04\/schafer-dog-5767834_1920-1024x683.jpg 1024w, https:\/\/poweroflife.dk\/wp-content\/uploads\/2025\/04\/schafer-dog-5767834_1920-768x512.jpg 768w, https:\/\/poweroflife.dk\/wp-content\/uploads\/2025\/04\/schafer-dog-5767834_1920-1536x1024.jpg 1536w, https:\/\/poweroflife.dk\/wp-content\/uploads\/2025\/04\/schafer-dog-5767834_1920-1200x800.jpg 1200w, https:\/\/poweroflife.dk\/wp-content\/uploads\/2025\/04\/schafer-dog-5767834_1920.jpg 1920w\" sizes=\"auto, (max-width: 224px) 85vw, 224px\" \/><br \/>P\u00e5 den m\u00e5de er dit dyr hjemme i trygge omgivelser, og du kan l\u00f8bende f\u00e5 svar p\u00e5 de sp\u00f8rgsm\u00e5l du har, eller som opst\u00e5r undervejs i telepatien.<\/p>\n<p> <\/p>\n<p>N\u00e5r du booker din tid her p\u00e5 hjemmesiden, skal du i <strong>noten<\/strong> skrive en enkelt s\u00e6tning om problematikken, samt dyrets navn, k\u00f8n og alder. Derefter sender jeg et link til din mail.<\/p>\n<p><\/p>\n\n\n<p><strong>Hjemmebes\u00f8g:<\/strong><br>Jeg kommer hjem til jer, eller til den stald hvor dit dyr bor.<\/p>\n\n\n\n<p>Her er det bedst, hvis det er et stille tidspunkt p\u00e5 dagen, eller vi kan v\u00e6re et uforstyrret sted. Det giver mest ro for dyret. Men det aftaler vi inden jeg kommer.<\/p>\n\n\n\n<p>Du booker en aftale via mail og s\u00e5 finder vi et tidspunkt for m\u00f8det.<\/p>\n\n\n\n<p><\/p>\n\n\n<\/p>\n\n\n<p><strong>Generalt:<\/strong><br>Healing indg\u00e5r altid i mine telepartier, efter samtalen eller nogle gange f\u00f8r, hvis dyret er nerv\u00f8st.<br>Det g\u00f8r at dyret slapper mere af og kan give slip p\u00e5 de sp\u00e6ndinger, de har f\u00e5et bygget op.<br>Dyrene nyder altid at blive healet, med enkelte kan reagerer p\u00e5 det, s\u00e5 derfor aftaler vi altid et tidspunkt for healingen, hvis jeg laver en Fotometri. S\u00e5 sikre vi, at du er i n\u00e6rheden af dit dyr imens, at det modtager healing.<\/p>\n\n\n\n<p>Jeg s\u00e6tter altid 1\u00bd time af, b\u00e5de til en Online-session og Hjemmebes\u00f8g.<br>Nogle gange tager det kun en time, men det er vigtigt for mig, at der er tid til at komme i dybden og tid til at alle sp\u00f8rgsm\u00e5l kan blive besvaret. Der skal v\u00e6re ro og tid.<\/p>\n\n\n\n<p>Jeg har god erfaring med, at hvis et dyr har et sygdomsforl\u00f8b, allergi eller et mere omfattende traume. S\u00e5 kan de have stor gl\u00e6de af healing i den efterf\u00f8lgende periode. Det kan evt. v\u00e6re 1 x om ugen i 3 uger, men det aftales altid individuelt.<\/p>\n\n\n\n<p>Nogle sp\u00f8rger: \u201dHvordan plejer det at foreg\u00e5?\u201d og det kan v\u00e6re sv\u00e6rt at svare pr\u00e6cist p\u00e5, da jeg altid tager udgangspunkt i dit dyr og hvad der er bedst i den enkelte situation. For der er stor forskel p\u00e5, om det er en hund der ofte stikker af, eller om det er en hest der har v\u00e6ret med i en dyrev\u00e6rnssag.<\/p>\n\n\n\n<p>Uanset om det er Fotometri, Online eller hjemmebes\u00f8g, skriver jeg til dig ca. 2 uger efter, for at h\u00f8re hvordan det g\u00e5r, og om de v\u00e6rkt\u00f8jer du har f\u00e5et fungerer eller om der skal tilrettes noget.<\/p>\n\n\n\n<p>Jeg gl\u00e6der mig til at hj\u00e6lpe dig og dit dyr.<\/p>\n","protected":false},"excerpt":{"rendered":"<p>Jeg tilbyder telepati\/kontakt til dit dyr p\u00e5 f\u00f8lgende tre m\u00e5der: Fotometri:Ved fotometri kommunikerer jeg med dyret p\u00e5 afstand igennem et billede, og sender dig efterf\u00f8lgende et svar. Derfor skal du p\u00e5 mail, sende et vellignende billede af dit dyr, gerne hvor jeg kan se begge \u00f8jne, og skrive en enkelt s\u00e6tning om problematikken, samt dyrets &hellip; <a href=\"https:\/\/poweroflife.dk\/?page_id=443\" class=\"more-link\">L\u00e6s videre<span class=\"screen-reader-text\"> &#8220;Kontakten til dit dyr&#8221;<\/span><\/a><\/p>\n","protected":false},"author":1,"featured_media":0,"parent":0,"menu_order":0,"comment_status":"closed","ping_status":"closed","template":"","meta":{"footnotes":""},"class_list":["post-443","page","type-page","status-publish","hentry"],"yoast_head":"<!-- This site is optimized with the Yoast SEO plugin v25.5 - https:\/\/yoast.com\/wordpress\/plugins\/seo\/ -->\n<title>Kontakten til dit dyr -<\/title>\n<meta name=\"robots\" content=\"index, follow, max-snippet:-1, max-image-preview:large, max-video-preview:-1\" \/>\n<link rel=\"canonical\" href=\"https:\/\/poweroflife.dk\/?page_id=443\" \/>\n<meta property=\"og:locale\" content=\"da_DK\" \/>\n<meta property=\"og:type\" content=\"article\" \/>\n<meta property=\"og:title\" content=\"Kontakten til dit dyr -\" \/>\n<meta property=\"og:description\" content=\"Jeg tilbyder telepati\/kontakt til dit dyr p\u00e5 f\u00f8lgende tre m\u00e5der: Fotometri:Ved fotometri kommunikerer jeg med dyret p\u00e5 afstand igennem et billede, og sender dig efterf\u00f8lgende et svar. Derfor skal du p\u00e5 mail, sende et vellignende billede af dit dyr, gerne hvor jeg kan se begge \u00f8jne, og skrive en enkelt s\u00e6tning om problematikken, samt dyrets &hellip; L\u00e6s videre &quot;Kontakten til dit dyr&quot;\" \/>\n<meta property=\"og:url\" content=\"https:\/\/poweroflife.dk\/?page_id=443\" \/>\n<meta property=\"article:modified_time\" content=\"2025-04-13T16:50:46+00:00\" \/>\n<meta property=\"og:image\" content=\"http:\/\/poweroflife.dk\/wp-content\/uploads\/2025\/04\/ai-generated-7804787_1920-300x300.jpg\" \/>\n<meta name=\"twitter:card\" content=\"summary_large_image\" \/>\n<meta name=\"twitter:label1\" content=\"Estimeret l\u00e6setid\" \/>\n\t<meta name=\"twitter:data1\" content=\"4 minutter\" \/>\n<script type=\"application\/ld+json\" class=\"yoast-schema-graph\">{\"@context\":\"https:\/\/schema.org\",\"@graph\":[{\"@type\":\"WebPage\",\"@id\":\"https:\/\/poweroflife.dk\/?page_id=443\",\"url\":\"https:\/\/poweroflife.dk\/?page_id=443\",\"name\":\"Kontakten til dit dyr -\",\"isPartOf\":{\"@id\":\"http:\/\/poweroflife.dk\/#website\"},\"primaryImageOfPage\":{\"@id\":\"https:\/\/poweroflife.dk\/?page_id=443#primaryimage\"},\"image\":{\"@id\":\"https:\/\/poweroflife.dk\/?page_id=443#primaryimage\"},\"thumbnailUrl\":\"http:\/\/poweroflife.dk\/wp-content\/uploads\/2025\/04\/ai-generated-7804787_1920-300x300.jpg\",\"datePublished\":\"2025-04-13T16:03:06+00:00\",\"dateModified\":\"2025-04-13T16:50:46+00:00\",\"breadcrumb\":{\"@id\":\"https:\/\/poweroflife.dk\/?page_id=443#breadcrumb\"},\"inLanguage\":\"da-DK\",\"potentialAction\":[{\"@type\":\"ReadAction\",\"target\":[\"https:\/\/poweroflife.dk\/?page_id=443\"]}]},{\"@type\":\"ImageObject\",\"inLanguage\":\"da-DK\",\"@id\":\"https:\/\/poweroflife.dk\/?page_id=443#primaryimage\",\"url\":\"https:\/\/poweroflife.dk\/wp-content\/uploads\/2025\/04\/ai-generated-7804787_1920.jpg\",\"contentUrl\":\"https:\/\/poweroflife.dk\/wp-content\/uploads\/2025\/04\/ai-generated-7804787_1920.jpg\",\"width\":1920,\"height\":1920},{\"@type\":\"BreadcrumbList\",\"@id\":\"https:\/\/poweroflife.dk\/?page_id=443#breadcrumb\",\"itemListElement\":[{\"@type\":\"ListItem\",\"position\":1,\"name\":\"Hjem\",\"item\":\"http:\/\/poweroflife.dk\/\"},{\"@type\":\"ListItem\",\"position\":2,\"name\":\"Kontakten til dit dyr\"}]},{\"@type\":\"WebSite\",\"@id\":\"http:\/\/poweroflife.dk\/#website\",\"url\":\"http:\/\/poweroflife.dk\/\",\"name\":\"Power of life\",\"description\":\"Livsenergi, som hj\u00e6lper din krop, sind og sj\u00e6l med at kommer i balance\",\"publisher\":{\"@id\":\"http:\/\/poweroflife.dk\/#organization\"},\"potentialAction\":[{\"@type\":\"SearchAction\",\"target\":{\"@type\":\"EntryPoint\",\"urlTemplate\":\"http:\/\/poweroflife.dk\/?s={search_term_string}\"},\"query-input\":{\"@type\":\"PropertyValueSpecification\",\"valueRequired\":true,\"valueName\":\"search_term_string\"}}],\"inLanguage\":\"da-DK\"},{\"@type\":\"Organization\",\"@id\":\"http:\/\/poweroflife.dk\/#organization\",\"name\":\"Power of life\",\"url\":\"http:\/\/poweroflife.dk\/\",\"logo\":{\"@type\":\"ImageObject\",\"inLanguage\":\"da-DK\",\"@id\":\"http:\/\/poweroflife.dk\/#\/schema\/logo\/image\/\",\"url\":\"https:\/\/poweroflife.dk\/wp-content\/uploads\/2019\/03\/cropped-Udklip-e1554031735995-1.jpg\",\"contentUrl\":\"https:\/\/poweroflife.dk\/wp-content\/uploads\/2019\/03\/cropped-Udklip-e1554031735995-1.jpg\",\"width\":240,\"height\":57,\"caption\":\"Power of life\"},\"image\":{\"@id\":\"http:\/\/poweroflife.dk\/#\/schema\/logo\/image\/\"}}]}<\/script>\n<!-- \/ Yoast SEO plugin. -->","yoast_head_json":{"title":"Kontakten til dit dyr -","robots":{"index":"index","follow":"follow","max-snippet":"max-snippet:-1","max-image-preview":"max-image-preview:large","max-video-preview":"max-video-preview:-1"},"canonical":"https:\/\/poweroflife.dk\/?page_id=443","og_locale":"da_DK","og_type":"article","og_title":"Kontakten til dit dyr -","og_description":"Jeg tilbyder telepati\/kontakt til dit dyr p\u00e5 f\u00f8lgende tre m\u00e5der: Fotometri:Ved fotometri kommunikerer jeg med dyret p\u00e5 afstand igennem et billede, og sender dig efterf\u00f8lgende et svar. Derfor skal du p\u00e5 mail, sende et vellignende billede af dit dyr, gerne hvor jeg kan se begge \u00f8jne, og skrive en enkelt s\u00e6tning om problematikken, samt dyrets &hellip; L\u00e6s videre \"Kontakten til dit dyr\"","og_url":"https:\/\/poweroflife.dk\/?page_id=443","article_modified_time":"2025-04-13T16:50:46+00:00","og_image":[{"url":"http:\/\/poweroflife.dk\/wp-content\/uploads\/2025\/04\/ai-generated-7804787_1920-300x300.jpg","type":"","width":"","height":""}],"twitter_card":"summary_large_image","twitter_misc":{"Estimeret l\u00e6setid":"4 minutter"},"schema":{"@context":"https:\/\/schema.org","@graph":[{"@type":"WebPage","@id":"https:\/\/poweroflife.dk\/?page_id=443","url":"https:\/\/poweroflife.dk\/?page_id=443","name":"Kontakten til dit dyr -","isPartOf":{"@id":"http:\/\/poweroflife.dk\/#website"},"primaryImageOfPage":{"@id":"https:\/\/poweroflife.dk\/?page_id=443#primaryimage"},"image":{"@id":"https:\/\/poweroflife.dk\/?page_id=443#primaryimage"},"thumbnailUrl":"http:\/\/poweroflife.dk\/wp-content\/uploads\/2025\/04\/ai-generated-7804787_1920-300x300.jpg","datePublished":"2025-04-13T16:03:06+00:00","dateModified":"2025-04-13T16:50:46+00:00","breadcrumb":{"@id":"https:\/\/poweroflife.dk\/?page_id=443#breadcrumb"},"inLanguage":"da-DK","potentialAction":[{"@type":"ReadAction","target":["https:\/\/poweroflife.dk\/?page_id=443"]}]},{"@type":"ImageObject","inLanguage":"da-DK","@id":"https:\/\/poweroflife.dk\/?page_id=443#primaryimage","url":"https:\/\/poweroflife.dk\/wp-content\/uploads\/2025\/04\/ai-generated-7804787_1920.jpg","contentUrl":"https:\/\/poweroflife.dk\/wp-content\/uploads\/2025\/04\/ai-generated-7804787_1920.jpg","width":1920,"height":1920},{"@type":"BreadcrumbList","@id":"https:\/\/poweroflife.dk\/?page_id=443#breadcrumb","itemListElement":[{"@type":"ListItem","position":1,"name":"Hjem","item":"http:\/\/poweroflife.dk\/"},{"@type":"ListItem","position":2,"name":"Kontakten til dit dyr"}]},{"@type":"WebSite","@id":"http:\/\/poweroflife.dk\/#website","url":"http:\/\/poweroflife.dk\/","name":"Power of life","description":"Livsenergi, som hj\u00e6lper din krop, sind og sj\u00e6l med at kommer i balance","publisher":{"@id":"http:\/\/poweroflife.dk\/#organization"},"potentialAction":[{"@type":"SearchAction","target":{"@type":"EntryPoint","urlTemplate":"http:\/\/poweroflife.dk\/?s={search_term_string}"},"query-input":{"@type":"PropertyValueSpecification","valueRequired":true,"valueName":"search_term_string"}}],"inLanguage":"da-DK"},{"@type":"Organization","@id":"http:\/\/poweroflife.dk\/#organization","name":"Power of life","url":"http:\/\/poweroflife.dk\/","logo":{"@type":"ImageObject","inLanguage":"da-DK","@id":"http:\/\/poweroflife.dk\/#\/schema\/logo\/image\/","url":"https:\/\/poweroflife.dk\/wp-content\/uploads\/2019\/03\/cropped-Udklip-e1554031735995-1.jpg","contentUrl":"https:\/\/poweroflife.dk\/wp-content\/uploads\/2019\/03\/cropped-Udklip-e1554031735995-1.jpg","width":240,"height":57,"caption":"Power of life"},"image":{"@id":"http:\/\/poweroflife.dk\/#\/schema\/logo\/image\/"}}]}},"_links":{"self":[{"href":"https:\/\/poweroflife.dk\/index.php?rest_route=\/wp\/v2\/pages\/443","targetHints":{"allow":["GET"]}}],"collection":[{"href":"https:\/\/poweroflife.dk\/index.php?rest_route=\/wp\/v2\/pages"}],"about":[{"href":"https:\/\/poweroflife.dk\/index.php?rest_route=\/wp\/v2\/types\/page"}],"author":[{"embeddable":true,"href":"https:\/\/poweroflife.dk\/index.php?rest_route=\/wp\/v2\/users\/1"}],"replies":[{"embeddable":true,"href":"https:\/\/poweroflife.dk\/index.php?rest_route=%2Fwp%2Fv2%2Fcomments&post=443"}],"version-history":[{"count":24,"href":"https:\/\/poweroflife.dk\/index.php?rest_route=\/wp\/v2\/pages\/443\/revisions"}],"predecessor-version":[{"id":484,"href":"https:\/\/poweroflife.dk\/index.php?rest_route=\/wp\/v2\/pages\/443\/revisions\/484"}],"wp:attachment":[{"href":"https:\/\/poweroflife.dk\/index.php?rest_route=%2Fwp%2Fv2%2Fmedia&parent=443"}],"curies":[{"name":"wp","href":"https:\/\/api.w.org\/{rel}","templated":true}]}}