{"id":439,"date":"2025-04-13T17:49:26","date_gmt":"2025-04-13T15:49:26","guid":{"rendered":"https:\/\/poweroflife.dk\/?page_id=439"},"modified":"2025-04-13T18:14:30","modified_gmt":"2025-04-13T16:14:30","slug":"spirituel-dyreterapeut","status":"publish","type":"page","link":"https:\/\/poweroflife.dk\/?page_id=439","title":{"rendered":"Spirituel Dyreterapeut"},"content":{"rendered":"\n<p>Som Spirituel Dyreterapeut anvender jeg en r\u00e6kke forskellige metoder for at hj\u00e6lpe dyr, med at genfinde deres balance og trivsel. Disse metoder kan inkludere telepati, healing, clairvoyance, medianstrygninger og muskeltest.<\/p>\n\n\n\n<p>Dyrene bliver p\u00e5virket af det de oplever, og som vi uds\u00e6tter dem for. Vores dyr uds\u00e6ttes for mange ting, som de ikke kender \u00e5rsagen til. Det kan v\u00e6re, at de skal flytte, passes i pension, der kommer en baby i familien, et nyt k\u00e6ledyr, et dyrl\u00e6gebes\u00f8g og meget andet. Disse oplevelser, er en naturlig del af en helt almindelig hverdag.<br>Disse oplevelser kan f\u00f8re til, at dyret \u00e6ndrer adf\u00e6rd eller mistrives, fordi de ikke kender \u00e5rsagerne til dette og derfor bliver utrygge.<\/p>\n\n\n\n\n\n<p>Dyr elsker vaner og gentagelser, da det g\u00f8r dem trygge. N\u00e5r vi fort\u00e6ller dyrene om vores hensigter, hj\u00e6lper det dem meget mere, end vi egentlig t\u00e6nker over.<\/p>\n\n\n<p><img loading=\"lazy\" decoding=\"async\" class=\"size-medium wp-image-449 alignright\" src=\"http:\/\/poweroflife.dk\/wp-content\/uploads\/2025\/04\/fleredyr-214x300.jpg\" alt=\"\" width=\"214\" height=\"300\" srcset=\"https:\/\/poweroflife.dk\/wp-content\/uploads\/2025\/04\/fleredyr-214x300.jpg 214w, https:\/\/poweroflife.dk\/wp-content\/uploads\/2025\/04\/fleredyr-731x1024.jpg 731w, https:\/\/poweroflife.dk\/wp-content\/uploads\/2025\/04\/fleredyr-768x1076.jpg 768w, https:\/\/poweroflife.dk\/wp-content\/uploads\/2025\/04\/fleredyr-1097x1536.jpg 1097w, https:\/\/poweroflife.dk\/wp-content\/uploads\/2025\/04\/fleredyr-1200x1681.jpg 1200w, https:\/\/poweroflife.dk\/wp-content\/uploads\/2025\/04\/fleredyr.jpg 1371w\" sizes=\"auto, (max-width: 214px) 85vw, 214px\" \/><\/p>\n\n\n<p>Som Spirituel Dyreterapeut, kan jeg tale med dit dyr, via telepati, for at forst\u00e5 hvad dyret f\u00f8ler og t\u00e6nker. Dyret har derved mulighed for at fort\u00e6lle, hvad de har p\u00e5 hjertet, hvad der er \u00e5rsag til at de mistrives, samt hvilke l\u00f8sninger der skal til, for at de f\u00e5r det godt igen.<br>Dertil er healing altid godt at afslutte en samtale med, for at opl\u00f8se blokeringer der har sat sig i dyrets krop. Andre gange vil det v\u00e6re medianbanestrygninger, der er det bedste redskab til at opl\u00f8se blokeringer og genetablerer energi flow.<br>Alt efter dit dyrs udfordring, kan muskeltest anvendes til at give svar og gode l\u00f8sninger, f.eks. p\u00e5 sp\u00f8rgsm\u00e5l om dyrets kost, ern\u00e6ring, allergi m.v.<\/p>\n\n\n\n<p>Som ejer spiller du en meget vigtig rolle i, at st\u00f8tte dyret efter sessionen.<br>Det skal lige siges, at dyr har deres egen mening om tingene og har deres egen frie vilje. Dette g\u00e6lder ogs\u00e5 n\u00e5r der indg\u00e5s aftaler, samt det at huske dem efterf\u00f8lgende. Derfor er det vigtigt, at der er en gensidig tillid imellem ejer og dyr.<\/p>\n\n\n\n<p>Det er vigtigt for mig, at du som ejer, efter vores session, har f\u00e5et v\u00e6rkt\u00f8jer, som I kan arbejde videre med, for at sikre dyrets trivsel. Dyr kan ikke selv skabe forandring, det er dig som ejer der skaber det.<br>Nogle problemer kan l\u00f8ses hurtigt, mens andre kr\u00e6ver mere arbejde og opm\u00e6rksomhed over tid.<\/p>\n\n\n\n<p>Det er selvf\u00f8lgelig vigtigt, at du altid kontakter en dyrl\u00e6ge, hvis dit dyr bliver syg eller akut har brug for hj\u00e6lp.<\/p>\n\n\n\n<p><\/p>\n","protected":false},"excerpt":{"rendered":"<p>Som Spirituel Dyreterapeut anvender jeg en r\u00e6kke forskellige metoder for at hj\u00e6lpe dyr, med at genfinde deres balance og trivsel. Disse metoder kan inkludere telepati, healing, clairvoyance, medianstrygninger og muskeltest. Dyrene bliver p\u00e5virket af det de oplever, og som vi uds\u00e6tter dem for. Vores dyr uds\u00e6ttes for mange ting, som de ikke kender \u00e5rsagen til. &hellip; <a href=\"https:\/\/poweroflife.dk\/?page_id=439\" class=\"more-link\">L\u00e6s videre<span class=\"screen-reader-text\"> &#8220;Spirituel Dyreterapeut&#8221;<\/span><\/a><\/p>\n","protected":false},"author":1,"featured_media":0,"parent":0,"menu_order":0,"comment_status":"closed","ping_status":"closed","template":"","meta":{"footnotes":""},"class_list":["post-439","page","type-page","status-publish","hentry"],"yoast_head":"<!-- This site is optimized with the Yoast SEO plugin v25.5 - https:\/\/yoast.com\/wordpress\/plugins\/seo\/ -->\n<title>Spirituel Dyreterapeut -<\/title>\n<meta name=\"robots\" content=\"index, follow, max-snippet:-1, max-image-preview:large, max-video-preview:-1\" \/>\n<link rel=\"canonical\" href=\"http:\/\/poweroflife.dk\/?page_id=439\" \/>\n<meta property=\"og:locale\" content=\"da_DK\" \/>\n<meta property=\"og:type\" content=\"article\" \/>\n<meta property=\"og:title\" content=\"Spirituel Dyreterapeut -\" \/>\n<meta property=\"og:description\" content=\"Som Spirituel Dyreterapeut anvender jeg en r\u00e6kke forskellige metoder for at hj\u00e6lpe dyr, med at genfinde deres balance og trivsel. Disse metoder kan inkludere telepati, healing, clairvoyance, medianstrygninger og muskeltest. Dyrene bliver p\u00e5virket af det de oplever, og som vi uds\u00e6tter dem for. Vores dyr uds\u00e6ttes for mange ting, som de ikke kender \u00e5rsagen til. &hellip; L\u00e6s videre &quot;Spirituel Dyreterapeut&quot;\" \/>\n<meta property=\"og:url\" content=\"http:\/\/poweroflife.dk\/?page_id=439\" \/>\n<meta property=\"article:modified_time\" content=\"2025-04-13T16:14:30+00:00\" \/>\n<meta property=\"og:image\" content=\"http:\/\/poweroflife.dk\/wp-content\/uploads\/2025\/04\/fleredyr-214x300.jpg\" \/>\n<meta name=\"twitter:card\" content=\"summary_large_image\" \/>\n<meta name=\"twitter:label1\" content=\"Estimeret l\u00e6setid\" \/>\n\t<meta name=\"twitter:data1\" content=\"3 minutter\" \/>\n<script type=\"application\/ld+json\" class=\"yoast-schema-graph\">{\"@context\":\"https:\/\/schema.org\",\"@graph\":[{\"@type\":\"WebPage\",\"@id\":\"http:\/\/poweroflife.dk\/?page_id=439\",\"url\":\"http:\/\/poweroflife.dk\/?page_id=439\",\"name\":\"Spirituel Dyreterapeut -\",\"isPartOf\":{\"@id\":\"http:\/\/poweroflife.dk\/#website\"},\"primaryImageOfPage\":{\"@id\":\"http:\/\/poweroflife.dk\/?page_id=439#primaryimage\"},\"image\":{\"@id\":\"http:\/\/poweroflife.dk\/?page_id=439#primaryimage\"},\"thumbnailUrl\":\"http:\/\/poweroflife.dk\/wp-content\/uploads\/2025\/04\/fleredyr-214x300.jpg\",\"datePublished\":\"2025-04-13T15:49:26+00:00\",\"dateModified\":\"2025-04-13T16:14:30+00:00\",\"breadcrumb\":{\"@id\":\"http:\/\/poweroflife.dk\/?page_id=439#breadcrumb\"},\"inLanguage\":\"da-DK\",\"potentialAction\":[{\"@type\":\"ReadAction\",\"target\":[\"http:\/\/poweroflife.dk\/?page_id=439\"]}]},{\"@type\":\"ImageObject\",\"inLanguage\":\"da-DK\",\"@id\":\"http:\/\/poweroflife.dk\/?page_id=439#primaryimage\",\"url\":\"https:\/\/poweroflife.dk\/wp-content\/uploads\/2025\/04\/fleredyr.jpg\",\"contentUrl\":\"https:\/\/poweroflife.dk\/wp-content\/uploads\/2025\/04\/fleredyr.jpg\",\"width\":1371,\"height\":1920},{\"@type\":\"BreadcrumbList\",\"@id\":\"http:\/\/poweroflife.dk\/?page_id=439#breadcrumb\",\"itemListElement\":[{\"@type\":\"ListItem\",\"position\":1,\"name\":\"Hjem\",\"item\":\"http:\/\/poweroflife.dk\/\"},{\"@type\":\"ListItem\",\"position\":2,\"name\":\"Spirituel Dyreterapeut\"}]},{\"@type\":\"WebSite\",\"@id\":\"http:\/\/poweroflife.dk\/#website\",\"url\":\"http:\/\/poweroflife.dk\/\",\"name\":\"Power of life\",\"description\":\"Livsenergi, som hj\u00e6lper din krop, sind og sj\u00e6l med at kommer i balance\",\"publisher\":{\"@id\":\"http:\/\/poweroflife.dk\/#organization\"},\"potentialAction\":[{\"@type\":\"SearchAction\",\"target\":{\"@type\":\"EntryPoint\",\"urlTemplate\":\"http:\/\/poweroflife.dk\/?s={search_term_string}\"},\"query-input\":{\"@type\":\"PropertyValueSpecification\",\"valueRequired\":true,\"valueName\":\"search_term_string\"}}],\"inLanguage\":\"da-DK\"},{\"@type\":\"Organization\",\"@id\":\"http:\/\/poweroflife.dk\/#organization\",\"name\":\"Power of life\",\"url\":\"http:\/\/poweroflife.dk\/\",\"logo\":{\"@type\":\"ImageObject\",\"inLanguage\":\"da-DK\",\"@id\":\"http:\/\/poweroflife.dk\/#\/schema\/logo\/image\/\",\"url\":\"https:\/\/poweroflife.dk\/wp-content\/uploads\/2019\/03\/cropped-Udklip-e1554031735995-1.jpg\",\"contentUrl\":\"https:\/\/poweroflife.dk\/wp-content\/uploads\/2019\/03\/cropped-Udklip-e1554031735995-1.jpg\",\"width\":240,\"height\":57,\"caption\":\"Power of life\"},\"image\":{\"@id\":\"http:\/\/poweroflife.dk\/#\/schema\/logo\/image\/\"}}]}<\/script>\n<!-- \/ Yoast SEO plugin. -->","yoast_head_json":{"title":"Spirituel Dyreterapeut -","robots":{"index":"index","follow":"follow","max-snippet":"max-snippet:-1","max-image-preview":"max-image-preview:large","max-video-preview":"max-video-preview:-1"},"canonical":"http:\/\/poweroflife.dk\/?page_id=439","og_locale":"da_DK","og_type":"article","og_title":"Spirituel Dyreterapeut -","og_description":"Som Spirituel Dyreterapeut anvender jeg en r\u00e6kke forskellige metoder for at hj\u00e6lpe dyr, med at genfinde deres balance og trivsel. Disse metoder kan inkludere telepati, healing, clairvoyance, medianstrygninger og muskeltest. Dyrene bliver p\u00e5virket af det de oplever, og som vi uds\u00e6tter dem for. Vores dyr uds\u00e6ttes for mange ting, som de ikke kender \u00e5rsagen til. &hellip; L\u00e6s videre \"Spirituel Dyreterapeut\"","og_url":"http:\/\/poweroflife.dk\/?page_id=439","article_modified_time":"2025-04-13T16:14:30+00:00","og_image":[{"url":"http:\/\/poweroflife.dk\/wp-content\/uploads\/2025\/04\/fleredyr-214x300.jpg","type":"","width":"","height":""}],"twitter_card":"summary_large_image","twitter_misc":{"Estimeret l\u00e6setid":"3 minutter"},"schema":{"@context":"https:\/\/schema.org","@graph":[{"@type":"WebPage","@id":"http:\/\/poweroflife.dk\/?page_id=439","url":"http:\/\/poweroflife.dk\/?page_id=439","name":"Spirituel Dyreterapeut -","isPartOf":{"@id":"http:\/\/poweroflife.dk\/#website"},"primaryImageOfPage":{"@id":"http:\/\/poweroflife.dk\/?page_id=439#primaryimage"},"image":{"@id":"http:\/\/poweroflife.dk\/?page_id=439#primaryimage"},"thumbnailUrl":"http:\/\/poweroflife.dk\/wp-content\/uploads\/2025\/04\/fleredyr-214x300.jpg","datePublished":"2025-04-13T15:49:26+00:00","dateModified":"2025-04-13T16:14:30+00:00","breadcrumb":{"@id":"http:\/\/poweroflife.dk\/?page_id=439#breadcrumb"},"inLanguage":"da-DK","potentialAction":[{"@type":"ReadAction","target":["http:\/\/poweroflife.dk\/?page_id=439"]}]},{"@type":"ImageObject","inLanguage":"da-DK","@id":"http:\/\/poweroflife.dk\/?page_id=439#primaryimage","url":"https:\/\/poweroflife.dk\/wp-content\/uploads\/2025\/04\/fleredyr.jpg","contentUrl":"https:\/\/poweroflife.dk\/wp-content\/uploads\/2025\/04\/fleredyr.jpg","width":1371,"height":1920},{"@type":"BreadcrumbList","@id":"http:\/\/poweroflife.dk\/?page_id=439#breadcrumb","itemListElement":[{"@type":"ListItem","position":1,"name":"Hjem","item":"http:\/\/poweroflife.dk\/"},{"@type":"ListItem","position":2,"name":"Spirituel Dyreterapeut"}]},{"@type":"WebSite","@id":"http:\/\/poweroflife.dk\/#website","url":"http:\/\/poweroflife.dk\/","name":"Power of life","description":"Livsenergi, som hj\u00e6lper din krop, sind og sj\u00e6l med at kommer i balance","publisher":{"@id":"http:\/\/poweroflife.dk\/#organization"},"potentialAction":[{"@type":"SearchAction","target":{"@type":"EntryPoint","urlTemplate":"http:\/\/poweroflife.dk\/?s={search_term_string}"},"query-input":{"@type":"PropertyValueSpecification","valueRequired":true,"valueName":"search_term_string"}}],"inLanguage":"da-DK"},{"@type":"Organization","@id":"http:\/\/poweroflife.dk\/#organization","name":"Power of life","url":"http:\/\/poweroflife.dk\/","logo":{"@type":"ImageObject","inLanguage":"da-DK","@id":"http:\/\/poweroflife.dk\/#\/schema\/logo\/image\/","url":"https:\/\/poweroflife.dk\/wp-content\/uploads\/2019\/03\/cropped-Udklip-e1554031735995-1.jpg","contentUrl":"https:\/\/poweroflife.dk\/wp-content\/uploads\/2019\/03\/cropped-Udklip-e1554031735995-1.jpg","width":240,"height":57,"caption":"Power of life"},"image":{"@id":"http:\/\/poweroflife.dk\/#\/schema\/logo\/image\/"}}]}},"_links":{"self":[{"href":"https:\/\/poweroflife.dk\/index.php?rest_route=\/wp\/v2\/pages\/439","targetHints":{"allow":["GET"]}}],"collection":[{"href":"https:\/\/poweroflife.dk\/index.php?rest_route=\/wp\/v2\/pages"}],"about":[{"href":"https:\/\/poweroflife.dk\/index.php?rest_route=\/wp\/v2\/types\/page"}],"author":[{"embeddable":true,"href":"https:\/\/poweroflife.dk\/index.php?rest_route=\/wp\/v2\/users\/1"}],"replies":[{"embeddable":true,"href":"https:\/\/poweroflife.dk\/index.php?rest_route=%2Fwp%2Fv2%2Fcomments&post=439"}],"version-history":[{"count":3,"href":"https:\/\/poweroflife.dk\/index.php?rest_route=\/wp\/v2\/pages\/439\/revisions"}],"predecessor-version":[{"id":450,"href":"https:\/\/poweroflife.dk\/index.php?rest_route=\/wp\/v2\/pages\/439\/revisions\/450"}],"wp:attachment":[{"href":"https:\/\/poweroflife.dk\/index.php?rest_route=%2Fwp%2Fv2%2Fmedia&parent=439"}],"curies":[{"name":"wp","href":"https:\/\/api.w.org\/{rel}","templated":true}]}}