{"id":43,"date":"2018-04-27T13:09:48","date_gmt":"2018-04-27T11:09:48","guid":{"rendered":"http:\/\/poweroflife.dk\/?page_id=43"},"modified":"2020-01-21T13:18:05","modified_gmt":"2020-01-21T12:18:05","slug":"info","status":"publish","type":"page","link":"https:\/\/poweroflife.dk\/?page_id=43","title":{"rendered":"Healing"},"content":{"rendered":"<p><strong><img loading=\"lazy\" decoding=\"async\" class=\"size-medium wp-image-230 alignright\" src=\"http:\/\/poweroflife.dk\/wp-content\/uploads\/2019\/01\/P1040471-300x225.jpg\" alt=\"\" width=\"300\" height=\"225\" srcset=\"https:\/\/poweroflife.dk\/wp-content\/uploads\/2019\/01\/P1040471-300x225.jpg 300w, https:\/\/poweroflife.dk\/wp-content\/uploads\/2019\/01\/P1040471-768x576.jpg 768w, https:\/\/poweroflife.dk\/wp-content\/uploads\/2019\/01\/P1040471-1024x768.jpg 1024w\" sizes=\"auto, (max-width: 300px) 85vw, 300px\" \/>Healing er rigtig godt ved:<\/strong><\/p>\n<p>Tr\u00e6thed i krop og sj\u00e6l<br \/>\nStyrker kroppen med at komme sig efter sygdom<br \/>\nSmertelindring<br \/>\nF\u00f8lelsesm\u00e6ssig og fysisk&nbsp;ubalance<br \/>\nStress og depression<br \/>\nVelbehag og nydelse<\/p>\n<p>En rigtig dejlig oplevelse for b\u00e5de b\u00f8rn og voksne.<\/p>\n<p>Nogle m\u00e6rker en forandring med det samme, eller det sker&nbsp;i l\u00f8bet af f\u00e5 dage.&nbsp;Det er individuelt, hvor mange behandlinger der skal&nbsp;til, for at&nbsp;genoprette balance i din krop, alt efter den problematik du kommer med.<\/p>\n<p><strong>Hvad er healing?<\/strong><\/p>\n<p>Healing er kanalisering af universel helbredende livsenergi, som hj\u00e6lper din krop, sind og sj\u00e6l, med at komme i balance og helbrede sig selv. Healingen hj\u00e6lper med at skabe balance, ved at opl\u00f8se blokeringer, s\u00e5 energien igen kan flyde frit i din krop.<\/p>\n<p><strong>Terapeutisk Touch healing<\/strong><\/p>\n<p>TT Healing, som er den type jeg ud\u00f8ver, er udviklet af 2 amerikanske sygeplejersker, Dolores Krieger og Dora Kunz. De udviklede metoden i 70erne og behandlede syge patienter p\u00e5 hospitalerne.<\/p>\n<p>N\u00e5r jeg udf\u00f8rer TT healing, arbejder jeg mig igennem dine led, ankler, kn\u00e6, hofter, skuldre, albuer og h\u00e5ndled, for at opl\u00f8se energiblokeringer. Dine 7 energi chakra, bliver ogs\u00e5 afbalanceret.<\/p>\n<p>Hvis jeg under healingen, oplever at der er behov for fokus et andet sted, vil jeg give det opm\u00e6rksomhed.<\/p>\n<p>&nbsp;<\/p>\n","protected":false},"excerpt":{"rendered":"<p>Healing er rigtig godt ved: Tr\u00e6thed i krop og sj\u00e6l Styrker kroppen med at komme sig efter sygdom Smertelindring F\u00f8lelsesm\u00e6ssig og fysisk&nbsp;ubalance Stress og depression Velbehag og nydelse En rigtig dejlig oplevelse for b\u00e5de b\u00f8rn og voksne. Nogle m\u00e6rker en forandring med det samme, eller det sker&nbsp;i l\u00f8bet af f\u00e5 dage.&nbsp;Det er individuelt, hvor mange &hellip; <a href=\"https:\/\/poweroflife.dk\/?page_id=43\" class=\"more-link\">L\u00e6s videre<span class=\"screen-reader-text\"> &#8220;Healing&#8221;<\/span><\/a><\/p>\n","protected":false},"author":1,"featured_media":0,"parent":0,"menu_order":0,"comment_status":"closed","ping_status":"closed","template":"","meta":{"footnotes":""},"class_list":["post-43","page","type-page","status-publish","hentry"],"yoast_head":"<!-- This site is optimized with the Yoast SEO plugin v25.5 - https:\/\/yoast.com\/wordpress\/plugins\/seo\/ -->\n<title>Healing -<\/title>\n<meta name=\"robots\" content=\"index, follow, max-snippet:-1, max-image-preview:large, max-video-preview:-1\" \/>\n<link rel=\"canonical\" href=\"http:\/\/poweroflife.dk\/?page_id=43\" \/>\n<meta property=\"og:locale\" content=\"da_DK\" \/>\n<meta property=\"og:type\" content=\"article\" \/>\n<meta property=\"og:title\" content=\"Healing -\" \/>\n<meta property=\"og:description\" content=\"Healing er rigtig godt ved: Tr\u00e6thed i krop og sj\u00e6l Styrker kroppen med at komme sig efter sygdom Smertelindring F\u00f8lelsesm\u00e6ssig og fysisk&nbsp;ubalance Stress og depression Velbehag og nydelse En rigtig dejlig oplevelse for b\u00e5de b\u00f8rn og voksne. Nogle m\u00e6rker en forandring med det samme, eller det sker&nbsp;i l\u00f8bet af f\u00e5 dage.&nbsp;Det er individuelt, hvor mange &hellip; L\u00e6s videre &quot;Healing&quot;\" \/>\n<meta property=\"og:url\" content=\"http:\/\/poweroflife.dk\/?page_id=43\" \/>\n<meta property=\"article:modified_time\" content=\"2020-01-21T12:18:05+00:00\" \/>\n<meta property=\"og:image\" content=\"http:\/\/poweroflife.dk\/wp-content\/uploads\/2019\/01\/P1040471-300x225.jpg\" \/>\n<meta name=\"twitter:card\" content=\"summary_large_image\" \/>\n<meta name=\"twitter:label1\" content=\"Estimeret l\u00e6setid\" \/>\n\t<meta name=\"twitter:data1\" content=\"1 minut\" \/>\n<script type=\"application\/ld+json\" class=\"yoast-schema-graph\">{\"@context\":\"https:\/\/schema.org\",\"@graph\":[{\"@type\":\"WebPage\",\"@id\":\"http:\/\/poweroflife.dk\/?page_id=43\",\"url\":\"http:\/\/poweroflife.dk\/?page_id=43\",\"name\":\"Healing -\",\"isPartOf\":{\"@id\":\"http:\/\/poweroflife.dk\/#website\"},\"primaryImageOfPage\":{\"@id\":\"http:\/\/poweroflife.dk\/?page_id=43#primaryimage\"},\"image\":{\"@id\":\"http:\/\/poweroflife.dk\/?page_id=43#primaryimage\"},\"thumbnailUrl\":\"http:\/\/poweroflife.dk\/wp-content\/uploads\/2019\/01\/P1040471-300x225.jpg\",\"datePublished\":\"2018-04-27T11:09:48+00:00\",\"dateModified\":\"2020-01-21T12:18:05+00:00\",\"breadcrumb\":{\"@id\":\"http:\/\/poweroflife.dk\/?page_id=43#breadcrumb\"},\"inLanguage\":\"da-DK\",\"potentialAction\":[{\"@type\":\"ReadAction\",\"target\":[\"http:\/\/poweroflife.dk\/?page_id=43\"]}]},{\"@type\":\"ImageObject\",\"inLanguage\":\"da-DK\",\"@id\":\"http:\/\/poweroflife.dk\/?page_id=43#primaryimage\",\"url\":\"http:\/\/poweroflife.dk\/wp-content\/uploads\/2019\/01\/P1040471-300x225.jpg\",\"contentUrl\":\"http:\/\/poweroflife.dk\/wp-content\/uploads\/2019\/01\/P1040471-300x225.jpg\"},{\"@type\":\"BreadcrumbList\",\"@id\":\"http:\/\/poweroflife.dk\/?page_id=43#breadcrumb\",\"itemListElement\":[{\"@type\":\"ListItem\",\"position\":1,\"name\":\"Hjem\",\"item\":\"http:\/\/poweroflife.dk\/\"},{\"@type\":\"ListItem\",\"position\":2,\"name\":\"Healing\"}]},{\"@type\":\"WebSite\",\"@id\":\"http:\/\/poweroflife.dk\/#website\",\"url\":\"http:\/\/poweroflife.dk\/\",\"name\":\"Power of life\",\"description\":\"Livsenergi, som hj\u00e6lper din krop, sind og sj\u00e6l med at kommer i balance\",\"publisher\":{\"@id\":\"http:\/\/poweroflife.dk\/#organization\"},\"potentialAction\":[{\"@type\":\"SearchAction\",\"target\":{\"@type\":\"EntryPoint\",\"urlTemplate\":\"http:\/\/poweroflife.dk\/?s={search_term_string}\"},\"query-input\":{\"@type\":\"PropertyValueSpecification\",\"valueRequired\":true,\"valueName\":\"search_term_string\"}}],\"inLanguage\":\"da-DK\"},{\"@type\":\"Organization\",\"@id\":\"http:\/\/poweroflife.dk\/#organization\",\"name\":\"Power of life\",\"url\":\"http:\/\/poweroflife.dk\/\",\"logo\":{\"@type\":\"ImageObject\",\"inLanguage\":\"da-DK\",\"@id\":\"http:\/\/poweroflife.dk\/#\/schema\/logo\/image\/\",\"url\":\"https:\/\/poweroflife.dk\/wp-content\/uploads\/2019\/03\/cropped-Udklip-e1554031735995-1.jpg\",\"contentUrl\":\"https:\/\/poweroflife.dk\/wp-content\/uploads\/2019\/03\/cropped-Udklip-e1554031735995-1.jpg\",\"width\":240,\"height\":57,\"caption\":\"Power of life\"},\"image\":{\"@id\":\"http:\/\/poweroflife.dk\/#\/schema\/logo\/image\/\"}}]}<\/script>\n<!-- \/ Yoast SEO plugin. -->","yoast_head_json":{"title":"Healing -","robots":{"index":"index","follow":"follow","max-snippet":"max-snippet:-1","max-image-preview":"max-image-preview:large","max-video-preview":"max-video-preview:-1"},"canonical":"http:\/\/poweroflife.dk\/?page_id=43","og_locale":"da_DK","og_type":"article","og_title":"Healing -","og_description":"Healing er rigtig godt ved: Tr\u00e6thed i krop og sj\u00e6l Styrker kroppen med at komme sig efter sygdom Smertelindring F\u00f8lelsesm\u00e6ssig og fysisk&nbsp;ubalance Stress og depression Velbehag og nydelse En rigtig dejlig oplevelse for b\u00e5de b\u00f8rn og voksne. Nogle m\u00e6rker en forandring med det samme, eller det sker&nbsp;i l\u00f8bet af f\u00e5 dage.&nbsp;Det er individuelt, hvor mange &hellip; L\u00e6s videre \"Healing\"","og_url":"http:\/\/poweroflife.dk\/?page_id=43","article_modified_time":"2020-01-21T12:18:05+00:00","og_image":[{"url":"http:\/\/poweroflife.dk\/wp-content\/uploads\/2019\/01\/P1040471-300x225.jpg","type":"","width":"","height":""}],"twitter_card":"summary_large_image","twitter_misc":{"Estimeret l\u00e6setid":"1 minut"},"schema":{"@context":"https:\/\/schema.org","@graph":[{"@type":"WebPage","@id":"http:\/\/poweroflife.dk\/?page_id=43","url":"http:\/\/poweroflife.dk\/?page_id=43","name":"Healing -","isPartOf":{"@id":"http:\/\/poweroflife.dk\/#website"},"primaryImageOfPage":{"@id":"http:\/\/poweroflife.dk\/?page_id=43#primaryimage"},"image":{"@id":"http:\/\/poweroflife.dk\/?page_id=43#primaryimage"},"thumbnailUrl":"http:\/\/poweroflife.dk\/wp-content\/uploads\/2019\/01\/P1040471-300x225.jpg","datePublished":"2018-04-27T11:09:48+00:00","dateModified":"2020-01-21T12:18:05+00:00","breadcrumb":{"@id":"http:\/\/poweroflife.dk\/?page_id=43#breadcrumb"},"inLanguage":"da-DK","potentialAction":[{"@type":"ReadAction","target":["http:\/\/poweroflife.dk\/?page_id=43"]}]},{"@type":"ImageObject","inLanguage":"da-DK","@id":"http:\/\/poweroflife.dk\/?page_id=43#primaryimage","url":"http:\/\/poweroflife.dk\/wp-content\/uploads\/2019\/01\/P1040471-300x225.jpg","contentUrl":"http:\/\/poweroflife.dk\/wp-content\/uploads\/2019\/01\/P1040471-300x225.jpg"},{"@type":"BreadcrumbList","@id":"http:\/\/poweroflife.dk\/?page_id=43#breadcrumb","itemListElement":[{"@type":"ListItem","position":1,"name":"Hjem","item":"http:\/\/poweroflife.dk\/"},{"@type":"ListItem","position":2,"name":"Healing"}]},{"@type":"WebSite","@id":"http:\/\/poweroflife.dk\/#website","url":"http:\/\/poweroflife.dk\/","name":"Power of life","description":"Livsenergi, som hj\u00e6lper din krop, sind og sj\u00e6l med at kommer i balance","publisher":{"@id":"http:\/\/poweroflife.dk\/#organization"},"potentialAction":[{"@type":"SearchAction","target":{"@type":"EntryPoint","urlTemplate":"http:\/\/poweroflife.dk\/?s={search_term_string}"},"query-input":{"@type":"PropertyValueSpecification","valueRequired":true,"valueName":"search_term_string"}}],"inLanguage":"da-DK"},{"@type":"Organization","@id":"http:\/\/poweroflife.dk\/#organization","name":"Power of life","url":"http:\/\/poweroflife.dk\/","logo":{"@type":"ImageObject","inLanguage":"da-DK","@id":"http:\/\/poweroflife.dk\/#\/schema\/logo\/image\/","url":"https:\/\/poweroflife.dk\/wp-content\/uploads\/2019\/03\/cropped-Udklip-e1554031735995-1.jpg","contentUrl":"https:\/\/poweroflife.dk\/wp-content\/uploads\/2019\/03\/cropped-Udklip-e1554031735995-1.jpg","width":240,"height":57,"caption":"Power of life"},"image":{"@id":"http:\/\/poweroflife.dk\/#\/schema\/logo\/image\/"}}]}},"_links":{"self":[{"href":"https:\/\/poweroflife.dk\/index.php?rest_route=\/wp\/v2\/pages\/43","targetHints":{"allow":["GET"]}}],"collection":[{"href":"https:\/\/poweroflife.dk\/index.php?rest_route=\/wp\/v2\/pages"}],"about":[{"href":"https:\/\/poweroflife.dk\/index.php?rest_route=\/wp\/v2\/types\/page"}],"author":[{"embeddable":true,"href":"https:\/\/poweroflife.dk\/index.php?rest_route=\/wp\/v2\/users\/1"}],"replies":[{"embeddable":true,"href":"https:\/\/poweroflife.dk\/index.php?rest_route=%2Fwp%2Fv2%2Fcomments&post=43"}],"version-history":[{"count":9,"href":"https:\/\/poweroflife.dk\/index.php?rest_route=\/wp\/v2\/pages\/43\/revisions"}],"predecessor-version":[{"id":416,"href":"https:\/\/poweroflife.dk\/index.php?rest_route=\/wp\/v2\/pages\/43\/revisions\/416"}],"wp:attachment":[{"href":"https:\/\/poweroflife.dk\/index.php?rest_route=%2Fwp%2Fv2%2Fmedia&parent=43"}],"curies":[{"name":"wp","href":"https:\/\/api.w.org\/{rel}","templated":true}]}}