{"id":420,"date":"2025-04-06T19:23:46","date_gmt":"2025-04-06T17:23:46","guid":{"rendered":"https:\/\/poweroflife.dk\/?page_id=420"},"modified":"2025-04-06T19:52:25","modified_gmt":"2025-04-06T17:52:25","slug":"2-eller-4-dages-retreat","status":"publish","type":"page","link":"https:\/\/poweroflife.dk\/?page_id=420","title":{"rendered":"2 eller 4 dages Retreat"},"content":{"rendered":"\n<p><\/p>\n\n\n<h2><strong>Hvad f\u00e5r jeg ud af 2 eller 4 dage?<\/strong><\/h2>\n<p>Et 2 dages Retreat, giver dig mulighed for selvfork\u00e6lelse og egenk\u00e6rlighed. Det er et par intensive dage, hvor du kickstarter dig selv. Jeg vil anbefale dig, at du i de efterf\u00f8lgende dage har mulighed for at slappe af, s\u00e5 alt vi har arbejdet med, kan bundf\u00e6lde sig.<br \/>Det kan ogs\u00e5 v\u00e6re en god opf\u00f8lgning p\u00e5 et tidligere ophold.<\/p>\n<p>Et 4 dages Retreat, giver dig mulighed for selvfork\u00e6lelse og egenk\u00e6rlighed. Du kommer i dybden med det der udfordrer dig. Din krop og celler kommer mere i balance, efterh\u00e5nden som du giver slip.<\/p>\n<p>Ved begge Retreats, f\u00e5r du en handleplan og v\u00e6rkt\u00f8jer med hjem, s\u00e5 du kan forts\u00e6tte din udvikling.<\/p>\n<h2><strong>2 dage<\/strong><\/h2>\n<p>Ankomst torsdag kl. 14.00 til fredag kl. 14.00<br \/>1 overnatning<img loading=\"lazy\" decoding=\"async\" class=\"size-medium wp-image-421 alignright\" src=\"http:\/\/poweroflife.dk\/wp-content\/uploads\/2025\/04\/klinik-uden-pude-300x226.jpg\" alt=\"\" width=\"300\" height=\"226\" srcset=\"https:\/\/poweroflife.dk\/wp-content\/uploads\/2025\/04\/klinik-uden-pude-300x226.jpg 300w, https:\/\/poweroflife.dk\/wp-content\/uploads\/2025\/04\/klinik-uden-pude-1024x771.jpg 1024w, https:\/\/poweroflife.dk\/wp-content\/uploads\/2025\/04\/klinik-uden-pude-768x578.jpg 768w, https:\/\/poweroflife.dk\/wp-content\/uploads\/2025\/04\/klinik-uden-pude-1536x1157.jpg 1536w, https:\/\/poweroflife.dk\/wp-content\/uploads\/2025\/04\/klinik-uden-pude-2048x1542.jpg 2048w, https:\/\/poweroflife.dk\/wp-content\/uploads\/2025\/04\/klinik-uden-pude-1200x904.jpg 1200w\" sizes=\"auto, (max-width: 300px) 85vw, 300px\" \/><br \/>4 sessions (2 dobbelt)<\/p>\n<p><strong>Dag 1:<\/strong><\/p>\n<ul>\n<li>Tjek ind kl. 14.00<\/li>\n<li>Samtale om forl\u00f8b<\/li>\n<li>2 sessions \/ dobbelt behandling (evt. sj\u00e6lshealing og energimassage \u2013 super combi)<\/li>\n<\/ul>\n<p><strong>Dag 2:<\/strong><\/p>\n<ul>\n<li>2 sessions \/ dobbelt behandling<\/li>\n<li>Mulighed for walk and talk eller guidet meditation*<\/li>\n<li>Samtale om dit videre forl\u00f8b (v\u00e6rkt\u00f8jer, fokusomr\u00e5der m.v.)<br \/>Afrejse kl. 14.00<\/li>\n<\/ul>\n<p>*Indg\u00e5r kun i retreatet hvis det \u00f8nskes og er uden ekstra betaling.<\/p>\n<h2><strong>4 dage<\/strong><\/h2>\n<p>Ankomst onsdag kl. 16.00 til l\u00f8rdag kl. 13.00<br \/>3 overnatninger<br \/>5 sessions (3 enkelte &amp; 1 dobbelt)<\/p>\n<p><strong>Dag 1:<\/strong>\u00a0 \u00a0 \u00a0 \u00a0 \u00a0 \u00a0\u00a0<\/p>\n<ul>\n<li>Tjek ind kl. 16.00<\/li>\n<li>Samtale om forl\u00f8b<\/li>\n<li>1 session \/ 1 behandling (evt. Healing)<\/li>\n<\/ul>\n<p><strong>Dag 2:<\/strong>\u00a0\u00a0\u00a0\u00a0\u00a0\u00a0\u00a0\u00a0\u00a0\u00a0\u00a0\u00a0\u00a0\u00a0\u00a0\u00a0<\/p>\n<ul>\n<li>2 sessions \/ dobbelt behandling (evt. sj\u00e6lshealing og energimassage \u2013 super combi)<img loading=\"lazy\" decoding=\"async\" class=\"wp-image-422 alignright\" src=\"http:\/\/poweroflife.dk\/wp-content\/uploads\/2025\/04\/Stemning-Retreat-169x300.jpg\" alt=\"\" width=\"180\" height=\"319\" srcset=\"https:\/\/poweroflife.dk\/wp-content\/uploads\/2025\/04\/Stemning-Retreat-169x300.jpg 169w, https:\/\/poweroflife.dk\/wp-content\/uploads\/2025\/04\/Stemning-Retreat-576x1024.jpg 576w, https:\/\/poweroflife.dk\/wp-content\/uploads\/2025\/04\/Stemning-Retreat-768x1365.jpg 768w, https:\/\/poweroflife.dk\/wp-content\/uploads\/2025\/04\/Stemning-Retreat-864x1536.jpg 864w, https:\/\/poweroflife.dk\/wp-content\/uploads\/2025\/04\/Stemning-Retreat-1152x2048.jpg 1152w, https:\/\/poweroflife.dk\/wp-content\/uploads\/2025\/04\/Stemning-Retreat-1200x2133.jpg 1200w, https:\/\/poweroflife.dk\/wp-content\/uploads\/2025\/04\/Stemning-Retreat-scaled.jpg 1440w\" sizes=\"auto, (max-width: 180px) 85vw, 180px\" \/><\/li>\n<li>*walk and talk<\/li>\n<li>*guidet meditation<\/li>\n<\/ul>\n<p><strong>Dag 3:\u00a0\u00a0<\/strong>\u00a0\u00a0\u00a0\u00a0\u00a0\u00a0\u00a0\u00a0\u00a0\u00a0\u00a0\u00a0\u00a0\u00a0<\/p>\n<ul>\n<li>1 session \/ 1 behandling<\/li>\n<li>*walk and talk<\/li>\n<li>*guidet meditation<\/li>\n<\/ul>\n<p><strong>Dag 4: \u00a0\u00a0\u00a0\u00a0<\/strong>\u00a0\u00a0\u00a0\u00a0\u00a0\u00a0\u00a0\u00a0\u00a0\u00a0<\/p>\n<ul>\n<li>1 session \/ 1 behandling (evt. Acces Bars)<\/li>\n<li>Samtale om dit videre forl\u00f8b (v\u00e6rkt\u00f8jer, fokusomr\u00e5der m.v.)<\/li>\n<li>Afrejse kl. 13.00<\/li>\n<\/ul>\n<p>*Indg\u00e5r kun i retreatet hvis det \u00f8nskes og er uden ekstra betaling.<\/p>\n<h2>Booking af Retreat\u00a0<\/h2>\n<p><strong>Bestilling <\/strong>p\u00e5 mail, for at aftale datoer for dit ophold. N\u00e5r vi har fundet en dato, er tiden reserveret til dig, n\u00e5r du har indbetalt bel\u00f8bet p\u00e5 nedenst\u00e5ende konto.<br \/>Se prisen under <a href=\"https:\/\/poweroflife.dk\/?page_id=101\"><strong>Priser<\/strong><\/a><\/p>\n<p><strong>Betalingen <\/strong>foreg\u00e5r med bankoverf\u00f8rsel til konto: Andelskassen 7788 8033758 ved bestilling af Retreatet.<br \/><strong>Ved afbud<\/strong> senest 4 uger f\u00f8r, bliver hele bel\u00f8bet refunderet. Indtil 2 uger f\u00f8r, 50% af bel\u00f8bet. Efter dette, ingen refusion.<\/p>\n\n\n<p><\/p>\n\n\n\n<p><\/p>\n","protected":false},"excerpt":{"rendered":"<p>Hvad f\u00e5r jeg ud af 2 eller 4 dage? Et 2 dages Retreat, giver dig mulighed for selvfork\u00e6lelse og egenk\u00e6rlighed. Det er et par intensive dage, hvor du kickstarter dig selv. Jeg vil anbefale dig, at du i de efterf\u00f8lgende dage har mulighed for at slappe af, s\u00e5 alt vi har arbejdet med, kan bundf\u00e6lde &hellip; <a href=\"https:\/\/poweroflife.dk\/?page_id=420\" class=\"more-link\">L\u00e6s videre<span class=\"screen-reader-text\"> &#8220;2 eller 4 dages Retreat&#8221;<\/span><\/a><\/p>\n","protected":false},"author":1,"featured_media":0,"parent":0,"menu_order":0,"comment_status":"closed","ping_status":"closed","template":"","meta":{"footnotes":""},"class_list":["post-420","page","type-page","status-publish","hentry"],"yoast_head":"<!-- This site is optimized with the Yoast SEO plugin v25.5 - https:\/\/yoast.com\/wordpress\/plugins\/seo\/ -->\n<title>2 eller 4 dages Retreat -<\/title>\n<meta name=\"robots\" content=\"index, follow, max-snippet:-1, max-image-preview:large, max-video-preview:-1\" \/>\n<link rel=\"canonical\" href=\"http:\/\/poweroflife.dk\/?page_id=420\" \/>\n<meta property=\"og:locale\" content=\"da_DK\" \/>\n<meta property=\"og:type\" content=\"article\" \/>\n<meta property=\"og:title\" content=\"2 eller 4 dages Retreat -\" \/>\n<meta property=\"og:description\" content=\"Hvad f\u00e5r jeg ud af 2 eller 4 dage? Et 2 dages Retreat, giver dig mulighed for selvfork\u00e6lelse og egenk\u00e6rlighed. Det er et par intensive dage, hvor du kickstarter dig selv. Jeg vil anbefale dig, at du i de efterf\u00f8lgende dage har mulighed for at slappe af, s\u00e5 alt vi har arbejdet med, kan bundf\u00e6lde &hellip; L\u00e6s videre &quot;2 eller 4 dages Retreat&quot;\" \/>\n<meta property=\"og:url\" content=\"http:\/\/poweroflife.dk\/?page_id=420\" \/>\n<meta property=\"article:modified_time\" content=\"2025-04-06T17:52:25+00:00\" \/>\n<meta property=\"og:image\" content=\"http:\/\/poweroflife.dk\/wp-content\/uploads\/2025\/04\/klinik-uden-pude-300x226.jpg\" \/>\n<meta name=\"twitter:card\" content=\"summary_large_image\" \/>\n<meta name=\"twitter:label1\" content=\"Estimeret l\u00e6setid\" \/>\n\t<meta name=\"twitter:data1\" content=\"3 minutter\" \/>\n<script type=\"application\/ld+json\" class=\"yoast-schema-graph\">{\"@context\":\"https:\/\/schema.org\",\"@graph\":[{\"@type\":\"WebPage\",\"@id\":\"http:\/\/poweroflife.dk\/?page_id=420\",\"url\":\"http:\/\/poweroflife.dk\/?page_id=420\",\"name\":\"2 eller 4 dages Retreat -\",\"isPartOf\":{\"@id\":\"http:\/\/poweroflife.dk\/#website\"},\"primaryImageOfPage\":{\"@id\":\"http:\/\/poweroflife.dk\/?page_id=420#primaryimage\"},\"image\":{\"@id\":\"http:\/\/poweroflife.dk\/?page_id=420#primaryimage\"},\"thumbnailUrl\":\"http:\/\/poweroflife.dk\/wp-content\/uploads\/2025\/04\/klinik-uden-pude-300x226.jpg\",\"datePublished\":\"2025-04-06T17:23:46+00:00\",\"dateModified\":\"2025-04-06T17:52:25+00:00\",\"breadcrumb\":{\"@id\":\"http:\/\/poweroflife.dk\/?page_id=420#breadcrumb\"},\"inLanguage\":\"da-DK\",\"potentialAction\":[{\"@type\":\"ReadAction\",\"target\":[\"http:\/\/poweroflife.dk\/?page_id=420\"]}]},{\"@type\":\"ImageObject\",\"inLanguage\":\"da-DK\",\"@id\":\"http:\/\/poweroflife.dk\/?page_id=420#primaryimage\",\"url\":\"http:\/\/poweroflife.dk\/wp-content\/uploads\/2025\/04\/klinik-uden-pude-300x226.jpg\",\"contentUrl\":\"http:\/\/poweroflife.dk\/wp-content\/uploads\/2025\/04\/klinik-uden-pude-300x226.jpg\"},{\"@type\":\"BreadcrumbList\",\"@id\":\"http:\/\/poweroflife.dk\/?page_id=420#breadcrumb\",\"itemListElement\":[{\"@type\":\"ListItem\",\"position\":1,\"name\":\"Hjem\",\"item\":\"http:\/\/poweroflife.dk\/\"},{\"@type\":\"ListItem\",\"position\":2,\"name\":\"2 eller 4 dages Retreat\"}]},{\"@type\":\"WebSite\",\"@id\":\"http:\/\/poweroflife.dk\/#website\",\"url\":\"http:\/\/poweroflife.dk\/\",\"name\":\"Power of life\",\"description\":\"Livsenergi, som hj\u00e6lper din krop, sind og sj\u00e6l med at kommer i balance\",\"publisher\":{\"@id\":\"http:\/\/poweroflife.dk\/#organization\"},\"potentialAction\":[{\"@type\":\"SearchAction\",\"target\":{\"@type\":\"EntryPoint\",\"urlTemplate\":\"http:\/\/poweroflife.dk\/?s={search_term_string}\"},\"query-input\":{\"@type\":\"PropertyValueSpecification\",\"valueRequired\":true,\"valueName\":\"search_term_string\"}}],\"inLanguage\":\"da-DK\"},{\"@type\":\"Organization\",\"@id\":\"http:\/\/poweroflife.dk\/#organization\",\"name\":\"Power of life\",\"url\":\"http:\/\/poweroflife.dk\/\",\"logo\":{\"@type\":\"ImageObject\",\"inLanguage\":\"da-DK\",\"@id\":\"http:\/\/poweroflife.dk\/#\/schema\/logo\/image\/\",\"url\":\"https:\/\/poweroflife.dk\/wp-content\/uploads\/2019\/03\/cropped-Udklip-e1554031735995-1.jpg\",\"contentUrl\":\"https:\/\/poweroflife.dk\/wp-content\/uploads\/2019\/03\/cropped-Udklip-e1554031735995-1.jpg\",\"width\":240,\"height\":57,\"caption\":\"Power of life\"},\"image\":{\"@id\":\"http:\/\/poweroflife.dk\/#\/schema\/logo\/image\/\"}}]}<\/script>\n<!-- \/ Yoast SEO plugin. -->","yoast_head_json":{"title":"2 eller 4 dages Retreat -","robots":{"index":"index","follow":"follow","max-snippet":"max-snippet:-1","max-image-preview":"max-image-preview:large","max-video-preview":"max-video-preview:-1"},"canonical":"http:\/\/poweroflife.dk\/?page_id=420","og_locale":"da_DK","og_type":"article","og_title":"2 eller 4 dages Retreat -","og_description":"Hvad f\u00e5r jeg ud af 2 eller 4 dage? Et 2 dages Retreat, giver dig mulighed for selvfork\u00e6lelse og egenk\u00e6rlighed. Det er et par intensive dage, hvor du kickstarter dig selv. Jeg vil anbefale dig, at du i de efterf\u00f8lgende dage har mulighed for at slappe af, s\u00e5 alt vi har arbejdet med, kan bundf\u00e6lde &hellip; L\u00e6s videre \"2 eller 4 dages Retreat\"","og_url":"http:\/\/poweroflife.dk\/?page_id=420","article_modified_time":"2025-04-06T17:52:25+00:00","og_image":[{"url":"http:\/\/poweroflife.dk\/wp-content\/uploads\/2025\/04\/klinik-uden-pude-300x226.jpg","type":"","width":"","height":""}],"twitter_card":"summary_large_image","twitter_misc":{"Estimeret l\u00e6setid":"3 minutter"},"schema":{"@context":"https:\/\/schema.org","@graph":[{"@type":"WebPage","@id":"http:\/\/poweroflife.dk\/?page_id=420","url":"http:\/\/poweroflife.dk\/?page_id=420","name":"2 eller 4 dages Retreat -","isPartOf":{"@id":"http:\/\/poweroflife.dk\/#website"},"primaryImageOfPage":{"@id":"http:\/\/poweroflife.dk\/?page_id=420#primaryimage"},"image":{"@id":"http:\/\/poweroflife.dk\/?page_id=420#primaryimage"},"thumbnailUrl":"http:\/\/poweroflife.dk\/wp-content\/uploads\/2025\/04\/klinik-uden-pude-300x226.jpg","datePublished":"2025-04-06T17:23:46+00:00","dateModified":"2025-04-06T17:52:25+00:00","breadcrumb":{"@id":"http:\/\/poweroflife.dk\/?page_id=420#breadcrumb"},"inLanguage":"da-DK","potentialAction":[{"@type":"ReadAction","target":["http:\/\/poweroflife.dk\/?page_id=420"]}]},{"@type":"ImageObject","inLanguage":"da-DK","@id":"http:\/\/poweroflife.dk\/?page_id=420#primaryimage","url":"http:\/\/poweroflife.dk\/wp-content\/uploads\/2025\/04\/klinik-uden-pude-300x226.jpg","contentUrl":"http:\/\/poweroflife.dk\/wp-content\/uploads\/2025\/04\/klinik-uden-pude-300x226.jpg"},{"@type":"BreadcrumbList","@id":"http:\/\/poweroflife.dk\/?page_id=420#breadcrumb","itemListElement":[{"@type":"ListItem","position":1,"name":"Hjem","item":"http:\/\/poweroflife.dk\/"},{"@type":"ListItem","position":2,"name":"2 eller 4 dages Retreat"}]},{"@type":"WebSite","@id":"http:\/\/poweroflife.dk\/#website","url":"http:\/\/poweroflife.dk\/","name":"Power of life","description":"Livsenergi, som hj\u00e6lper din krop, sind og sj\u00e6l med at kommer i balance","publisher":{"@id":"http:\/\/poweroflife.dk\/#organization"},"potentialAction":[{"@type":"SearchAction","target":{"@type":"EntryPoint","urlTemplate":"http:\/\/poweroflife.dk\/?s={search_term_string}"},"query-input":{"@type":"PropertyValueSpecification","valueRequired":true,"valueName":"search_term_string"}}],"inLanguage":"da-DK"},{"@type":"Organization","@id":"http:\/\/poweroflife.dk\/#organization","name":"Power of life","url":"http:\/\/poweroflife.dk\/","logo":{"@type":"ImageObject","inLanguage":"da-DK","@id":"http:\/\/poweroflife.dk\/#\/schema\/logo\/image\/","url":"https:\/\/poweroflife.dk\/wp-content\/uploads\/2019\/03\/cropped-Udklip-e1554031735995-1.jpg","contentUrl":"https:\/\/poweroflife.dk\/wp-content\/uploads\/2019\/03\/cropped-Udklip-e1554031735995-1.jpg","width":240,"height":57,"caption":"Power of life"},"image":{"@id":"http:\/\/poweroflife.dk\/#\/schema\/logo\/image\/"}}]}},"_links":{"self":[{"href":"https:\/\/poweroflife.dk\/index.php?rest_route=\/wp\/v2\/pages\/420","targetHints":{"allow":["GET"]}}],"collection":[{"href":"https:\/\/poweroflife.dk\/index.php?rest_route=\/wp\/v2\/pages"}],"about":[{"href":"https:\/\/poweroflife.dk\/index.php?rest_route=\/wp\/v2\/types\/page"}],"author":[{"embeddable":true,"href":"https:\/\/poweroflife.dk\/index.php?rest_route=\/wp\/v2\/users\/1"}],"replies":[{"embeddable":true,"href":"https:\/\/poweroflife.dk\/index.php?rest_route=%2Fwp%2Fv2%2Fcomments&post=420"}],"version-history":[{"count":2,"href":"https:\/\/poweroflife.dk\/index.php?rest_route=\/wp\/v2\/pages\/420\/revisions"}],"predecessor-version":[{"id":436,"href":"https:\/\/poweroflife.dk\/index.php?rest_route=\/wp\/v2\/pages\/420\/revisions\/436"}],"wp:attachment":[{"href":"https:\/\/poweroflife.dk\/index.php?rest_route=%2Fwp%2Fv2%2Fmedia&parent=420"}],"curies":[{"name":"wp","href":"https:\/\/api.w.org\/{rel}","templated":true}]}}