{"id":411,"date":"2025-03-30T14:12:24","date_gmt":"2025-03-30T12:12:24","guid":{"rendered":"https:\/\/poweroflife.dk\/?page_id=411"},"modified":"2025-04-06T19:58:16","modified_gmt":"2025-04-06T17:58:16","slug":"retreat","status":"publish","type":"page","link":"https:\/\/poweroflife.dk\/?page_id=411","title":{"rendered":"Retreat"},"content":{"rendered":"\n<p><\/p>\n\n\n\n<p><\/p>\n\n\n<ul>\n<li>Tr\u00e6nger du til at g\u00f8re noget godt for dig selv?<\/li>\n<li>Har du v\u00e6ret igennem en h\u00e5rd periode og tr\u00e6nger til at komme i balance igen?<\/li>\n<li>St\u00e5r du stille og tr\u00e6nger til et boost, for at komme videre?<\/li>\n<\/ul>\n<p>S\u00e5 er et Retreat hos <strong>Power Of Life<\/strong> det du har brug for.<\/p>\n<p>\u00a0<\/p>\n<p><strong>2 eller 4 dages Retreat<\/strong><\/p>\n<p>Det er 2 eller 4 dage hvor du s\u00e6tter dig selv i centrum. En pause fra hverdagens forpligtigelser \u2013 ro og fordybelse.<img loading=\"lazy\" decoding=\"async\" class=\"size-medium wp-image-418 alignright\" src=\"http:\/\/poweroflife.dk\/wp-content\/uploads\/2025\/04\/morgen-225x300.jpg\" alt=\"\" width=\"225\" height=\"300\" srcset=\"https:\/\/poweroflife.dk\/wp-content\/uploads\/2025\/04\/morgen-225x300.jpg 225w, https:\/\/poweroflife.dk\/wp-content\/uploads\/2025\/04\/morgen-768x1024.jpg 768w, https:\/\/poweroflife.dk\/wp-content\/uploads\/2025\/04\/morgen-1152x1536.jpg 1152w, https:\/\/poweroflife.dk\/wp-content\/uploads\/2025\/04\/morgen-1536x2048.jpg 1536w, https:\/\/poweroflife.dk\/wp-content\/uploads\/2025\/04\/morgen-1200x1600.jpg 1200w, https:\/\/poweroflife.dk\/wp-content\/uploads\/2025\/04\/morgen-scaled.jpg 1920w\" sizes=\"auto, (max-width: 225px) 85vw, 225px\" \/> <br \/>Her arbejder vi m\u00e5lrettet med det, der fylder for dig. Vi har fokus p\u00e5 at l\u00f8sne de blokeringer der kan v\u00e6re, og skabe udvikling m.v., s\u00e5 du kan komme i bedre fysisk og mental balance. \u00a0Du f\u00e5r v\u00e6rkt\u00f8jer med dig, s\u00e5 du har mulighed for at forts\u00e6tte arbejde videre med processen.<\/p>\n<p>Nedenst\u00e5ende behandlinger er dem vi tager udgangspunkt i, under dine sessions:<\/p>\n<p><strong>Access Bars<\/strong> behandlingen bruges, n\u00e5r du har nogle overbevisninger der fylder og pr\u00e6ger dit liv.<br \/><strong>Sj\u00e6lshealing<\/strong> hj\u00e6lper dig med at slippe f\u00f8lelser der ikke gavner dig, kan l\u00f8sne fysisk smerte.<br \/><strong>Healing<\/strong> balancerer din krop og skaber flow i dit energisystem.<br \/><strong>Energimassage<\/strong> f\u00e5r din krop og energisystem til at slappe af og give slip p\u00e5 det der ikke gavner dig.<\/p>\n<p>Brug tiden mellem sessions, til at lade behandlingerne bundf\u00e6lde sig. M\u00e5ske g\u00e5ture og nyde naturen i omr\u00e5det, eller lige uden for din terrassed\u00f8r. Brug dagene p\u00e5 noget der g\u00f8r dig godt, noget der lader dig op med ny energi.<br \/>Eventuelt en god bog, skrive, v\u00e6re kreativ, fordybe sig, eller bare \u201dat v\u00e6re\u201d.<\/p>\n<p><strong>Indkvartering<\/strong>\u00a0<br \/>Du ankommer om eftermiddagen, hvor du bliver indkvarteret i vores lille ferielejlighed, som du f\u00e5r helt for dig selv. Derefter l\u00e6gger vi i f\u00e6llesskab en plan for dit ophold og skr\u00e6ddersyr det til dig, helt personligt. Hvis du \u00f8nsker at blive guidet i en meditation eller \u201dwalk and talk\u201d, s\u00e5 kan det indg\u00e5 i dit ophold.<\/p>\n<p><img loading=\"lazy\" decoding=\"async\" class=\"size-medium wp-image-417 alignleft\" src=\"http:\/\/poweroflife.dk\/wp-content\/uploads\/2025\/04\/lejlighedstue-226x300.jpg\" alt=\"\" width=\"226\" height=\"300\" srcset=\"https:\/\/poweroflife.dk\/wp-content\/uploads\/2025\/04\/lejlighedstue-226x300.jpg 226w, https:\/\/poweroflife.dk\/wp-content\/uploads\/2025\/04\/lejlighedstue-771x1024.jpg 771w, https:\/\/poweroflife.dk\/wp-content\/uploads\/2025\/04\/lejlighedstue-768x1020.jpg 768w, https:\/\/poweroflife.dk\/wp-content\/uploads\/2025\/04\/lejlighedstue-1157x1536.jpg 1157w, https:\/\/poweroflife.dk\/wp-content\/uploads\/2025\/04\/lejlighedstue-1542x2048.jpg 1542w, https:\/\/poweroflife.dk\/wp-content\/uploads\/2025\/04\/lejlighedstue-1200x1594.jpg 1200w, https:\/\/poweroflife.dk\/wp-content\/uploads\/2025\/04\/lejlighedstue-scaled.jpg 1928w\" sizes=\"auto, (max-width: 226px) 85vw, 226px\" \/><\/p>\n<p>Ferielejligheden ligger i den ene l\u00e6nge p\u00e5 vores ejendom, med udsigt over Skjern Enge og \u00c5dal.<br \/>Der er egen indgang med badev\u00e6relse og et opholdsrum, med et veludrustet tek\u00f8kken, hvor der kan laves mad, samt en seng. <br \/>Sengelinned, h\u00e5ndkl\u00e6der, viskestykke m.v., samt slutreng\u00f8ring er inkluderet i prisen.<\/p>\n<p><strong>Du skal kun medbringe mad\/drikke.<\/strong><\/p>\n<p>Se prisen under <a href=\"https:\/\/poweroflife.dk\/?page_id=101\"><strong>Priser<\/strong><\/a><\/p>\n\n\n<p><\/p>\n","protected":false},"excerpt":{"rendered":"<p>Tr\u00e6nger du til at g\u00f8re noget godt for dig selv? Har du v\u00e6ret igennem en h\u00e5rd periode og tr\u00e6nger til at komme i balance igen? St\u00e5r du stille og tr\u00e6nger til et boost, for at komme videre? S\u00e5 er et Retreat hos Power Of Life det du har brug for. \u00a0 2 eller 4 dages &hellip; <a href=\"https:\/\/poweroflife.dk\/?page_id=411\" class=\"more-link\">L\u00e6s videre<span class=\"screen-reader-text\"> &#8220;Retreat&#8221;<\/span><\/a><\/p>\n","protected":false},"author":1,"featured_media":0,"parent":0,"menu_order":0,"comment_status":"closed","ping_status":"closed","template":"","meta":{"footnotes":""},"class_list":["post-411","page","type-page","status-publish","hentry"],"yoast_head":"<!-- This site is optimized with the Yoast SEO plugin v25.5 - https:\/\/yoast.com\/wordpress\/plugins\/seo\/ -->\n<title>Retreat -<\/title>\n<meta name=\"robots\" content=\"index, follow, max-snippet:-1, max-image-preview:large, max-video-preview:-1\" \/>\n<link rel=\"canonical\" href=\"http:\/\/poweroflife.dk\/?page_id=411\" \/>\n<meta property=\"og:locale\" content=\"da_DK\" \/>\n<meta property=\"og:type\" content=\"article\" \/>\n<meta property=\"og:title\" content=\"Retreat -\" \/>\n<meta property=\"og:description\" content=\"Tr\u00e6nger du til at g\u00f8re noget godt for dig selv? Har du v\u00e6ret igennem en h\u00e5rd periode og tr\u00e6nger til at komme i balance igen? St\u00e5r du stille og tr\u00e6nger til et boost, for at komme videre? S\u00e5 er et Retreat hos Power Of Life det du har brug for. \u00a0 2 eller 4 dages &hellip; L\u00e6s videre &quot;Retreat&quot;\" \/>\n<meta property=\"og:url\" content=\"http:\/\/poweroflife.dk\/?page_id=411\" \/>\n<meta property=\"article:modified_time\" content=\"2025-04-06T17:58:16+00:00\" \/>\n<meta property=\"og:image\" content=\"http:\/\/poweroflife.dk\/wp-content\/uploads\/2025\/04\/morgen-225x300.jpg\" \/>\n<meta name=\"twitter:card\" content=\"summary_large_image\" \/>\n<meta name=\"twitter:label1\" content=\"Estimeret l\u00e6setid\" \/>\n\t<meta name=\"twitter:data1\" content=\"3 minutter\" \/>\n<script type=\"application\/ld+json\" class=\"yoast-schema-graph\">{\"@context\":\"https:\/\/schema.org\",\"@graph\":[{\"@type\":\"WebPage\",\"@id\":\"http:\/\/poweroflife.dk\/?page_id=411\",\"url\":\"http:\/\/poweroflife.dk\/?page_id=411\",\"name\":\"Retreat -\",\"isPartOf\":{\"@id\":\"http:\/\/poweroflife.dk\/#website\"},\"primaryImageOfPage\":{\"@id\":\"http:\/\/poweroflife.dk\/?page_id=411#primaryimage\"},\"image\":{\"@id\":\"http:\/\/poweroflife.dk\/?page_id=411#primaryimage\"},\"thumbnailUrl\":\"http:\/\/poweroflife.dk\/wp-content\/uploads\/2025\/04\/morgen-225x300.jpg\",\"datePublished\":\"2025-03-30T12:12:24+00:00\",\"dateModified\":\"2025-04-06T17:58:16+00:00\",\"breadcrumb\":{\"@id\":\"http:\/\/poweroflife.dk\/?page_id=411#breadcrumb\"},\"inLanguage\":\"da-DK\",\"potentialAction\":[{\"@type\":\"ReadAction\",\"target\":[\"http:\/\/poweroflife.dk\/?page_id=411\"]}]},{\"@type\":\"ImageObject\",\"inLanguage\":\"da-DK\",\"@id\":\"http:\/\/poweroflife.dk\/?page_id=411#primaryimage\",\"url\":\"http:\/\/poweroflife.dk\/wp-content\/uploads\/2025\/04\/morgen-225x300.jpg\",\"contentUrl\":\"http:\/\/poweroflife.dk\/wp-content\/uploads\/2025\/04\/morgen-225x300.jpg\"},{\"@type\":\"BreadcrumbList\",\"@id\":\"http:\/\/poweroflife.dk\/?page_id=411#breadcrumb\",\"itemListElement\":[{\"@type\":\"ListItem\",\"position\":1,\"name\":\"Hjem\",\"item\":\"http:\/\/poweroflife.dk\/\"},{\"@type\":\"ListItem\",\"position\":2,\"name\":\"Retreat\"}]},{\"@type\":\"WebSite\",\"@id\":\"http:\/\/poweroflife.dk\/#website\",\"url\":\"http:\/\/poweroflife.dk\/\",\"name\":\"Power of life\",\"description\":\"Livsenergi, som hj\u00e6lper din krop, sind og sj\u00e6l med at kommer i balance\",\"publisher\":{\"@id\":\"http:\/\/poweroflife.dk\/#organization\"},\"potentialAction\":[{\"@type\":\"SearchAction\",\"target\":{\"@type\":\"EntryPoint\",\"urlTemplate\":\"http:\/\/poweroflife.dk\/?s={search_term_string}\"},\"query-input\":{\"@type\":\"PropertyValueSpecification\",\"valueRequired\":true,\"valueName\":\"search_term_string\"}}],\"inLanguage\":\"da-DK\"},{\"@type\":\"Organization\",\"@id\":\"http:\/\/poweroflife.dk\/#organization\",\"name\":\"Power of life\",\"url\":\"http:\/\/poweroflife.dk\/\",\"logo\":{\"@type\":\"ImageObject\",\"inLanguage\":\"da-DK\",\"@id\":\"http:\/\/poweroflife.dk\/#\/schema\/logo\/image\/\",\"url\":\"https:\/\/poweroflife.dk\/wp-content\/uploads\/2019\/03\/cropped-Udklip-e1554031735995-1.jpg\",\"contentUrl\":\"https:\/\/poweroflife.dk\/wp-content\/uploads\/2019\/03\/cropped-Udklip-e1554031735995-1.jpg\",\"width\":240,\"height\":57,\"caption\":\"Power of life\"},\"image\":{\"@id\":\"http:\/\/poweroflife.dk\/#\/schema\/logo\/image\/\"}}]}<\/script>\n<!-- \/ Yoast SEO plugin. -->","yoast_head_json":{"title":"Retreat -","robots":{"index":"index","follow":"follow","max-snippet":"max-snippet:-1","max-image-preview":"max-image-preview:large","max-video-preview":"max-video-preview:-1"},"canonical":"http:\/\/poweroflife.dk\/?page_id=411","og_locale":"da_DK","og_type":"article","og_title":"Retreat -","og_description":"Tr\u00e6nger du til at g\u00f8re noget godt for dig selv? Har du v\u00e6ret igennem en h\u00e5rd periode og tr\u00e6nger til at komme i balance igen? St\u00e5r du stille og tr\u00e6nger til et boost, for at komme videre? S\u00e5 er et Retreat hos Power Of Life det du har brug for. \u00a0 2 eller 4 dages &hellip; L\u00e6s videre \"Retreat\"","og_url":"http:\/\/poweroflife.dk\/?page_id=411","article_modified_time":"2025-04-06T17:58:16+00:00","og_image":[{"url":"http:\/\/poweroflife.dk\/wp-content\/uploads\/2025\/04\/morgen-225x300.jpg","type":"","width":"","height":""}],"twitter_card":"summary_large_image","twitter_misc":{"Estimeret l\u00e6setid":"3 minutter"},"schema":{"@context":"https:\/\/schema.org","@graph":[{"@type":"WebPage","@id":"http:\/\/poweroflife.dk\/?page_id=411","url":"http:\/\/poweroflife.dk\/?page_id=411","name":"Retreat -","isPartOf":{"@id":"http:\/\/poweroflife.dk\/#website"},"primaryImageOfPage":{"@id":"http:\/\/poweroflife.dk\/?page_id=411#primaryimage"},"image":{"@id":"http:\/\/poweroflife.dk\/?page_id=411#primaryimage"},"thumbnailUrl":"http:\/\/poweroflife.dk\/wp-content\/uploads\/2025\/04\/morgen-225x300.jpg","datePublished":"2025-03-30T12:12:24+00:00","dateModified":"2025-04-06T17:58:16+00:00","breadcrumb":{"@id":"http:\/\/poweroflife.dk\/?page_id=411#breadcrumb"},"inLanguage":"da-DK","potentialAction":[{"@type":"ReadAction","target":["http:\/\/poweroflife.dk\/?page_id=411"]}]},{"@type":"ImageObject","inLanguage":"da-DK","@id":"http:\/\/poweroflife.dk\/?page_id=411#primaryimage","url":"http:\/\/poweroflife.dk\/wp-content\/uploads\/2025\/04\/morgen-225x300.jpg","contentUrl":"http:\/\/poweroflife.dk\/wp-content\/uploads\/2025\/04\/morgen-225x300.jpg"},{"@type":"BreadcrumbList","@id":"http:\/\/poweroflife.dk\/?page_id=411#breadcrumb","itemListElement":[{"@type":"ListItem","position":1,"name":"Hjem","item":"http:\/\/poweroflife.dk\/"},{"@type":"ListItem","position":2,"name":"Retreat"}]},{"@type":"WebSite","@id":"http:\/\/poweroflife.dk\/#website","url":"http:\/\/poweroflife.dk\/","name":"Power of life","description":"Livsenergi, som hj\u00e6lper din krop, sind og sj\u00e6l med at kommer i balance","publisher":{"@id":"http:\/\/poweroflife.dk\/#organization"},"potentialAction":[{"@type":"SearchAction","target":{"@type":"EntryPoint","urlTemplate":"http:\/\/poweroflife.dk\/?s={search_term_string}"},"query-input":{"@type":"PropertyValueSpecification","valueRequired":true,"valueName":"search_term_string"}}],"inLanguage":"da-DK"},{"@type":"Organization","@id":"http:\/\/poweroflife.dk\/#organization","name":"Power of life","url":"http:\/\/poweroflife.dk\/","logo":{"@type":"ImageObject","inLanguage":"da-DK","@id":"http:\/\/poweroflife.dk\/#\/schema\/logo\/image\/","url":"https:\/\/poweroflife.dk\/wp-content\/uploads\/2019\/03\/cropped-Udklip-e1554031735995-1.jpg","contentUrl":"https:\/\/poweroflife.dk\/wp-content\/uploads\/2019\/03\/cropped-Udklip-e1554031735995-1.jpg","width":240,"height":57,"caption":"Power of life"},"image":{"@id":"http:\/\/poweroflife.dk\/#\/schema\/logo\/image\/"}}]}},"_links":{"self":[{"href":"https:\/\/poweroflife.dk\/index.php?rest_route=\/wp\/v2\/pages\/411","targetHints":{"allow":["GET"]}}],"collection":[{"href":"https:\/\/poweroflife.dk\/index.php?rest_route=\/wp\/v2\/pages"}],"about":[{"href":"https:\/\/poweroflife.dk\/index.php?rest_route=\/wp\/v2\/types\/page"}],"author":[{"embeddable":true,"href":"https:\/\/poweroflife.dk\/index.php?rest_route=\/wp\/v2\/users\/1"}],"replies":[{"embeddable":true,"href":"https:\/\/poweroflife.dk\/index.php?rest_route=%2Fwp%2Fv2%2Fcomments&post=411"}],"version-history":[{"count":5,"href":"https:\/\/poweroflife.dk\/index.php?rest_route=\/wp\/v2\/pages\/411\/revisions"}],"predecessor-version":[{"id":438,"href":"https:\/\/poweroflife.dk\/index.php?rest_route=\/wp\/v2\/pages\/411\/revisions\/438"}],"wp:attachment":[{"href":"https:\/\/poweroflife.dk\/index.php?rest_route=%2Fwp%2Fv2%2Fmedia&parent=411"}],"curies":[{"name":"wp","href":"https:\/\/api.w.org\/{rel}","templated":true}]}}