{"id":36,"date":"2018-04-27T13:09:48","date_gmt":"2018-04-27T11:09:48","guid":{"rendered":"http:\/\/poweroflife.dk\/?page_id=36"},"modified":"2019-12-28T15:24:35","modified_gmt":"2019-12-28T14:24:35","slug":"kontakt","status":"publish","type":"page","link":"https:\/\/poweroflife.dk\/?page_id=36","title":{"rendered":"Kontakt"},"content":{"rendered":"<p>N\u00e5r du ankommer, er du meget velkommen til at g\u00e5 lige ind i gangen.<\/p>\n<p>Der er en knag, hvor du kan h\u00e6nge dit overt\u00f8j og jeg vil bede dig om at tage dine sko af. Der st\u00e5r en kurv med nogle hjemmesko, som du er meget velkommen til at benytte.<br \/>\nDer er ogs\u00e5 et toilet, hvis du har behov for det.<\/p>\n<p>S\u00e5 kom bare ind og tag plads i gangen, s\u00e5 kommer jeg ud til dig, n\u00e5r jeg er klar.<\/p>\n<p><img loading=\"lazy\" decoding=\"async\" class=\"size-medium wp-image-153 alignleft\" src=\"http:\/\/poweroflife.dk\/wp-content\/uploads\/2018\/04\/20180429_112633_resized-300x169.jpg\" alt=\"\" width=\"300\" height=\"169\" \/><\/p>\n<p>&nbsp;<\/p>\n<p>&nbsp;<\/p>\n<p>&nbsp;<\/p>\n<p>&nbsp;<\/p>\n<p>&nbsp;<\/p>\n<p><strong>Du\u00a0er<\/strong><strong> velkommen til at <\/strong><strong>kontakte mig for mere information.<\/strong><\/p>\n\n<div class=\"wpcf7 no-js\" id=\"wpcf7-f67-o1\" lang=\"da-DK\" dir=\"ltr\" data-wpcf7-id=\"67\">\n<div class=\"screen-reader-response\"><p role=\"status\" aria-live=\"polite\" aria-atomic=\"true\"><\/p> <ul><\/ul><\/div>\n<form action=\"\/index.php?rest_route=%2Fwp%2Fv2%2Fpages%2F36#wpcf7-f67-o1\" method=\"post\" class=\"wpcf7-form init\" aria-label=\"Kontaktformular\" novalidate=\"novalidate\" data-status=\"init\">\n<fieldset class=\"hidden-fields-container\"><input type=\"hidden\" name=\"_wpcf7\" value=\"67\" \/><input type=\"hidden\" name=\"_wpcf7_version\" value=\"6.1\" \/><input type=\"hidden\" name=\"_wpcf7_locale\" value=\"da_DK\" \/><input type=\"hidden\" name=\"_wpcf7_unit_tag\" value=\"wpcf7-f67-o1\" \/><input type=\"hidden\" name=\"_wpcf7_container_post\" value=\"0\" \/><input type=\"hidden\" name=\"_wpcf7_posted_data_hash\" value=\"\" \/>\n<\/fieldset>\n<p><label> Dit navn (skal udfyldes)<br \/>\n<span class=\"wpcf7-form-control-wrap\" data-name=\"your-name\"><input size=\"40\" maxlength=\"400\" class=\"wpcf7-form-control wpcf7-text wpcf7-validates-as-required\" aria-required=\"true\" aria-invalid=\"false\" value=\"\" type=\"text\" name=\"your-name\" \/><\/span> <\/label>\n<\/p>\n<p><label> Din e-mail (skal udfyldes)<br \/>\n<span class=\"wpcf7-form-control-wrap\" data-name=\"your-email\"><input size=\"40\" maxlength=\"400\" class=\"wpcf7-form-control wpcf7-email wpcf7-validates-as-required wpcf7-text wpcf7-validates-as-email\" aria-required=\"true\" aria-invalid=\"false\" value=\"\" type=\"email\" name=\"your-email\" \/><\/span> <\/label>\n<\/p>\n<p><label> Emne<br \/>\n<span class=\"wpcf7-form-control-wrap\" data-name=\"your-subject\"><input size=\"40\" maxlength=\"400\" class=\"wpcf7-form-control wpcf7-text\" aria-invalid=\"false\" value=\"\" type=\"text\" name=\"your-subject\" \/><\/span> <\/label>\n<\/p>\n<p><label> Din besked<br \/>\n<span class=\"wpcf7-form-control-wrap\" data-name=\"your-message\"><textarea cols=\"40\" rows=\"10\" maxlength=\"2000\" class=\"wpcf7-form-control wpcf7-textarea\" aria-invalid=\"false\" name=\"your-message\"><\/textarea><\/span> <\/label>\n<\/p>\n<p><input class=\"wpcf7-form-control wpcf7-submit has-spinner\" type=\"submit\" value=\"Send\" \/>\n<\/p><p style=\"display: none !important;\" class=\"akismet-fields-container\" data-prefix=\"_wpcf7_ak_\"><label>&#916;<textarea name=\"_wpcf7_ak_hp_textarea\" cols=\"45\" rows=\"8\" maxlength=\"100\"><\/textarea><\/label><input type=\"hidden\" id=\"ak_js_1\" name=\"_wpcf7_ak_js\" value=\"123\"\/><script>document.getElementById( \"ak_js_1\" ).setAttribute( \"value\", ( new Date() ).getTime() );<\/script><\/p><div class=\"wpcf7-response-output\" aria-hidden=\"true\"><\/div>\n<\/form>\n<\/div>\n\n","protected":false},"excerpt":{"rendered":"<p>N\u00e5r du ankommer, er du meget velkommen til at g\u00e5 lige ind i gangen. Der er en knag, hvor du kan h\u00e6nge dit overt\u00f8j og jeg vil bede dig om at tage dine sko af. Der st\u00e5r en kurv med nogle hjemmesko, som du er meget velkommen til at benytte. Der er ogs\u00e5 et toilet, &hellip; <a href=\"https:\/\/poweroflife.dk\/?page_id=36\" class=\"more-link\">L\u00e6s videre<span class=\"screen-reader-text\"> &#8220;Kontakt&#8221;<\/span><\/a><\/p>\n","protected":false},"author":1,"featured_media":0,"parent":0,"menu_order":0,"comment_status":"closed","ping_status":"closed","template":"","meta":{"footnotes":""},"class_list":["post-36","page","type-page","status-publish","hentry"],"yoast_head":"<!-- This site is optimized with the Yoast SEO plugin v25.5 - https:\/\/yoast.com\/wordpress\/plugins\/seo\/ -->\n<title>Kontakt -<\/title>\n<meta name=\"robots\" content=\"index, follow, max-snippet:-1, max-image-preview:large, max-video-preview:-1\" \/>\n<link rel=\"canonical\" href=\"http:\/\/poweroflife.dk\/?page_id=36\" \/>\n<meta property=\"og:locale\" content=\"da_DK\" \/>\n<meta property=\"og:type\" content=\"article\" \/>\n<meta property=\"og:title\" content=\"Kontakt -\" \/>\n<meta property=\"og:description\" content=\"N\u00e5r du ankommer, er du meget velkommen til at g\u00e5 lige ind i gangen. Der er en knag, hvor du kan h\u00e6nge dit overt\u00f8j og jeg vil bede dig om at tage dine sko af. Der st\u00e5r en kurv med nogle hjemmesko, som du er meget velkommen til at benytte. Der er ogs\u00e5 et toilet, &hellip; L\u00e6s videre &quot;Kontakt&quot;\" \/>\n<meta property=\"og:url\" content=\"http:\/\/poweroflife.dk\/?page_id=36\" \/>\n<meta property=\"article:modified_time\" content=\"2019-12-28T14:24:35+00:00\" \/>\n<meta property=\"og:image\" content=\"http:\/\/poweroflife.dk\/wp-content\/uploads\/2018\/04\/20180429_112633_resized-300x169.jpg\" \/>\n<meta name=\"twitter:card\" content=\"summary_large_image\" \/>\n<meta name=\"twitter:label1\" content=\"Estimeret l\u00e6setid\" \/>\n\t<meta name=\"twitter:data1\" content=\"1 minut\" \/>\n<script type=\"application\/ld+json\" class=\"yoast-schema-graph\">{\"@context\":\"https:\/\/schema.org\",\"@graph\":[{\"@type\":\"WebPage\",\"@id\":\"http:\/\/poweroflife.dk\/?page_id=36\",\"url\":\"http:\/\/poweroflife.dk\/?page_id=36\",\"name\":\"Kontakt -\",\"isPartOf\":{\"@id\":\"http:\/\/poweroflife.dk\/#website\"},\"primaryImageOfPage\":{\"@id\":\"http:\/\/poweroflife.dk\/?page_id=36#primaryimage\"},\"image\":{\"@id\":\"http:\/\/poweroflife.dk\/?page_id=36#primaryimage\"},\"thumbnailUrl\":\"http:\/\/poweroflife.dk\/wp-content\/uploads\/2018\/04\/20180429_112633_resized-300x169.jpg\",\"datePublished\":\"2018-04-27T11:09:48+00:00\",\"dateModified\":\"2019-12-28T14:24:35+00:00\",\"breadcrumb\":{\"@id\":\"http:\/\/poweroflife.dk\/?page_id=36#breadcrumb\"},\"inLanguage\":\"da-DK\",\"potentialAction\":[{\"@type\":\"ReadAction\",\"target\":[\"http:\/\/poweroflife.dk\/?page_id=36\"]}]},{\"@type\":\"ImageObject\",\"inLanguage\":\"da-DK\",\"@id\":\"http:\/\/poweroflife.dk\/?page_id=36#primaryimage\",\"url\":\"http:\/\/poweroflife.dk\/wp-content\/uploads\/2018\/04\/20180429_112633_resized-300x169.jpg\",\"contentUrl\":\"http:\/\/poweroflife.dk\/wp-content\/uploads\/2018\/04\/20180429_112633_resized-300x169.jpg\"},{\"@type\":\"BreadcrumbList\",\"@id\":\"http:\/\/poweroflife.dk\/?page_id=36#breadcrumb\",\"itemListElement\":[{\"@type\":\"ListItem\",\"position\":1,\"name\":\"Hjem\",\"item\":\"http:\/\/poweroflife.dk\/\"},{\"@type\":\"ListItem\",\"position\":2,\"name\":\"Kontakt\"}]},{\"@type\":\"WebSite\",\"@id\":\"http:\/\/poweroflife.dk\/#website\",\"url\":\"http:\/\/poweroflife.dk\/\",\"name\":\"Power of life\",\"description\":\"Livsenergi, som hj\u00e6lper din krop, sind og sj\u00e6l med at kommer i balance\",\"publisher\":{\"@id\":\"http:\/\/poweroflife.dk\/#organization\"},\"potentialAction\":[{\"@type\":\"SearchAction\",\"target\":{\"@type\":\"EntryPoint\",\"urlTemplate\":\"http:\/\/poweroflife.dk\/?s={search_term_string}\"},\"query-input\":{\"@type\":\"PropertyValueSpecification\",\"valueRequired\":true,\"valueName\":\"search_term_string\"}}],\"inLanguage\":\"da-DK\"},{\"@type\":\"Organization\",\"@id\":\"http:\/\/poweroflife.dk\/#organization\",\"name\":\"Power of life\",\"url\":\"http:\/\/poweroflife.dk\/\",\"logo\":{\"@type\":\"ImageObject\",\"inLanguage\":\"da-DK\",\"@id\":\"http:\/\/poweroflife.dk\/#\/schema\/logo\/image\/\",\"url\":\"https:\/\/poweroflife.dk\/wp-content\/uploads\/2019\/03\/cropped-Udklip-e1554031735995-1.jpg\",\"contentUrl\":\"https:\/\/poweroflife.dk\/wp-content\/uploads\/2019\/03\/cropped-Udklip-e1554031735995-1.jpg\",\"width\":240,\"height\":57,\"caption\":\"Power of life\"},\"image\":{\"@id\":\"http:\/\/poweroflife.dk\/#\/schema\/logo\/image\/\"}}]}<\/script>\n<!-- \/ Yoast SEO plugin. -->","yoast_head_json":{"title":"Kontakt -","robots":{"index":"index","follow":"follow","max-snippet":"max-snippet:-1","max-image-preview":"max-image-preview:large","max-video-preview":"max-video-preview:-1"},"canonical":"http:\/\/poweroflife.dk\/?page_id=36","og_locale":"da_DK","og_type":"article","og_title":"Kontakt -","og_description":"N\u00e5r du ankommer, er du meget velkommen til at g\u00e5 lige ind i gangen. Der er en knag, hvor du kan h\u00e6nge dit overt\u00f8j og jeg vil bede dig om at tage dine sko af. Der st\u00e5r en kurv med nogle hjemmesko, som du er meget velkommen til at benytte. Der er ogs\u00e5 et toilet, &hellip; L\u00e6s videre \"Kontakt\"","og_url":"http:\/\/poweroflife.dk\/?page_id=36","article_modified_time":"2019-12-28T14:24:35+00:00","og_image":[{"url":"http:\/\/poweroflife.dk\/wp-content\/uploads\/2018\/04\/20180429_112633_resized-300x169.jpg","type":"","width":"","height":""}],"twitter_card":"summary_large_image","twitter_misc":{"Estimeret l\u00e6setid":"1 minut"},"schema":{"@context":"https:\/\/schema.org","@graph":[{"@type":"WebPage","@id":"http:\/\/poweroflife.dk\/?page_id=36","url":"http:\/\/poweroflife.dk\/?page_id=36","name":"Kontakt -","isPartOf":{"@id":"http:\/\/poweroflife.dk\/#website"},"primaryImageOfPage":{"@id":"http:\/\/poweroflife.dk\/?page_id=36#primaryimage"},"image":{"@id":"http:\/\/poweroflife.dk\/?page_id=36#primaryimage"},"thumbnailUrl":"http:\/\/poweroflife.dk\/wp-content\/uploads\/2018\/04\/20180429_112633_resized-300x169.jpg","datePublished":"2018-04-27T11:09:48+00:00","dateModified":"2019-12-28T14:24:35+00:00","breadcrumb":{"@id":"http:\/\/poweroflife.dk\/?page_id=36#breadcrumb"},"inLanguage":"da-DK","potentialAction":[{"@type":"ReadAction","target":["http:\/\/poweroflife.dk\/?page_id=36"]}]},{"@type":"ImageObject","inLanguage":"da-DK","@id":"http:\/\/poweroflife.dk\/?page_id=36#primaryimage","url":"http:\/\/poweroflife.dk\/wp-content\/uploads\/2018\/04\/20180429_112633_resized-300x169.jpg","contentUrl":"http:\/\/poweroflife.dk\/wp-content\/uploads\/2018\/04\/20180429_112633_resized-300x169.jpg"},{"@type":"BreadcrumbList","@id":"http:\/\/poweroflife.dk\/?page_id=36#breadcrumb","itemListElement":[{"@type":"ListItem","position":1,"name":"Hjem","item":"http:\/\/poweroflife.dk\/"},{"@type":"ListItem","position":2,"name":"Kontakt"}]},{"@type":"WebSite","@id":"http:\/\/poweroflife.dk\/#website","url":"http:\/\/poweroflife.dk\/","name":"Power of life","description":"Livsenergi, som hj\u00e6lper din krop, sind og sj\u00e6l med at kommer i balance","publisher":{"@id":"http:\/\/poweroflife.dk\/#organization"},"potentialAction":[{"@type":"SearchAction","target":{"@type":"EntryPoint","urlTemplate":"http:\/\/poweroflife.dk\/?s={search_term_string}"},"query-input":{"@type":"PropertyValueSpecification","valueRequired":true,"valueName":"search_term_string"}}],"inLanguage":"da-DK"},{"@type":"Organization","@id":"http:\/\/poweroflife.dk\/#organization","name":"Power of life","url":"http:\/\/poweroflife.dk\/","logo":{"@type":"ImageObject","inLanguage":"da-DK","@id":"http:\/\/poweroflife.dk\/#\/schema\/logo\/image\/","url":"https:\/\/poweroflife.dk\/wp-content\/uploads\/2019\/03\/cropped-Udklip-e1554031735995-1.jpg","contentUrl":"https:\/\/poweroflife.dk\/wp-content\/uploads\/2019\/03\/cropped-Udklip-e1554031735995-1.jpg","width":240,"height":57,"caption":"Power of life"},"image":{"@id":"http:\/\/poweroflife.dk\/#\/schema\/logo\/image\/"}}]}},"_links":{"self":[{"href":"https:\/\/poweroflife.dk\/index.php?rest_route=\/wp\/v2\/pages\/36","targetHints":{"allow":["GET"]}}],"collection":[{"href":"https:\/\/poweroflife.dk\/index.php?rest_route=\/wp\/v2\/pages"}],"about":[{"href":"https:\/\/poweroflife.dk\/index.php?rest_route=\/wp\/v2\/types\/page"}],"author":[{"embeddable":true,"href":"https:\/\/poweroflife.dk\/index.php?rest_route=\/wp\/v2\/users\/1"}],"replies":[{"embeddable":true,"href":"https:\/\/poweroflife.dk\/index.php?rest_route=%2Fwp%2Fv2%2Fcomments&post=36"}],"version-history":[{"count":15,"href":"https:\/\/poweroflife.dk\/index.php?rest_route=\/wp\/v2\/pages\/36\/revisions"}],"predecessor-version":[{"id":300,"href":"https:\/\/poweroflife.dk\/index.php?rest_route=\/wp\/v2\/pages\/36\/revisions\/300"}],"wp:attachment":[{"href":"https:\/\/poweroflife.dk\/index.php?rest_route=%2Fwp%2Fv2%2Fmedia&parent=36"}],"curies":[{"name":"wp","href":"https:\/\/api.w.org\/{rel}","templated":true}]}}