{"id":35,"date":"2018-04-27T13:09:48","date_gmt":"2018-04-27T11:09:48","guid":{"rendered":"http:\/\/poweroflife.dk\/?page_id=35"},"modified":"2022-03-13T14:28:38","modified_gmt":"2022-03-13T13:28:38","slug":"om","status":"publish","type":"page","link":"https:\/\/poweroflife.dk\/?page_id=35","title":{"rendered":"Om Diana"},"content":{"rendered":"<p>Jeg hedder Diana Bjerre og er f\u00f8dt i Skorpionens tegn i 1973.<img loading=\"lazy\" decoding=\"async\" class=\"size-medium wp-image-366 alignright\" src=\"http:\/\/poweroflife.dk\/wp-content\/uploads\/2022\/03\/20220128_140110-2-169x300.jpg\" alt=\"\" width=\"169\" height=\"300\" srcset=\"https:\/\/poweroflife.dk\/wp-content\/uploads\/2022\/03\/20220128_140110-2-169x300.jpg 169w, https:\/\/poweroflife.dk\/wp-content\/uploads\/2022\/03\/20220128_140110-2-576x1024.jpg 576w, https:\/\/poweroflife.dk\/wp-content\/uploads\/2022\/03\/20220128_140110-2-768x1364.jpg 768w, https:\/\/poweroflife.dk\/wp-content\/uploads\/2022\/03\/20220128_140110-2-865x1536.jpg 865w, https:\/\/poweroflife.dk\/wp-content\/uploads\/2022\/03\/20220128_140110-2-1153x2048.jpg 1153w, https:\/\/poweroflife.dk\/wp-content\/uploads\/2022\/03\/20220128_140110-2-1200x2132.jpg 1200w, https:\/\/poweroflife.dk\/wp-content\/uploads\/2022\/03\/20220128_140110-2-scaled.jpg 1441w\" sizes=\"auto, (max-width: 169px) 85vw, 169px\" \/><\/p>\n<p>Den alternative og spirituelle tankegang, har altid v\u00e6ret helt naturligt for mig, siden jeg var barn. Det giver mig en stor tilfredshed at hj\u00e6lpe andre, med at opn\u00e5 bedre balance i b\u00e5de psyke og den fysisk krop.<br \/>Som 18 \u00e5rig deltog jeg i mit f\u00f8rste healer kursus og har i \u00e5renes l\u00f8b, deltaget i mange forskellige kurser, uddannelser m.v. Bl.a. hos Dortea Uggerh\u00f8j p\u00e5 Fan\u00f8.<br \/>Lidt mere jordn\u00e6rt, er jeg ogs\u00e5 uddannet Businesscoach.<\/p>\n<p>Den livgivende og til tider barske natur man oplever her i Vestjylland, er dejlig energifyldt og livsbekr\u00e6ftende.\u00a0Det er\u00a0i naturen og i samv\u00e6r med dyr, at jeg kobler af og samler ny energi.<\/p>\n\n\n<p><\/p>\n","protected":false},"excerpt":{"rendered":"<p>Jeg hedder Diana Bjerre og er f\u00f8dt i Skorpionens tegn i 1973. Den alternative og spirituelle tankegang, har altid v\u00e6ret helt naturligt for mig, siden jeg var barn. Det giver mig en stor tilfredshed at hj\u00e6lpe andre, med at opn\u00e5 bedre balance i b\u00e5de psyke og den fysisk krop.Som 18 \u00e5rig deltog jeg i mit &hellip; <a href=\"https:\/\/poweroflife.dk\/?page_id=35\" class=\"more-link\">L\u00e6s videre<span class=\"screen-reader-text\"> &#8220;Om Diana&#8221;<\/span><\/a><\/p>\n","protected":false},"author":1,"featured_media":0,"parent":0,"menu_order":0,"comment_status":"closed","ping_status":"closed","template":"","meta":{"footnotes":""},"class_list":["post-35","page","type-page","status-publish","hentry"],"yoast_head":"<!-- This site is optimized with the Yoast SEO plugin v25.5 - https:\/\/yoast.com\/wordpress\/plugins\/seo\/ -->\n<title>Om Diana -<\/title>\n<meta name=\"robots\" content=\"index, follow, max-snippet:-1, max-image-preview:large, max-video-preview:-1\" \/>\n<link rel=\"canonical\" href=\"http:\/\/poweroflife.dk\/?page_id=35\" \/>\n<meta property=\"og:locale\" content=\"da_DK\" \/>\n<meta property=\"og:type\" content=\"article\" \/>\n<meta property=\"og:title\" content=\"Om Diana -\" \/>\n<meta property=\"og:description\" content=\"Jeg hedder Diana Bjerre og er f\u00f8dt i Skorpionens tegn i 1973. Den alternative og spirituelle tankegang, har altid v\u00e6ret helt naturligt for mig, siden jeg var barn. Det giver mig en stor tilfredshed at hj\u00e6lpe andre, med at opn\u00e5 bedre balance i b\u00e5de psyke og den fysisk krop.Som 18 \u00e5rig deltog jeg i mit &hellip; L\u00e6s videre &quot;Om Diana&quot;\" \/>\n<meta property=\"og:url\" content=\"http:\/\/poweroflife.dk\/?page_id=35\" \/>\n<meta property=\"article:modified_time\" content=\"2022-03-13T13:28:38+00:00\" \/>\n<meta property=\"og:image\" content=\"http:\/\/poweroflife.dk\/wp-content\/uploads\/2022\/03\/20220128_140110-2-169x300.jpg\" \/>\n<meta name=\"twitter:card\" content=\"summary_large_image\" \/>\n<meta name=\"twitter:label1\" content=\"Estimeret l\u00e6setid\" \/>\n\t<meta name=\"twitter:data1\" content=\"1 minut\" \/>\n<script type=\"application\/ld+json\" class=\"yoast-schema-graph\">{\"@context\":\"https:\/\/schema.org\",\"@graph\":[{\"@type\":\"WebPage\",\"@id\":\"http:\/\/poweroflife.dk\/?page_id=35\",\"url\":\"http:\/\/poweroflife.dk\/?page_id=35\",\"name\":\"Om Diana -\",\"isPartOf\":{\"@id\":\"http:\/\/poweroflife.dk\/#website\"},\"primaryImageOfPage\":{\"@id\":\"http:\/\/poweroflife.dk\/?page_id=35#primaryimage\"},\"image\":{\"@id\":\"http:\/\/poweroflife.dk\/?page_id=35#primaryimage\"},\"thumbnailUrl\":\"http:\/\/poweroflife.dk\/wp-content\/uploads\/2022\/03\/20220128_140110-2-169x300.jpg\",\"datePublished\":\"2018-04-27T11:09:48+00:00\",\"dateModified\":\"2022-03-13T13:28:38+00:00\",\"breadcrumb\":{\"@id\":\"http:\/\/poweroflife.dk\/?page_id=35#breadcrumb\"},\"inLanguage\":\"da-DK\",\"potentialAction\":[{\"@type\":\"ReadAction\",\"target\":[\"http:\/\/poweroflife.dk\/?page_id=35\"]}]},{\"@type\":\"ImageObject\",\"inLanguage\":\"da-DK\",\"@id\":\"http:\/\/poweroflife.dk\/?page_id=35#primaryimage\",\"url\":\"http:\/\/poweroflife.dk\/wp-content\/uploads\/2022\/03\/20220128_140110-2-169x300.jpg\",\"contentUrl\":\"http:\/\/poweroflife.dk\/wp-content\/uploads\/2022\/03\/20220128_140110-2-169x300.jpg\"},{\"@type\":\"BreadcrumbList\",\"@id\":\"http:\/\/poweroflife.dk\/?page_id=35#breadcrumb\",\"itemListElement\":[{\"@type\":\"ListItem\",\"position\":1,\"name\":\"Hjem\",\"item\":\"http:\/\/poweroflife.dk\/\"},{\"@type\":\"ListItem\",\"position\":2,\"name\":\"Om Diana\"}]},{\"@type\":\"WebSite\",\"@id\":\"http:\/\/poweroflife.dk\/#website\",\"url\":\"http:\/\/poweroflife.dk\/\",\"name\":\"Power of life\",\"description\":\"Livsenergi, som hj\u00e6lper din krop, sind og sj\u00e6l med at kommer i balance\",\"publisher\":{\"@id\":\"http:\/\/poweroflife.dk\/#organization\"},\"potentialAction\":[{\"@type\":\"SearchAction\",\"target\":{\"@type\":\"EntryPoint\",\"urlTemplate\":\"http:\/\/poweroflife.dk\/?s={search_term_string}\"},\"query-input\":{\"@type\":\"PropertyValueSpecification\",\"valueRequired\":true,\"valueName\":\"search_term_string\"}}],\"inLanguage\":\"da-DK\"},{\"@type\":\"Organization\",\"@id\":\"http:\/\/poweroflife.dk\/#organization\",\"name\":\"Power of life\",\"url\":\"http:\/\/poweroflife.dk\/\",\"logo\":{\"@type\":\"ImageObject\",\"inLanguage\":\"da-DK\",\"@id\":\"http:\/\/poweroflife.dk\/#\/schema\/logo\/image\/\",\"url\":\"https:\/\/poweroflife.dk\/wp-content\/uploads\/2019\/03\/cropped-Udklip-e1554031735995-1.jpg\",\"contentUrl\":\"https:\/\/poweroflife.dk\/wp-content\/uploads\/2019\/03\/cropped-Udklip-e1554031735995-1.jpg\",\"width\":240,\"height\":57,\"caption\":\"Power of life\"},\"image\":{\"@id\":\"http:\/\/poweroflife.dk\/#\/schema\/logo\/image\/\"}}]}<\/script>\n<!-- \/ Yoast SEO plugin. -->","yoast_head_json":{"title":"Om Diana -","robots":{"index":"index","follow":"follow","max-snippet":"max-snippet:-1","max-image-preview":"max-image-preview:large","max-video-preview":"max-video-preview:-1"},"canonical":"http:\/\/poweroflife.dk\/?page_id=35","og_locale":"da_DK","og_type":"article","og_title":"Om Diana -","og_description":"Jeg hedder Diana Bjerre og er f\u00f8dt i Skorpionens tegn i 1973. Den alternative og spirituelle tankegang, har altid v\u00e6ret helt naturligt for mig, siden jeg var barn. Det giver mig en stor tilfredshed at hj\u00e6lpe andre, med at opn\u00e5 bedre balance i b\u00e5de psyke og den fysisk krop.Som 18 \u00e5rig deltog jeg i mit &hellip; L\u00e6s videre \"Om Diana\"","og_url":"http:\/\/poweroflife.dk\/?page_id=35","article_modified_time":"2022-03-13T13:28:38+00:00","og_image":[{"url":"http:\/\/poweroflife.dk\/wp-content\/uploads\/2022\/03\/20220128_140110-2-169x300.jpg","type":"","width":"","height":""}],"twitter_card":"summary_large_image","twitter_misc":{"Estimeret l\u00e6setid":"1 minut"},"schema":{"@context":"https:\/\/schema.org","@graph":[{"@type":"WebPage","@id":"http:\/\/poweroflife.dk\/?page_id=35","url":"http:\/\/poweroflife.dk\/?page_id=35","name":"Om Diana -","isPartOf":{"@id":"http:\/\/poweroflife.dk\/#website"},"primaryImageOfPage":{"@id":"http:\/\/poweroflife.dk\/?page_id=35#primaryimage"},"image":{"@id":"http:\/\/poweroflife.dk\/?page_id=35#primaryimage"},"thumbnailUrl":"http:\/\/poweroflife.dk\/wp-content\/uploads\/2022\/03\/20220128_140110-2-169x300.jpg","datePublished":"2018-04-27T11:09:48+00:00","dateModified":"2022-03-13T13:28:38+00:00","breadcrumb":{"@id":"http:\/\/poweroflife.dk\/?page_id=35#breadcrumb"},"inLanguage":"da-DK","potentialAction":[{"@type":"ReadAction","target":["http:\/\/poweroflife.dk\/?page_id=35"]}]},{"@type":"ImageObject","inLanguage":"da-DK","@id":"http:\/\/poweroflife.dk\/?page_id=35#primaryimage","url":"http:\/\/poweroflife.dk\/wp-content\/uploads\/2022\/03\/20220128_140110-2-169x300.jpg","contentUrl":"http:\/\/poweroflife.dk\/wp-content\/uploads\/2022\/03\/20220128_140110-2-169x300.jpg"},{"@type":"BreadcrumbList","@id":"http:\/\/poweroflife.dk\/?page_id=35#breadcrumb","itemListElement":[{"@type":"ListItem","position":1,"name":"Hjem","item":"http:\/\/poweroflife.dk\/"},{"@type":"ListItem","position":2,"name":"Om Diana"}]},{"@type":"WebSite","@id":"http:\/\/poweroflife.dk\/#website","url":"http:\/\/poweroflife.dk\/","name":"Power of life","description":"Livsenergi, som hj\u00e6lper din krop, sind og sj\u00e6l med at kommer i balance","publisher":{"@id":"http:\/\/poweroflife.dk\/#organization"},"potentialAction":[{"@type":"SearchAction","target":{"@type":"EntryPoint","urlTemplate":"http:\/\/poweroflife.dk\/?s={search_term_string}"},"query-input":{"@type":"PropertyValueSpecification","valueRequired":true,"valueName":"search_term_string"}}],"inLanguage":"da-DK"},{"@type":"Organization","@id":"http:\/\/poweroflife.dk\/#organization","name":"Power of life","url":"http:\/\/poweroflife.dk\/","logo":{"@type":"ImageObject","inLanguage":"da-DK","@id":"http:\/\/poweroflife.dk\/#\/schema\/logo\/image\/","url":"https:\/\/poweroflife.dk\/wp-content\/uploads\/2019\/03\/cropped-Udklip-e1554031735995-1.jpg","contentUrl":"https:\/\/poweroflife.dk\/wp-content\/uploads\/2019\/03\/cropped-Udklip-e1554031735995-1.jpg","width":240,"height":57,"caption":"Power of life"},"image":{"@id":"http:\/\/poweroflife.dk\/#\/schema\/logo\/image\/"}}]}},"_links":{"self":[{"href":"https:\/\/poweroflife.dk\/index.php?rest_route=\/wp\/v2\/pages\/35","targetHints":{"allow":["GET"]}}],"collection":[{"href":"https:\/\/poweroflife.dk\/index.php?rest_route=\/wp\/v2\/pages"}],"about":[{"href":"https:\/\/poweroflife.dk\/index.php?rest_route=\/wp\/v2\/types\/page"}],"author":[{"embeddable":true,"href":"https:\/\/poweroflife.dk\/index.php?rest_route=\/wp\/v2\/users\/1"}],"replies":[{"embeddable":true,"href":"https:\/\/poweroflife.dk\/index.php?rest_route=%2Fwp%2Fv2%2Fcomments&post=35"}],"version-history":[{"count":16,"href":"https:\/\/poweroflife.dk\/index.php?rest_route=\/wp\/v2\/pages\/35\/revisions"}],"predecessor-version":[{"id":385,"href":"https:\/\/poweroflife.dk\/index.php?rest_route=\/wp\/v2\/pages\/35\/revisions\/385"}],"wp:attachment":[{"href":"https:\/\/poweroflife.dk\/index.php?rest_route=%2Fwp%2Fv2%2Fmedia&parent=35"}],"curies":[{"name":"wp","href":"https:\/\/api.w.org\/{rel}","templated":true}]}}