{"id":286,"date":"2019-12-20T20:57:05","date_gmt":"2019-12-20T19:57:05","guid":{"rendered":"http:\/\/poweroflife.dk\/?page_id=286"},"modified":"2022-03-13T13:39:25","modified_gmt":"2022-03-13T12:39:25","slug":"access-bars","status":"publish","type":"page","link":"https:\/\/poweroflife.dk\/?page_id=286","title":{"rendered":"Access Bars"},"content":{"rendered":"<p>Access Bars er 32 punkter p\u00e5 hovedet, der ved let ber\u00f8ring stimulerer positive \u00e6ndringer i hjernen. Det er med til at frigive fysiske og mentale blokeringer i kroppen, som hj\u00e6lper dig til at kunne h\u00e5ndtere alle livets forskellige aspekter med st\u00f8rre lethed.<\/p>\n<p>Bars er de 32 punkter p\u00e5 hovedet, hvor du har lagret alle de tanker, id\u00e9er, overbevisninger, f\u00f8lelser og holdninger, som du troede var vigtige igennem alle tider. N\u00e5r du f\u00e5r k\u00f8rt dine Bars, er det som at nulstille dine ubevidste overbevisninger, s\u00e5 dine tanker og f\u00f8lelser har mulighed for at komme frem i en ny r\u00e6kkef\u00f8lge. Du er bevidst om at skabe en ny overbevisning og forholde dig til hvad der er rigtig og forkert for dig. Du f\u00e5r ryddet op i gamle m\u00f8nstre, som styrer dit liv bevidst som ubevidst.<\/p>\n<p>Hjerneb\u00f8lgerne bliver faktisk langsommere, n\u00e5r du f\u00e5r dine bars k\u00f8rt, hvilket giver dig adgang til handlem\u00f8nstre, trossystemer og synspunkter du har haft k\u00f8rende fra din barndom eller fra andre liv. Du begynder faktisk at blive mere n\u00e6rv\u00e6rende i dit liv og fortiden bliver ikke l\u00e6ngere projiceret ind i fremtiden p\u00e5 samme m\u00e5de.<\/p>\n<p><strong>Access Bars kan bl.a. hj\u00e6lpe dig med f\u00f8lgende:<\/strong><\/p>\n<ul>\n<li>St\u00f8rre mental klarhed<\/li>\n<li>Motivation<\/li>\n<li>Markant \u00f8get f\u00f8lelse af lykke og gl\u00e6de<\/li>\n<li>Bedre afslapning<\/li>\n<li>S\u00f8vnl\u00f8shed<\/li>\n<li>Angst og depression<\/li>\n<li>Sundhed og v\u00e6gtstyring<\/li>\n<li>Stress og uro<\/li>\n<li>Migr\u00e6ne<\/li>\n<li>Angstanfald<\/li>\n<li>OCD<\/li>\n<\/ul>\n<p>En Bars behandling tager 1\u00bd time og foreg\u00e5r liggende p\u00e5 briksen, fuldt p\u00e5kl\u00e6dt og med et t\u00e6ppe over dig.<\/p>\n<p>B\u00f8rns energi k\u00f8rer hurtigere og derfor tager en behandling kortere tid, 50 minutter.<\/p>\n","protected":false},"excerpt":{"rendered":"<p>Access Bars er 32 punkter p\u00e5 hovedet, der ved let ber\u00f8ring stimulerer positive \u00e6ndringer i hjernen. Det er med til at frigive fysiske og mentale blokeringer i kroppen, som hj\u00e6lper dig til at kunne h\u00e5ndtere alle livets forskellige aspekter med st\u00f8rre lethed. Bars er de 32 punkter p\u00e5 hovedet, hvor du har lagret alle de &hellip; <a href=\"https:\/\/poweroflife.dk\/?page_id=286\" class=\"more-link\">L\u00e6s videre<span class=\"screen-reader-text\"> &#8220;Access Bars&#8221;<\/span><\/a><\/p>\n","protected":false},"author":1,"featured_media":0,"parent":0,"menu_order":0,"comment_status":"closed","ping_status":"closed","template":"","meta":{"footnotes":""},"class_list":["post-286","page","type-page","status-publish","hentry"],"yoast_head":"<!-- This site is optimized with the Yoast SEO plugin v25.5 - https:\/\/yoast.com\/wordpress\/plugins\/seo\/ -->\n<title>Access Bars -<\/title>\n<meta name=\"robots\" content=\"index, follow, max-snippet:-1, max-image-preview:large, max-video-preview:-1\" \/>\n<link rel=\"canonical\" href=\"https:\/\/poweroflife.dk\/?page_id=286\" \/>\n<meta property=\"og:locale\" content=\"da_DK\" \/>\n<meta property=\"og:type\" content=\"article\" \/>\n<meta property=\"og:title\" content=\"Access Bars -\" \/>\n<meta property=\"og:description\" content=\"Access Bars er 32 punkter p\u00e5 hovedet, der ved let ber\u00f8ring stimulerer positive \u00e6ndringer i hjernen. Det er med til at frigive fysiske og mentale blokeringer i kroppen, som hj\u00e6lper dig til at kunne h\u00e5ndtere alle livets forskellige aspekter med st\u00f8rre lethed. Bars er de 32 punkter p\u00e5 hovedet, hvor du har lagret alle de &hellip; L\u00e6s videre &quot;Access Bars&quot;\" \/>\n<meta property=\"og:url\" content=\"https:\/\/poweroflife.dk\/?page_id=286\" \/>\n<meta property=\"article:modified_time\" content=\"2022-03-13T12:39:25+00:00\" \/>\n<meta name=\"twitter:card\" content=\"summary_large_image\" \/>\n<meta name=\"twitter:label1\" content=\"Estimeret l\u00e6setid\" \/>\n\t<meta name=\"twitter:data1\" content=\"2 minutter\" \/>\n<script type=\"application\/ld+json\" class=\"yoast-schema-graph\">{\"@context\":\"https:\/\/schema.org\",\"@graph\":[{\"@type\":\"WebPage\",\"@id\":\"https:\/\/poweroflife.dk\/?page_id=286\",\"url\":\"https:\/\/poweroflife.dk\/?page_id=286\",\"name\":\"Access Bars -\",\"isPartOf\":{\"@id\":\"http:\/\/poweroflife.dk\/#website\"},\"datePublished\":\"2019-12-20T19:57:05+00:00\",\"dateModified\":\"2022-03-13T12:39:25+00:00\",\"breadcrumb\":{\"@id\":\"https:\/\/poweroflife.dk\/?page_id=286#breadcrumb\"},\"inLanguage\":\"da-DK\",\"potentialAction\":[{\"@type\":\"ReadAction\",\"target\":[\"https:\/\/poweroflife.dk\/?page_id=286\"]}]},{\"@type\":\"BreadcrumbList\",\"@id\":\"https:\/\/poweroflife.dk\/?page_id=286#breadcrumb\",\"itemListElement\":[{\"@type\":\"ListItem\",\"position\":1,\"name\":\"Hjem\",\"item\":\"http:\/\/poweroflife.dk\/\"},{\"@type\":\"ListItem\",\"position\":2,\"name\":\"Access Bars\"}]},{\"@type\":\"WebSite\",\"@id\":\"http:\/\/poweroflife.dk\/#website\",\"url\":\"http:\/\/poweroflife.dk\/\",\"name\":\"Power of life\",\"description\":\"Livsenergi, som hj\u00e6lper din krop, sind og sj\u00e6l med at kommer i balance\",\"publisher\":{\"@id\":\"http:\/\/poweroflife.dk\/#organization\"},\"potentialAction\":[{\"@type\":\"SearchAction\",\"target\":{\"@type\":\"EntryPoint\",\"urlTemplate\":\"http:\/\/poweroflife.dk\/?s={search_term_string}\"},\"query-input\":{\"@type\":\"PropertyValueSpecification\",\"valueRequired\":true,\"valueName\":\"search_term_string\"}}],\"inLanguage\":\"da-DK\"},{\"@type\":\"Organization\",\"@id\":\"http:\/\/poweroflife.dk\/#organization\",\"name\":\"Power of life\",\"url\":\"http:\/\/poweroflife.dk\/\",\"logo\":{\"@type\":\"ImageObject\",\"inLanguage\":\"da-DK\",\"@id\":\"http:\/\/poweroflife.dk\/#\/schema\/logo\/image\/\",\"url\":\"https:\/\/poweroflife.dk\/wp-content\/uploads\/2019\/03\/cropped-Udklip-e1554031735995-1.jpg\",\"contentUrl\":\"https:\/\/poweroflife.dk\/wp-content\/uploads\/2019\/03\/cropped-Udklip-e1554031735995-1.jpg\",\"width\":240,\"height\":57,\"caption\":\"Power of life\"},\"image\":{\"@id\":\"http:\/\/poweroflife.dk\/#\/schema\/logo\/image\/\"}}]}<\/script>\n<!-- \/ Yoast SEO plugin. -->","yoast_head_json":{"title":"Access Bars -","robots":{"index":"index","follow":"follow","max-snippet":"max-snippet:-1","max-image-preview":"max-image-preview:large","max-video-preview":"max-video-preview:-1"},"canonical":"https:\/\/poweroflife.dk\/?page_id=286","og_locale":"da_DK","og_type":"article","og_title":"Access Bars -","og_description":"Access Bars er 32 punkter p\u00e5 hovedet, der ved let ber\u00f8ring stimulerer positive \u00e6ndringer i hjernen. Det er med til at frigive fysiske og mentale blokeringer i kroppen, som hj\u00e6lper dig til at kunne h\u00e5ndtere alle livets forskellige aspekter med st\u00f8rre lethed. Bars er de 32 punkter p\u00e5 hovedet, hvor du har lagret alle de &hellip; L\u00e6s videre \"Access Bars\"","og_url":"https:\/\/poweroflife.dk\/?page_id=286","article_modified_time":"2022-03-13T12:39:25+00:00","twitter_card":"summary_large_image","twitter_misc":{"Estimeret l\u00e6setid":"2 minutter"},"schema":{"@context":"https:\/\/schema.org","@graph":[{"@type":"WebPage","@id":"https:\/\/poweroflife.dk\/?page_id=286","url":"https:\/\/poweroflife.dk\/?page_id=286","name":"Access Bars -","isPartOf":{"@id":"http:\/\/poweroflife.dk\/#website"},"datePublished":"2019-12-20T19:57:05+00:00","dateModified":"2022-03-13T12:39:25+00:00","breadcrumb":{"@id":"https:\/\/poweroflife.dk\/?page_id=286#breadcrumb"},"inLanguage":"da-DK","potentialAction":[{"@type":"ReadAction","target":["https:\/\/poweroflife.dk\/?page_id=286"]}]},{"@type":"BreadcrumbList","@id":"https:\/\/poweroflife.dk\/?page_id=286#breadcrumb","itemListElement":[{"@type":"ListItem","position":1,"name":"Hjem","item":"http:\/\/poweroflife.dk\/"},{"@type":"ListItem","position":2,"name":"Access Bars"}]},{"@type":"WebSite","@id":"http:\/\/poweroflife.dk\/#website","url":"http:\/\/poweroflife.dk\/","name":"Power of life","description":"Livsenergi, som hj\u00e6lper din krop, sind og sj\u00e6l med at kommer i balance","publisher":{"@id":"http:\/\/poweroflife.dk\/#organization"},"potentialAction":[{"@type":"SearchAction","target":{"@type":"EntryPoint","urlTemplate":"http:\/\/poweroflife.dk\/?s={search_term_string}"},"query-input":{"@type":"PropertyValueSpecification","valueRequired":true,"valueName":"search_term_string"}}],"inLanguage":"da-DK"},{"@type":"Organization","@id":"http:\/\/poweroflife.dk\/#organization","name":"Power of life","url":"http:\/\/poweroflife.dk\/","logo":{"@type":"ImageObject","inLanguage":"da-DK","@id":"http:\/\/poweroflife.dk\/#\/schema\/logo\/image\/","url":"https:\/\/poweroflife.dk\/wp-content\/uploads\/2019\/03\/cropped-Udklip-e1554031735995-1.jpg","contentUrl":"https:\/\/poweroflife.dk\/wp-content\/uploads\/2019\/03\/cropped-Udklip-e1554031735995-1.jpg","width":240,"height":57,"caption":"Power of life"},"image":{"@id":"http:\/\/poweroflife.dk\/#\/schema\/logo\/image\/"}}]}},"_links":{"self":[{"href":"https:\/\/poweroflife.dk\/index.php?rest_route=\/wp\/v2\/pages\/286","targetHints":{"allow":["GET"]}}],"collection":[{"href":"https:\/\/poweroflife.dk\/index.php?rest_route=\/wp\/v2\/pages"}],"about":[{"href":"https:\/\/poweroflife.dk\/index.php?rest_route=\/wp\/v2\/types\/page"}],"author":[{"embeddable":true,"href":"https:\/\/poweroflife.dk\/index.php?rest_route=\/wp\/v2\/users\/1"}],"replies":[{"embeddable":true,"href":"https:\/\/poweroflife.dk\/index.php?rest_route=%2Fwp%2Fv2%2Fcomments&post=286"}],"version-history":[{"count":8,"href":"https:\/\/poweroflife.dk\/index.php?rest_route=\/wp\/v2\/pages\/286\/revisions"}],"predecessor-version":[{"id":377,"href":"https:\/\/poweroflife.dk\/index.php?rest_route=\/wp\/v2\/pages\/286\/revisions\/377"}],"wp:attachment":[{"href":"https:\/\/poweroflife.dk\/index.php?rest_route=%2Fwp%2Fv2%2Fmedia&parent=286"}],"curies":[{"name":"wp","href":"https:\/\/api.w.org\/{rel}","templated":true}]}}