{"id":259,"date":"2019-08-22T21:29:50","date_gmt":"2019-08-22T19:29:50","guid":{"rendered":"http:\/\/poweroflife.dk\/?page_id=259"},"modified":"2022-03-13T14:34:34","modified_gmt":"2022-03-13T13:34:34","slug":"sjaelshealing","status":"publish","type":"page","link":"https:\/\/poweroflife.dk\/?page_id=259","title":{"rendered":"Sj\u00e6lshealing"},"content":{"rendered":"<p>Hvad hindrer dig i at v\u00e6re den bedste udgave af dig selv?<\/p>\n<p>Hvad er det for nogle f\u00f8lelser der fylder meget i dit liv lige nu og som begr\u00e6nser dig? Og hvad vil du gerne have i stedet?<\/p>\n<p>Sj\u00e6lshealing skaber forl\u00f8sning og er en m\u00e5de at l\u00f8sne op for blokeringer og f\u00f8lelser der fylder meget i dit liv, s\u00e5 du kan komme mere i balance.<\/p>\n<p><strong>Sj\u00e6lshealing kan hj\u00e6lpe dig, hvis du har:<\/strong><\/p>\n<ul>\n<li>V\u00e6ret ude for en ubehagelig oplevelse, ulykke, traume eller sorg<\/li>\n<li>Oplevet skuffelser og svigt<\/li>\n<li>F\u00f8ler frustration, angst eller bekymring<\/li>\n<li>Har tankemylder eller negative tanker<\/li>\n<li>Noget du gerne vil g\u00f8re anderledes i dit liv<\/li>\n<li>\u00d8nsker at bryde uhensigtsm\u00e6ssige m\u00f8nstre eller din \u201drygs\u00e6k\u201d er blevet fyldt godt op og tr\u00e6nger til at blive t\u00f8mt.<\/li>\n<\/ul>\n<p>Sj\u00e6lshealing er en kombination af samtale og healing, hvor vi arbejder i din underbevidsthed, da den p\u00e5virker din livskvalitet, b\u00e5de psykisk og fysisk.<\/p>\n<p>Du kan med fordel booke en dobbelt session, s\u00e5 vi efter samtalen, hvor du har forl\u00f8st indre sp\u00e6ndinger og blokeringer, f\u00e5 healing eller energi massage p\u00e5 briksen, for at lade kroppen op med fornyet energi.<\/p>\n<p>Der er ikke et \u201dquickfix\u201d, s\u00e5 alt efter hvad du vil arbejde med, kan du have behov for flere sessioner.<\/p>\n","protected":false},"excerpt":{"rendered":"<p>Hvad hindrer dig i at v\u00e6re den bedste udgave af dig selv? Hvad er det for nogle f\u00f8lelser der fylder meget i dit liv lige nu og som begr\u00e6nser dig? Og hvad vil du gerne have i stedet? Sj\u00e6lshealing skaber forl\u00f8sning og er en m\u00e5de at l\u00f8sne op for blokeringer og f\u00f8lelser der fylder meget &hellip; <a href=\"https:\/\/poweroflife.dk\/?page_id=259\" class=\"more-link\">L\u00e6s videre<span class=\"screen-reader-text\"> &#8220;Sj\u00e6lshealing&#8221;<\/span><\/a><\/p>\n","protected":false},"author":1,"featured_media":0,"parent":0,"menu_order":0,"comment_status":"closed","ping_status":"closed","template":"","meta":{"footnotes":""},"class_list":["post-259","page","type-page","status-publish","hentry"],"yoast_head":"<!-- This site is optimized with the Yoast SEO plugin v25.5 - https:\/\/yoast.com\/wordpress\/plugins\/seo\/ -->\n<title>Sj\u00e6lshealing -<\/title>\n<meta name=\"robots\" content=\"index, follow, max-snippet:-1, max-image-preview:large, max-video-preview:-1\" \/>\n<link rel=\"canonical\" href=\"http:\/\/poweroflife.dk\/?page_id=259\" \/>\n<meta property=\"og:locale\" content=\"da_DK\" \/>\n<meta property=\"og:type\" content=\"article\" \/>\n<meta property=\"og:title\" content=\"Sj\u00e6lshealing -\" \/>\n<meta property=\"og:description\" content=\"Hvad hindrer dig i at v\u00e6re den bedste udgave af dig selv? Hvad er det for nogle f\u00f8lelser der fylder meget i dit liv lige nu og som begr\u00e6nser dig? Og hvad vil du gerne have i stedet? Sj\u00e6lshealing skaber forl\u00f8sning og er en m\u00e5de at l\u00f8sne op for blokeringer og f\u00f8lelser der fylder meget &hellip; L\u00e6s videre &quot;Sj\u00e6lshealing&quot;\" \/>\n<meta property=\"og:url\" content=\"http:\/\/poweroflife.dk\/?page_id=259\" \/>\n<meta property=\"article:modified_time\" content=\"2022-03-13T13:34:34+00:00\" \/>\n<meta name=\"twitter:card\" content=\"summary_large_image\" \/>\n<meta name=\"twitter:label1\" content=\"Estimeret l\u00e6setid\" \/>\n\t<meta name=\"twitter:data1\" content=\"1 minut\" \/>\n<script type=\"application\/ld+json\" class=\"yoast-schema-graph\">{\"@context\":\"https:\/\/schema.org\",\"@graph\":[{\"@type\":\"WebPage\",\"@id\":\"http:\/\/poweroflife.dk\/?page_id=259\",\"url\":\"http:\/\/poweroflife.dk\/?page_id=259\",\"name\":\"Sj\u00e6lshealing -\",\"isPartOf\":{\"@id\":\"http:\/\/poweroflife.dk\/#website\"},\"datePublished\":\"2019-08-22T19:29:50+00:00\",\"dateModified\":\"2022-03-13T13:34:34+00:00\",\"breadcrumb\":{\"@id\":\"http:\/\/poweroflife.dk\/?page_id=259#breadcrumb\"},\"inLanguage\":\"da-DK\",\"potentialAction\":[{\"@type\":\"ReadAction\",\"target\":[\"http:\/\/poweroflife.dk\/?page_id=259\"]}]},{\"@type\":\"BreadcrumbList\",\"@id\":\"http:\/\/poweroflife.dk\/?page_id=259#breadcrumb\",\"itemListElement\":[{\"@type\":\"ListItem\",\"position\":1,\"name\":\"Hjem\",\"item\":\"http:\/\/poweroflife.dk\/\"},{\"@type\":\"ListItem\",\"position\":2,\"name\":\"Sj\u00e6lshealing\"}]},{\"@type\":\"WebSite\",\"@id\":\"http:\/\/poweroflife.dk\/#website\",\"url\":\"http:\/\/poweroflife.dk\/\",\"name\":\"Power of life\",\"description\":\"Livsenergi, som hj\u00e6lper din krop, sind og sj\u00e6l med at kommer i balance\",\"publisher\":{\"@id\":\"http:\/\/poweroflife.dk\/#organization\"},\"potentialAction\":[{\"@type\":\"SearchAction\",\"target\":{\"@type\":\"EntryPoint\",\"urlTemplate\":\"http:\/\/poweroflife.dk\/?s={search_term_string}\"},\"query-input\":{\"@type\":\"PropertyValueSpecification\",\"valueRequired\":true,\"valueName\":\"search_term_string\"}}],\"inLanguage\":\"da-DK\"},{\"@type\":\"Organization\",\"@id\":\"http:\/\/poweroflife.dk\/#organization\",\"name\":\"Power of life\",\"url\":\"http:\/\/poweroflife.dk\/\",\"logo\":{\"@type\":\"ImageObject\",\"inLanguage\":\"da-DK\",\"@id\":\"http:\/\/poweroflife.dk\/#\/schema\/logo\/image\/\",\"url\":\"https:\/\/poweroflife.dk\/wp-content\/uploads\/2019\/03\/cropped-Udklip-e1554031735995-1.jpg\",\"contentUrl\":\"https:\/\/poweroflife.dk\/wp-content\/uploads\/2019\/03\/cropped-Udklip-e1554031735995-1.jpg\",\"width\":240,\"height\":57,\"caption\":\"Power of life\"},\"image\":{\"@id\":\"http:\/\/poweroflife.dk\/#\/schema\/logo\/image\/\"}}]}<\/script>\n<!-- \/ Yoast SEO plugin. -->","yoast_head_json":{"title":"Sj\u00e6lshealing -","robots":{"index":"index","follow":"follow","max-snippet":"max-snippet:-1","max-image-preview":"max-image-preview:large","max-video-preview":"max-video-preview:-1"},"canonical":"http:\/\/poweroflife.dk\/?page_id=259","og_locale":"da_DK","og_type":"article","og_title":"Sj\u00e6lshealing -","og_description":"Hvad hindrer dig i at v\u00e6re den bedste udgave af dig selv? Hvad er det for nogle f\u00f8lelser der fylder meget i dit liv lige nu og som begr\u00e6nser dig? Og hvad vil du gerne have i stedet? Sj\u00e6lshealing skaber forl\u00f8sning og er en m\u00e5de at l\u00f8sne op for blokeringer og f\u00f8lelser der fylder meget &hellip; L\u00e6s videre \"Sj\u00e6lshealing\"","og_url":"http:\/\/poweroflife.dk\/?page_id=259","article_modified_time":"2022-03-13T13:34:34+00:00","twitter_card":"summary_large_image","twitter_misc":{"Estimeret l\u00e6setid":"1 minut"},"schema":{"@context":"https:\/\/schema.org","@graph":[{"@type":"WebPage","@id":"http:\/\/poweroflife.dk\/?page_id=259","url":"http:\/\/poweroflife.dk\/?page_id=259","name":"Sj\u00e6lshealing -","isPartOf":{"@id":"http:\/\/poweroflife.dk\/#website"},"datePublished":"2019-08-22T19:29:50+00:00","dateModified":"2022-03-13T13:34:34+00:00","breadcrumb":{"@id":"http:\/\/poweroflife.dk\/?page_id=259#breadcrumb"},"inLanguage":"da-DK","potentialAction":[{"@type":"ReadAction","target":["http:\/\/poweroflife.dk\/?page_id=259"]}]},{"@type":"BreadcrumbList","@id":"http:\/\/poweroflife.dk\/?page_id=259#breadcrumb","itemListElement":[{"@type":"ListItem","position":1,"name":"Hjem","item":"http:\/\/poweroflife.dk\/"},{"@type":"ListItem","position":2,"name":"Sj\u00e6lshealing"}]},{"@type":"WebSite","@id":"http:\/\/poweroflife.dk\/#website","url":"http:\/\/poweroflife.dk\/","name":"Power of life","description":"Livsenergi, som hj\u00e6lper din krop, sind og sj\u00e6l med at kommer i balance","publisher":{"@id":"http:\/\/poweroflife.dk\/#organization"},"potentialAction":[{"@type":"SearchAction","target":{"@type":"EntryPoint","urlTemplate":"http:\/\/poweroflife.dk\/?s={search_term_string}"},"query-input":{"@type":"PropertyValueSpecification","valueRequired":true,"valueName":"search_term_string"}}],"inLanguage":"da-DK"},{"@type":"Organization","@id":"http:\/\/poweroflife.dk\/#organization","name":"Power of life","url":"http:\/\/poweroflife.dk\/","logo":{"@type":"ImageObject","inLanguage":"da-DK","@id":"http:\/\/poweroflife.dk\/#\/schema\/logo\/image\/","url":"https:\/\/poweroflife.dk\/wp-content\/uploads\/2019\/03\/cropped-Udklip-e1554031735995-1.jpg","contentUrl":"https:\/\/poweroflife.dk\/wp-content\/uploads\/2019\/03\/cropped-Udklip-e1554031735995-1.jpg","width":240,"height":57,"caption":"Power of life"},"image":{"@id":"http:\/\/poweroflife.dk\/#\/schema\/logo\/image\/"}}]}},"_links":{"self":[{"href":"https:\/\/poweroflife.dk\/index.php?rest_route=\/wp\/v2\/pages\/259","targetHints":{"allow":["GET"]}}],"collection":[{"href":"https:\/\/poweroflife.dk\/index.php?rest_route=\/wp\/v2\/pages"}],"about":[{"href":"https:\/\/poweroflife.dk\/index.php?rest_route=\/wp\/v2\/types\/page"}],"author":[{"embeddable":true,"href":"https:\/\/poweroflife.dk\/index.php?rest_route=\/wp\/v2\/users\/1"}],"replies":[{"embeddable":true,"href":"https:\/\/poweroflife.dk\/index.php?rest_route=%2Fwp%2Fv2%2Fcomments&post=259"}],"version-history":[{"count":5,"href":"https:\/\/poweroflife.dk\/index.php?rest_route=\/wp\/v2\/pages\/259\/revisions"}],"predecessor-version":[{"id":388,"href":"https:\/\/poweroflife.dk\/index.php?rest_route=\/wp\/v2\/pages\/259\/revisions\/388"}],"wp:attachment":[{"href":"https:\/\/poweroflife.dk\/index.php?rest_route=%2Fwp%2Fv2%2Fmedia&parent=259"}],"curies":[{"name":"wp","href":"https:\/\/api.w.org\/{rel}","templated":true}]}}