{"id":101,"date":"2018-04-28T12:41:02","date_gmt":"2018-04-28T10:41:02","guid":{"rendered":"http:\/\/poweroflife.dk\/?page_id=101"},"modified":"2025-04-13T18:56:58","modified_gmt":"2025-04-13T16:56:58","slug":"priser","status":"publish","type":"page","link":"https:\/\/poweroflife.dk\/?page_id=101","title":{"rendered":"Priser"},"content":{"rendered":"<p><strong><u><img loading=\"lazy\" decoding=\"async\" class=\"size-medium wp-image-238 alignright\" src=\"http:\/\/poweroflife.dk\/wp-content\/uploads\/2019\/01\/IMG_0017-e1547997632520-300x224.jpg\" alt=\"\" width=\"300\" height=\"224\" srcset=\"https:\/\/poweroflife.dk\/wp-content\/uploads\/2019\/01\/IMG_0017-e1547997632520-300x224.jpg 300w, https:\/\/poweroflife.dk\/wp-content\/uploads\/2019\/01\/IMG_0017-e1547997632520-768x574.jpg 768w, https:\/\/poweroflife.dk\/wp-content\/uploads\/2019\/01\/IMG_0017-e1547997632520-1024x765.jpg 1024w\" sizes=\"auto, (max-width: 300px) 85vw, 300px\" \/><\/u><\/strong><strong>Terapeutisk Touch Healing<br \/><\/strong>50 minutter\u00a0\u00a0\u00a0\u00a0\u00a0\u00a0\u00a0\u00a0\u00a0\u00a0\u00a0\u00a0\u00a0\u00a0\u00a0\u00a0\u00a0\u00a0\u00a0\u00a0\u00a0\u00a0\u00a0\u00a0\u00a0\u00a0\u00a0\u00a0\u00a0\u00a0\u00a0\u00a0\u00a0\u00a0\u00a0\u00a0\u00a0\u00a0\u00a0\u00a0\u00a0\u00a0\u00a0\u00a0\u00a0\u00a0\u00a0\u00a0\u00a0\u00a0\u00a0\u00a0\u00a0\u00a0\u00a0\u00a0\u00a0\u00a0\u00a0\u00a0\u00a0 kr. 700,-<\/p>\n<p><strong>Fjernhealing<br \/><\/strong>Vi starter med\u00a0en kort\u00a0telefonsamtale,<br \/>herefter Fjernhealing\u00a0 \u00a0 \u00a0 \u00a0 \u00a0 \u00a0 \u00a0 \u00a0 \u00a0 \u00a0 \u00a0 \u00a0 \u00a0 \u00a0 \u00a0 \u00a0 \u00a0 \u00a0 \u00a0 \u00a0 \u00a0 kr. 700,-<\/p>\n<p><strong>Energimassage med healing<br \/><\/strong>50 minutter\u00a0 \u00a0 \u00a0 \u00a0 \u00a0 \u00a0 \u00a0 \u00a0 \u00a0 \u00a0 \u00a0 \u00a0 \u00a0 \u00a0 \u00a0 \u00a0 \u00a0 \u00a0 \u00a0 \u00a0 \u00a0 \u00a0 \u00a0 \u00a0 \u00a0 \u00a0 \u00a0 \u00a0 \u00a0 \u00a0 \u00a0 kr. 700,-<\/p>\n<p><strong>Sj\u00e6lshealing<\/strong><br \/>50 minutter\u00a0\u00a0\u00a0\u00a0\u00a0\u00a0\u00a0\u00a0\u00a0\u00a0\u00a0\u00a0\u00a0\u00a0\u00a0\u00a0\u00a0\u00a0\u00a0\u00a0\u00a0\u00a0\u00a0\u00a0\u00a0\u00a0\u00a0\u00a0\u00a0\u00a0\u00a0\u00a0\u00a0\u00a0\u00a0\u00a0\u00a0\u00a0\u00a0\u00a0\u00a0\u00a0\u00a0\u00a0\u00a0\u00a0\u00a0\u00a0\u00a0\u00a0\u00a0\u00a0\u00a0\u00a0\u00a0\u00a0\u00a0\u00a0\u00a0\u00a0\u00a0 kr. 700,-<\/p>\n<p><strong>Access Bars<\/strong><br \/>90 minutter \u00a0 \u00a0 \u00a0 \u00a0 \u00a0 \u00a0 \u00a0 \u00a0 \u00a0 \u00a0 \u00a0 \u00a0 \u00a0 \u00a0 \u00a0 \u00a0 \u00a0 \u00a0 \u00a0 \u00a0 \u00a0 \u00a0 \u00a0 \u00a0 \u00a0 \u00a0 \u00a0 \u00a0 \u00a0 \u00a0\u00a0 kr. 800,-<\/p>\n<p>B\u00f8rn til og med 12 \u00e5r<br \/>50 minutter\u00a0 \u00a0 \u00a0 \u00a0 \u00a0 \u00a0 \u00a0 \u00a0 \u00a0 \u00a0 \u00a0 \u00a0 \u00a0 \u00a0 \u00a0 \u00a0 \u00a0 \u00a0 \u00a0 \u00a0 \u00a0 \u00a0 \u00a0 \u00a0 \u00a0 \u00a0 \u00a0 \u00a0 \u00a0 \u00a0 \u00a0 kr. 700,-<\/p>\n<p><strong>Fotometri og Online med dyr\u00a0 \u00a0 \u00a0 \u00a0 \u00a0 \u00a0 \u00a0 \u00a0 \u00a0 \u00a0 \u00a0 \u00a0 \u00a0 <\/strong>kr. 800,-<br \/>Hjemmebes\u00f8g\u00a0 \u00a0 \u00a0 \u00a0 \u00a0 \u00a0 \u00a0 \u00a0 \u00a0 \u00a0 \u00a0 \u00a0 \u00a0 \u00a0 \u00a0 \u00a0 \u00a0 \u00a0 \u00a0 \u00a0 \u00a0 \u00a0 \u00a0 \u00a0 \u00a0 \u00a0 \u00a0 kr. 1.000,-<br \/>+k\u00f8rsel statens takst\u00a0<\/p>\n<p><strong>Retreat<br \/><\/strong>2 dage\u00a0 \u00a0 \u00a0 \u00a0 \u00a0 \u00a0 \u00a0 \u00a0 \u00a0 \u00a0 \u00a0 \u00a0 \u00a0 \u00a0 \u00a0 \u00a0 \u00a0 \u00a0 \u00a0 \u00a0 \u00a0 \u00a0 \u00a0 \u00a0 \u00a0 \u00a0 \u00a0 \u00a0 \u00a0 \u00a0 \u00a0 \u00a0 \u00a0 \u00a0 \u00a0 kr. 4.900,-<br \/>4 dage\u00a0 \u00a0 \u00a0 \u00a0 \u00a0 \u00a0 \u00a0 \u00a0 \u00a0 \u00a0 \u00a0 \u00a0 \u00a0 \u00a0 \u00a0 \u00a0 \u00a0 \u00a0 \u00a0 \u00a0 \u00a0 \u00a0 \u00a0 \u00a0 \u00a0 \u00a0 \u00a0 \u00a0 \u00a0 \u00a0 \u00a0 \u00a0 \u00a0 \u00a0 \u00a0 kr. 6.600,-<\/p>\n<p><span style=\"color: #808080;\">Alle priser er incl. moms<\/span><\/p>\n<p>Der kan betales kontant eller med Mobilpay, ved behandlingen i klinikken.<br \/>Sessions der ikke afholdes fysisk i klinikken, <strong>betales f\u00f8r<\/strong> behandlingen starter. P\u00e5 Mobilpay 40526679 eller p\u00e5 bankoverf\u00f8rsel til konto: Andelskassen 7788 8033758\u00a0<\/p>\n\n\n<p><\/p>\n","protected":false},"excerpt":{"rendered":"<p>Terapeutisk Touch Healing50 minutter\u00a0\u00a0\u00a0\u00a0\u00a0\u00a0\u00a0\u00a0\u00a0\u00a0\u00a0\u00a0\u00a0\u00a0\u00a0\u00a0\u00a0\u00a0\u00a0\u00a0\u00a0\u00a0\u00a0\u00a0\u00a0\u00a0\u00a0\u00a0\u00a0\u00a0\u00a0\u00a0\u00a0\u00a0\u00a0\u00a0\u00a0\u00a0\u00a0\u00a0\u00a0\u00a0\u00a0\u00a0\u00a0\u00a0\u00a0\u00a0\u00a0\u00a0\u00a0\u00a0\u00a0\u00a0\u00a0\u00a0\u00a0\u00a0\u00a0\u00a0\u00a0 kr. 700,- FjernhealingVi starter med\u00a0en kort\u00a0telefonsamtale,herefter Fjernhealing\u00a0 \u00a0 \u00a0 \u00a0 \u00a0 \u00a0 \u00a0 \u00a0 \u00a0 \u00a0 \u00a0 \u00a0 \u00a0 \u00a0 \u00a0 \u00a0 \u00a0 \u00a0 \u00a0 \u00a0 \u00a0 kr. 700,- Energimassage med healing50 minutter\u00a0 \u00a0 \u00a0 \u00a0 \u00a0 \u00a0 \u00a0 \u00a0 \u00a0 \u00a0 \u00a0 \u00a0 \u00a0 \u00a0 \u00a0 \u00a0 \u00a0 \u00a0 \u00a0 &hellip; <a href=\"https:\/\/poweroflife.dk\/?page_id=101\" class=\"more-link\">L\u00e6s videre<span class=\"screen-reader-text\"> &#8220;Priser&#8221;<\/span><\/a><\/p>\n","protected":false},"author":1,"featured_media":0,"parent":0,"menu_order":0,"comment_status":"closed","ping_status":"closed","template":"","meta":{"footnotes":""},"class_list":["post-101","page","type-page","status-publish","hentry"],"yoast_head":"<!-- This site is optimized with the Yoast SEO plugin v25.5 - https:\/\/yoast.com\/wordpress\/plugins\/seo\/ -->\n<title>Priser -<\/title>\n<meta name=\"robots\" content=\"index, follow, max-snippet:-1, max-image-preview:large, max-video-preview:-1\" \/>\n<link rel=\"canonical\" href=\"https:\/\/poweroflife.dk\/?page_id=101\" \/>\n<meta property=\"og:locale\" content=\"da_DK\" \/>\n<meta property=\"og:type\" content=\"article\" \/>\n<meta property=\"og:title\" content=\"Priser -\" \/>\n<meta property=\"og:description\" content=\"Terapeutisk Touch Healing50 minutter\u00a0\u00a0\u00a0\u00a0\u00a0\u00a0\u00a0\u00a0\u00a0\u00a0\u00a0\u00a0\u00a0\u00a0\u00a0\u00a0\u00a0\u00a0\u00a0\u00a0\u00a0\u00a0\u00a0\u00a0\u00a0\u00a0\u00a0\u00a0\u00a0\u00a0\u00a0\u00a0\u00a0\u00a0\u00a0\u00a0\u00a0\u00a0\u00a0\u00a0\u00a0\u00a0\u00a0\u00a0\u00a0\u00a0\u00a0\u00a0\u00a0\u00a0\u00a0\u00a0\u00a0\u00a0\u00a0\u00a0\u00a0\u00a0\u00a0\u00a0\u00a0 kr. 700,- FjernhealingVi starter med\u00a0en kort\u00a0telefonsamtale,herefter Fjernhealing\u00a0 \u00a0 \u00a0 \u00a0 \u00a0 \u00a0 \u00a0 \u00a0 \u00a0 \u00a0 \u00a0 \u00a0 \u00a0 \u00a0 \u00a0 \u00a0 \u00a0 \u00a0 \u00a0 \u00a0 \u00a0 kr. 700,- Energimassage med healing50 minutter\u00a0 \u00a0 \u00a0 \u00a0 \u00a0 \u00a0 \u00a0 \u00a0 \u00a0 \u00a0 \u00a0 \u00a0 \u00a0 \u00a0 \u00a0 \u00a0 \u00a0 \u00a0 \u00a0 &hellip; L\u00e6s videre &quot;Priser&quot;\" \/>\n<meta property=\"og:url\" content=\"https:\/\/poweroflife.dk\/?page_id=101\" \/>\n<meta property=\"article:modified_time\" content=\"2025-04-13T16:56:58+00:00\" \/>\n<meta property=\"og:image\" content=\"http:\/\/poweroflife.dk\/wp-content\/uploads\/2019\/01\/IMG_0017-e1547997632520-300x224.jpg\" \/>\n<meta name=\"twitter:card\" content=\"summary_large_image\" \/>\n<meta name=\"twitter:label1\" content=\"Estimeret l\u00e6setid\" \/>\n\t<meta name=\"twitter:data1\" content=\"1 minut\" \/>\n<script type=\"application\/ld+json\" class=\"yoast-schema-graph\">{\"@context\":\"https:\/\/schema.org\",\"@graph\":[{\"@type\":\"WebPage\",\"@id\":\"https:\/\/poweroflife.dk\/?page_id=101\",\"url\":\"https:\/\/poweroflife.dk\/?page_id=101\",\"name\":\"Priser -\",\"isPartOf\":{\"@id\":\"http:\/\/poweroflife.dk\/#website\"},\"primaryImageOfPage\":{\"@id\":\"https:\/\/poweroflife.dk\/?page_id=101#primaryimage\"},\"image\":{\"@id\":\"https:\/\/poweroflife.dk\/?page_id=101#primaryimage\"},\"thumbnailUrl\":\"http:\/\/poweroflife.dk\/wp-content\/uploads\/2019\/01\/IMG_0017-e1547997632520-300x224.jpg\",\"datePublished\":\"2018-04-28T10:41:02+00:00\",\"dateModified\":\"2025-04-13T16:56:58+00:00\",\"breadcrumb\":{\"@id\":\"https:\/\/poweroflife.dk\/?page_id=101#breadcrumb\"},\"inLanguage\":\"da-DK\",\"potentialAction\":[{\"@type\":\"ReadAction\",\"target\":[\"https:\/\/poweroflife.dk\/?page_id=101\"]}]},{\"@type\":\"ImageObject\",\"inLanguage\":\"da-DK\",\"@id\":\"https:\/\/poweroflife.dk\/?page_id=101#primaryimage\",\"url\":\"https:\/\/poweroflife.dk\/wp-content\/uploads\/2019\/01\/IMG_0017-e1547997632520.jpg\",\"contentUrl\":\"https:\/\/poweroflife.dk\/wp-content\/uploads\/2019\/01\/IMG_0017-e1547997632520.jpg\",\"width\":2592,\"height\":1936},{\"@type\":\"BreadcrumbList\",\"@id\":\"https:\/\/poweroflife.dk\/?page_id=101#breadcrumb\",\"itemListElement\":[{\"@type\":\"ListItem\",\"position\":1,\"name\":\"Hjem\",\"item\":\"http:\/\/poweroflife.dk\/\"},{\"@type\":\"ListItem\",\"position\":2,\"name\":\"Priser\"}]},{\"@type\":\"WebSite\",\"@id\":\"http:\/\/poweroflife.dk\/#website\",\"url\":\"http:\/\/poweroflife.dk\/\",\"name\":\"Power of life\",\"description\":\"Livsenergi, som hj\u00e6lper din krop, sind og sj\u00e6l med at kommer i balance\",\"publisher\":{\"@id\":\"http:\/\/poweroflife.dk\/#organization\"},\"potentialAction\":[{\"@type\":\"SearchAction\",\"target\":{\"@type\":\"EntryPoint\",\"urlTemplate\":\"http:\/\/poweroflife.dk\/?s={search_term_string}\"},\"query-input\":{\"@type\":\"PropertyValueSpecification\",\"valueRequired\":true,\"valueName\":\"search_term_string\"}}],\"inLanguage\":\"da-DK\"},{\"@type\":\"Organization\",\"@id\":\"http:\/\/poweroflife.dk\/#organization\",\"name\":\"Power of life\",\"url\":\"http:\/\/poweroflife.dk\/\",\"logo\":{\"@type\":\"ImageObject\",\"inLanguage\":\"da-DK\",\"@id\":\"http:\/\/poweroflife.dk\/#\/schema\/logo\/image\/\",\"url\":\"https:\/\/poweroflife.dk\/wp-content\/uploads\/2019\/03\/cropped-Udklip-e1554031735995-1.jpg\",\"contentUrl\":\"https:\/\/poweroflife.dk\/wp-content\/uploads\/2019\/03\/cropped-Udklip-e1554031735995-1.jpg\",\"width\":240,\"height\":57,\"caption\":\"Power of life\"},\"image\":{\"@id\":\"http:\/\/poweroflife.dk\/#\/schema\/logo\/image\/\"}}]}<\/script>\n<!-- \/ Yoast SEO plugin. -->","yoast_head_json":{"title":"Priser -","robots":{"index":"index","follow":"follow","max-snippet":"max-snippet:-1","max-image-preview":"max-image-preview:large","max-video-preview":"max-video-preview:-1"},"canonical":"https:\/\/poweroflife.dk\/?page_id=101","og_locale":"da_DK","og_type":"article","og_title":"Priser -","og_description":"Terapeutisk Touch Healing50 minutter\u00a0\u00a0\u00a0\u00a0\u00a0\u00a0\u00a0\u00a0\u00a0\u00a0\u00a0\u00a0\u00a0\u00a0\u00a0\u00a0\u00a0\u00a0\u00a0\u00a0\u00a0\u00a0\u00a0\u00a0\u00a0\u00a0\u00a0\u00a0\u00a0\u00a0\u00a0\u00a0\u00a0\u00a0\u00a0\u00a0\u00a0\u00a0\u00a0\u00a0\u00a0\u00a0\u00a0\u00a0\u00a0\u00a0\u00a0\u00a0\u00a0\u00a0\u00a0\u00a0\u00a0\u00a0\u00a0\u00a0\u00a0\u00a0\u00a0\u00a0\u00a0 kr. 700,- FjernhealingVi starter med\u00a0en kort\u00a0telefonsamtale,herefter Fjernhealing\u00a0 \u00a0 \u00a0 \u00a0 \u00a0 \u00a0 \u00a0 \u00a0 \u00a0 \u00a0 \u00a0 \u00a0 \u00a0 \u00a0 \u00a0 \u00a0 \u00a0 \u00a0 \u00a0 \u00a0 \u00a0 kr. 700,- Energimassage med healing50 minutter\u00a0 \u00a0 \u00a0 \u00a0 \u00a0 \u00a0 \u00a0 \u00a0 \u00a0 \u00a0 \u00a0 \u00a0 \u00a0 \u00a0 \u00a0 \u00a0 \u00a0 \u00a0 \u00a0 &hellip; L\u00e6s videre \"Priser\"","og_url":"https:\/\/poweroflife.dk\/?page_id=101","article_modified_time":"2025-04-13T16:56:58+00:00","og_image":[{"url":"http:\/\/poweroflife.dk\/wp-content\/uploads\/2019\/01\/IMG_0017-e1547997632520-300x224.jpg","type":"","width":"","height":""}],"twitter_card":"summary_large_image","twitter_misc":{"Estimeret l\u00e6setid":"1 minut"},"schema":{"@context":"https:\/\/schema.org","@graph":[{"@type":"WebPage","@id":"https:\/\/poweroflife.dk\/?page_id=101","url":"https:\/\/poweroflife.dk\/?page_id=101","name":"Priser -","isPartOf":{"@id":"http:\/\/poweroflife.dk\/#website"},"primaryImageOfPage":{"@id":"https:\/\/poweroflife.dk\/?page_id=101#primaryimage"},"image":{"@id":"https:\/\/poweroflife.dk\/?page_id=101#primaryimage"},"thumbnailUrl":"http:\/\/poweroflife.dk\/wp-content\/uploads\/2019\/01\/IMG_0017-e1547997632520-300x224.jpg","datePublished":"2018-04-28T10:41:02+00:00","dateModified":"2025-04-13T16:56:58+00:00","breadcrumb":{"@id":"https:\/\/poweroflife.dk\/?page_id=101#breadcrumb"},"inLanguage":"da-DK","potentialAction":[{"@type":"ReadAction","target":["https:\/\/poweroflife.dk\/?page_id=101"]}]},{"@type":"ImageObject","inLanguage":"da-DK","@id":"https:\/\/poweroflife.dk\/?page_id=101#primaryimage","url":"https:\/\/poweroflife.dk\/wp-content\/uploads\/2019\/01\/IMG_0017-e1547997632520.jpg","contentUrl":"https:\/\/poweroflife.dk\/wp-content\/uploads\/2019\/01\/IMG_0017-e1547997632520.jpg","width":2592,"height":1936},{"@type":"BreadcrumbList","@id":"https:\/\/poweroflife.dk\/?page_id=101#breadcrumb","itemListElement":[{"@type":"ListItem","position":1,"name":"Hjem","item":"http:\/\/poweroflife.dk\/"},{"@type":"ListItem","position":2,"name":"Priser"}]},{"@type":"WebSite","@id":"http:\/\/poweroflife.dk\/#website","url":"http:\/\/poweroflife.dk\/","name":"Power of life","description":"Livsenergi, som hj\u00e6lper din krop, sind og sj\u00e6l med at kommer i balance","publisher":{"@id":"http:\/\/poweroflife.dk\/#organization"},"potentialAction":[{"@type":"SearchAction","target":{"@type":"EntryPoint","urlTemplate":"http:\/\/poweroflife.dk\/?s={search_term_string}"},"query-input":{"@type":"PropertyValueSpecification","valueRequired":true,"valueName":"search_term_string"}}],"inLanguage":"da-DK"},{"@type":"Organization","@id":"http:\/\/poweroflife.dk\/#organization","name":"Power of life","url":"http:\/\/poweroflife.dk\/","logo":{"@type":"ImageObject","inLanguage":"da-DK","@id":"http:\/\/poweroflife.dk\/#\/schema\/logo\/image\/","url":"https:\/\/poweroflife.dk\/wp-content\/uploads\/2019\/03\/cropped-Udklip-e1554031735995-1.jpg","contentUrl":"https:\/\/poweroflife.dk\/wp-content\/uploads\/2019\/03\/cropped-Udklip-e1554031735995-1.jpg","width":240,"height":57,"caption":"Power of life"},"image":{"@id":"http:\/\/poweroflife.dk\/#\/schema\/logo\/image\/"}}]}},"_links":{"self":[{"href":"https:\/\/poweroflife.dk\/index.php?rest_route=\/wp\/v2\/pages\/101","targetHints":{"allow":["GET"]}}],"collection":[{"href":"https:\/\/poweroflife.dk\/index.php?rest_route=\/wp\/v2\/pages"}],"about":[{"href":"https:\/\/poweroflife.dk\/index.php?rest_route=\/wp\/v2\/types\/page"}],"author":[{"embeddable":true,"href":"https:\/\/poweroflife.dk\/index.php?rest_route=\/wp\/v2\/users\/1"}],"replies":[{"embeddable":true,"href":"https:\/\/poweroflife.dk\/index.php?rest_route=%2Fwp%2Fv2%2Fcomments&post=101"}],"version-history":[{"count":22,"href":"https:\/\/poweroflife.dk\/index.php?rest_route=\/wp\/v2\/pages\/101\/revisions"}],"predecessor-version":[{"id":487,"href":"https:\/\/poweroflife.dk\/index.php?rest_route=\/wp\/v2\/pages\/101\/revisions\/487"}],"wp:attachment":[{"href":"https:\/\/poweroflife.dk\/index.php?rest_route=%2Fwp%2Fv2%2Fmedia&parent=101"}],"curies":[{"name":"wp","href":"https:\/\/api.w.org\/{rel}","templated":true}]}}